{"id":4158,"date":"2025-03-18T09:22:48","date_gmt":"2025-03-18T09:22:48","guid":{"rendered":"https:\/\/blisspire.eu\/?page_id=4158"},"modified":"2025-04-13T11:21:34","modified_gmt":"2025-04-13T11:21:34","slug":"hiking-el-cadi-moixero-natural-park-in-baga-spain","status":"publish","type":"page","link":"https:\/\/blisspire.eu\/en\/blissjourneys\/active-escapes\/hiking-el-cadi-moixero-natural-park-in-baga-spain\/","title":{"rendered":"Hiking El Cad\u00ed-Moixer\u00f3 Natural Park in Bag\u00e1, Spain"},"content":{"rendered":"\t\t<div data-elementor-type=\"wp-page\" data-elementor-id=\"4158\" class=\"elementor elementor-4158\" data-elementor-post-type=\"page\">\n\t\t\t\t<div class=\"elementor-element elementor-element-e9a0cba e-flex e-con-boxed e-con e-parent\" data-id=\"e9a0cba\" data-element_type=\"container\" data-e-type=\"container\">\n\t\t\t\t\t<div class=\"e-con-inner\">\n\t\t\t\t<div class=\"elementor-element elementor-element-b503a05 elementor-widget elementor-widget-heading\" data-id=\"b503a05\" data-element_type=\"widget\" data-e-type=\"widget\" data-widget_type=\"heading.default\">\n\t\t\t\t<div class=\"elementor-widget-container\">\n\t\t\t\t\t<h2 class=\"elementor-heading-title elementor-size-default\">Hiking El Cad\u00ed-Moixer\u00f3 Natural Park in Bag\u00e1, Spain<\/h2>\t\t\t\t<\/div>\n\t\t\t\t<\/div>\n\t\t\t\t<div class=\"elementor-element elementor-element-e5f06d9 elementor-widget elementor-widget-heading\" data-id=\"e5f06d9\" data-element_type=\"widget\" data-e-type=\"widget\" data-widget_type=\"heading.default\">\n\t\t\t\t<div class=\"elementor-widget-container\">\n\t\t\t\t\t<h2 class=\"elementor-heading-title elementor-size-default\">A journey through the wild heart of Catalonia<\/h2>\t\t\t\t<\/div>\n\t\t\t\t<\/div>\n\t\t\t\t\t<\/div>\n\t\t\t\t<\/div>\n\t\t<div class=\"elementor-element elementor-element-4fe6bb4 e-flex e-con-boxed e-con e-parent\" data-id=\"4fe6bb4\" data-element_type=\"container\" data-e-type=\"container\">\n\t\t\t\t\t<div class=\"e-con-inner\">\n\t\t\t\t<div class=\"elementor-element elementor-element-b7f6c0e elementor-widget elementor-widget-text-editor\" data-id=\"b7f6c0e\" data-element_type=\"widget\" data-e-type=\"widget\" data-widget_type=\"text-editor.default\">\n\t\t\t\t<div class=\"elementor-widget-container\">\n\t\t\t\t\t\t\t\t\t<p>Embark on an unforgettable adventure through <strong>El Cad\u00ed-Moixer\u00f3<\/strong>, one of the most spectacular natural reserves in Spain, located near the picturesque village of <strong>Bag\u00e1<\/strong>. Here, nature reveals itself in its most authentic form \u2013 with dense forests, steep ridges, crystal-clear springs, and winding trails that lead through rocky terrain and alpine meadows.<\/p><p><strong>\u00a0<\/strong><\/p><p><strong>What awaits you:<\/strong><\/p><ul><li><strong>Varied trails<\/strong> \u2013 from gentle forest walks to breathtaking ascents with panoramic views of the Pyrenees.<\/li><li><strong>Fresh air and deep tranquility<\/strong>, far from the hustle and bustle of the city.<\/li><li><strong>Wild flora and fauna<\/strong> \u2013 including chamois, eagles, and an incredible diversity of mountain plants.<\/li><li><strong>A deep connection with nature<\/strong>, in a place where time seems to slow down and your breath grows deeper.<\/li><\/ul><p>Whether you&#8217;re a passionate hiker or simply looking for an authentic escape, <strong>El Cad\u00ed-Moixer\u00f3<\/strong> offers the perfect setting for reflection, adventure, and renewal.<\/p>\t\t\t\t\t\t\t\t<\/div>\n\t\t\t\t<\/div>\n\t\t\t\t\t<\/div>\n\t\t\t\t<\/div>\n\t\t<div class=\"elementor-element elementor-element-e469895 e-flex e-con-boxed e-con e-parent\" data-id=\"e469895\" data-element_type=\"container\" data-e-type=\"container\">\n\t\t\t\t\t<div class=\"e-con-inner\">\n\t\t<div class=\"elementor-element elementor-element-29047b8 e-con-full e-flex e-con e-child\" data-id=\"29047b8\" data-element_type=\"container\" data-e-type=\"container\">\n\t\t\t\t<div class=\"elementor-element elementor-element-fe2621b elementor-widget elementor-widget-gallery\" data-id=\"fe2621b\" data-element_type=\"widget\" data-e-type=\"widget\" data-settings=\"{&quot;gallery_layout&quot;:&quot;masonry&quot;,&quot;columns&quot;:3,&quot;lazyload&quot;:&quot;yes&quot;,&quot;columns_tablet&quot;:2,&quot;columns_mobile&quot;:1,&quot;gap&quot;:{&quot;unit&quot;:&quot;px&quot;,&quot;size&quot;:10,&quot;sizes&quot;:[]},&quot;gap_tablet&quot;:{&quot;unit&quot;:&quot;px&quot;,&quot;size&quot;:10,&quot;sizes&quot;:[]},&quot;gap_mobile&quot;:{&quot;unit&quot;:&quot;px&quot;,&quot;size&quot;:10,&quot;sizes&quot;:[]},&quot;link_to&quot;:&quot;file&quot;,&quot;overlay_background&quot;:&quot;yes&quot;,&quot;content_hover_animation&quot;:&quot;fade-in&quot;}\" data-widget_type=\"gallery.default\">\n\t\t\t\t<div class=\"elementor-widget-container\">\n\t\t\t\t\t\t\t<div class=\"elementor-gallery__container\">\n\t\t\t\t\t\t\t<a class=\"e-gallery-item elementor-gallery-item elementor-animated-content\" href=\"https:\/\/blisspire.eu\/wp-content\/uploads\/2025\/03\/IMG_9903.webp\" data-elementor-open-lightbox=\"yes\" data-elementor-lightbox-slideshow=\"fe2621b\" data-e-action-hash=\"#elementor-action%3Aaction%3Dlightbox%26settings%3DeyJpZCI6NDE2NiwidXJsIjoiaHR0cHM6XC9cL2JsaXNzcGlyZS5ldVwvd3AtY29udGVudFwvdXBsb2Fkc1wvMjAyNVwvMDNcL0lNR185OTAzLndlYnAiLCJzbGlkZXNob3ciOiJmZTI2MjFiIn0%3D\">\n\t\t\t\t\t<div class=\"e-gallery-image elementor-gallery-item__image\" data-thumbnail=\"https:\/\/blisspire.eu\/wp-content\/uploads\/2025\/03\/IMG_9903-768x576.webp\" data-width=\"768\" data-height=\"576\" aria-label=\"\" role=\"img\" ><\/div>\n\t\t\t\t\t\t\t\t\t\t\t<div class=\"elementor-gallery-item__overlay\"><\/div>\n\t\t\t\t\t\t\t\t\t\t\t\t\t\t<\/a>\n\t\t\t\t\t\t\t<a class=\"e-gallery-item elementor-gallery-item elementor-animated-content\" href=\"https:\/\/blisspire.eu\/wp-content\/uploads\/2025\/03\/IMG_9850.webp\" data-elementor-open-lightbox=\"yes\" data-elementor-lightbox-slideshow=\"fe2621b\" data-e-action-hash=\"#elementor-action%3Aaction%3Dlightbox%26settings%3DeyJpZCI6NDE2NSwidXJsIjoiaHR0cHM6XC9cL2JsaXNzcGlyZS5ldVwvd3AtY29udGVudFwvdXBsb2Fkc1wvMjAyNVwvMDNcL0lNR185ODUwLndlYnAiLCJzbGlkZXNob3ciOiJmZTI2MjFiIn0%3D\">\n\t\t\t\t\t<div class=\"e-gallery-image elementor-gallery-item__image\" data-thumbnail=\"https:\/\/blisspire.eu\/wp-content\/uploads\/2025\/03\/IMG_9850-768x576.webp\" data-width=\"768\" data-height=\"576\" aria-label=\"\" role=\"img\" ><\/div>\n\t\t\t\t\t\t\t\t\t\t\t<div class=\"elementor-gallery-item__overlay\"><\/div>\n\t\t\t\t\t\t\t\t\t\t\t\t\t\t<\/a>\n\t\t\t\t\t\t\t<a class=\"e-gallery-item elementor-gallery-item elementor-animated-content\" href=\"https:\/\/blisspire.eu\/wp-content\/uploads\/2025\/03\/IMG_9791.webp\" data-elementor-open-lightbox=\"yes\" data-elementor-lightbox-slideshow=\"fe2621b\" data-e-action-hash=\"#elementor-action%3Aaction%3Dlightbox%26settings%3DeyJpZCI6NDE2NCwidXJsIjoiaHR0cHM6XC9cL2JsaXNzcGlyZS5ldVwvd3AtY29udGVudFwvdXBsb2Fkc1wvMjAyNVwvMDNcL0lNR185NzkxLndlYnAiLCJzbGlkZXNob3ciOiJmZTI2MjFiIn0%3D\">\n\t\t\t\t\t<div class=\"e-gallery-image elementor-gallery-item__image\" data-thumbnail=\"https:\/\/blisspire.eu\/wp-content\/uploads\/2025\/03\/IMG_9791-768x576.webp\" data-width=\"768\" data-height=\"576\" aria-label=\"\" role=\"img\" ><\/div>\n\t\t\t\t\t\t\t\t\t\t\t<div class=\"elementor-gallery-item__overlay\"><\/div>\n\t\t\t\t\t\t\t\t\t\t\t\t\t\t<\/a>\n\t\t\t\t\t\t\t<a class=\"e-gallery-item elementor-gallery-item elementor-animated-content\" href=\"https:\/\/blisspire.eu\/wp-content\/uploads\/2025\/03\/IMG_9748.webp\" data-elementor-open-lightbox=\"yes\" data-elementor-lightbox-slideshow=\"fe2621b\" data-e-action-hash=\"#elementor-action%3Aaction%3Dlightbox%26settings%3DeyJpZCI6NDE2MywidXJsIjoiaHR0cHM6XC9cL2JsaXNzcGlyZS5ldVwvd3AtY29udGVudFwvdXBsb2Fkc1wvMjAyNVwvMDNcL0lNR185NzQ4LndlYnAiLCJzbGlkZXNob3ciOiJmZTI2MjFiIn0%3D\">\n\t\t\t\t\t<div class=\"e-gallery-image elementor-gallery-item__image\" data-thumbnail=\"https:\/\/blisspire.eu\/wp-content\/uploads\/2025\/03\/IMG_9748-768x576.webp\" data-width=\"768\" data-height=\"576\" aria-label=\"\" role=\"img\" ><\/div>\n\t\t\t\t\t\t\t\t\t\t\t<div class=\"elementor-gallery-item__overlay\"><\/div>\n\t\t\t\t\t\t\t\t\t\t\t\t\t\t<\/a>\n\t\t\t\t\t\t\t<a class=\"e-gallery-item elementor-gallery-item elementor-animated-content\" href=\"https:\/\/blisspire.eu\/wp-content\/uploads\/2025\/03\/IMG_9744.webp\" data-elementor-open-lightbox=\"yes\" data-elementor-lightbox-slideshow=\"fe2621b\" data-e-action-hash=\"#elementor-action%3Aaction%3Dlightbox%26settings%3DeyJpZCI6NDE2MiwidXJsIjoiaHR0cHM6XC9cL2JsaXNzcGlyZS5ldVwvd3AtY29udGVudFwvdXBsb2Fkc1wvMjAyNVwvMDNcL0lNR185NzQ0LndlYnAiLCJzbGlkZXNob3ciOiJmZTI2MjFiIn0%3D\">\n\t\t\t\t\t<div class=\"e-gallery-image elementor-gallery-item__image\" data-thumbnail=\"https:\/\/blisspire.eu\/wp-content\/uploads\/2025\/03\/IMG_9744-768x576.webp\" data-width=\"768\" data-height=\"576\" aria-label=\"\" role=\"img\" ><\/div>\n\t\t\t\t\t\t\t\t\t\t\t<div class=\"elementor-gallery-item__overlay\"><\/div>\n\t\t\t\t\t\t\t\t\t\t\t\t\t\t<\/a>\n\t\t\t\t\t\t\t<a class=\"e-gallery-item elementor-gallery-item elementor-animated-content\" href=\"https:\/\/blisspire.eu\/wp-content\/uploads\/2025\/03\/IMG_9731.webp\" data-elementor-open-lightbox=\"yes\" data-elementor-lightbox-slideshow=\"fe2621b\" data-e-action-hash=\"#elementor-action%3Aaction%3Dlightbox%26settings%3DeyJpZCI6NDE2MSwidXJsIjoiaHR0cHM6XC9cL2JsaXNzcGlyZS5ldVwvd3AtY29udGVudFwvdXBsb2Fkc1wvMjAyNVwvMDNcL0lNR185NzMxLndlYnAiLCJzbGlkZXNob3ciOiJmZTI2MjFiIn0%3D\">\n\t\t\t\t\t<div class=\"e-gallery-image elementor-gallery-item__image\" data-thumbnail=\"https:\/\/blisspire.eu\/wp-content\/uploads\/2025\/03\/IMG_9731-768x576.webp\" data-width=\"768\" data-height=\"576\" aria-label=\"\" role=\"img\" ><\/div>\n\t\t\t\t\t\t\t\t\t\t\t<div class=\"elementor-gallery-item__overlay\"><\/div>\n\t\t\t\t\t\t\t\t\t\t\t\t\t\t<\/a>\n\t\t\t\t\t\t\t<a class=\"e-gallery-item elementor-gallery-item elementor-animated-content\" href=\"https:\/\/blisspire.eu\/wp-content\/uploads\/2025\/03\/IMG_9729.webp\" data-elementor-open-lightbox=\"yes\" data-elementor-lightbox-slideshow=\"fe2621b\" data-e-action-hash=\"#elementor-action%3Aaction%3Dlightbox%26settings%3DeyJpZCI6NDE2MCwidXJsIjoiaHR0cHM6XC9cL2JsaXNzcGlyZS5ldVwvd3AtY29udGVudFwvdXBsb2Fkc1wvMjAyNVwvMDNcL0lNR185NzI5LndlYnAiLCJzbGlkZXNob3ciOiJmZTI2MjFiIn0%3D\">\n\t\t\t\t\t<div class=\"e-gallery-image elementor-gallery-item__image\" data-thumbnail=\"https:\/\/blisspire.eu\/wp-content\/uploads\/2025\/03\/IMG_9729-768x576.webp\" data-width=\"768\" data-height=\"576\" aria-label=\"\" role=\"img\" ><\/div>\n\t\t\t\t\t\t\t\t\t\t\t<div class=\"elementor-gallery-item__overlay\"><\/div>\n\t\t\t\t\t\t\t\t\t\t\t\t\t\t<\/a>\n\t\t\t\t\t\t\t<a class=\"e-gallery-item elementor-gallery-item elementor-animated-content\" href=\"https:\/\/blisspire.eu\/wp-content\/uploads\/2025\/03\/ced92818-df88-4051-b5ca-5e74f18499a6.webp\" data-elementor-open-lightbox=\"yes\" data-elementor-lightbox-slideshow=\"fe2621b\" data-e-action-hash=\"#elementor-action%3Aaction%3Dlightbox%26settings%3DeyJpZCI6NDE1OSwidXJsIjoiaHR0cHM6XC9cL2JsaXNzcGlyZS5ldVwvd3AtY29udGVudFwvdXBsb2Fkc1wvMjAyNVwvMDNcL2NlZDkyODE4LWRmODgtNDA1MS1iNWNhLTVlNzRmMTg0OTlhNi53ZWJwIiwic2xpZGVzaG93IjoiZmUyNjIxYiJ9\">\n\t\t\t\t\t<div class=\"e-gallery-image elementor-gallery-item__image\" data-thumbnail=\"https:\/\/blisspire.eu\/wp-content\/uploads\/2025\/03\/ced92818-df88-4051-b5ca-5e74f18499a6-768x576.webp\" data-width=\"768\" data-height=\"576\" aria-label=\"\" role=\"img\" ><\/div>\n\t\t\t\t\t\t\t\t\t\t\t<div class=\"elementor-gallery-item__overlay\"><\/div>\n\t\t\t\t\t\t\t\t\t\t\t\t\t\t<\/a>\n\t\t\t\t\t<\/div>\n\t\t\t\t\t<\/div>\n\t\t\t\t<\/div>\n\t\t\t\t<\/div>\n\t\t\t\t\t<\/div>\n\t\t\t\t<\/div>\n\t\t\t\t<\/div>\n\t\t","protected":false},"excerpt":{"rendered":"<p>A journey through the wild heart of Catalonia Embark on an unforgettable adventure through El Cad\u00ed-Moixer\u00f3, one of the most spectacular natural reserves in Spain, located near the picturesque village [&hellip;]<\/p>\n","protected":false},"author":2,"featured_media":0,"parent":2279,"menu_order":0,"comment_status":"closed","ping_status":"closed","template":"elementor_header_footer","meta":{"footnotes":""},"class_list":["post-4158","page","type-page","status-publish","hentry"],"_links":{"self":[{"href":"https:\/\/blisspire.eu\/en\/wp-json\/wp\/v2\/pages\/4158","targetHints":{"allow":["GET"]}}],"collection":[{"href":"https:\/\/blisspire.eu\/en\/wp-json\/wp\/v2\/pages"}],"about":[{"href":"https:\/\/blisspire.eu\/en\/wp-json\/wp\/v2\/types\/page"}],"author":[{"embeddable":true,"href":"https:\/\/blisspire.eu\/en\/wp-json\/wp\/v2\/users\/2"}],"replies":[{"embeddable":true,"href":"https:\/\/blisspire.eu\/en\/wp-json\/wp\/v2\/comments?post=4158"}],"version-history":[{"count":0,"href":"https:\/\/blisspire.eu\/en\/wp-json\/wp\/v2\/pages\/4158\/revisions"}],"up":[{"embeddable":true,"href":"https:\/\/blisspire.eu\/en\/wp-json\/wp\/v2\/pages\/2279"}],"wp:attachment":[{"href":"https:\/\/blisspire.eu\/en\/wp-json\/wp\/v2\/media?parent=4158"}],"curies":[{"name":"wp","href":"https:\/\/api.w.org\/{rel}","templated":true}]}}