{"id":1431,"date":"2025-01-10T07:34:45","date_gmt":"2025-01-10T07:34:45","guid":{"rendered":"https:\/\/blisspire.eu\/?page_id=1431"},"modified":"2025-09-13T18:11:04","modified_gmt":"2025-09-13T15:11:04","slug":"blissevents","status":"publish","type":"page","link":"https:\/\/blisspire.eu\/ro\/blissevents-evenimente-blisspire\/","title":{"rendered":"BLISSEVENTS"},"content":{"rendered":"<div data-elementor-type=\"wp-page\" data-elementor-id=\"1431\" class=\"elementor elementor-1431\" data-elementor-post-type=\"page\">\n\t\t\t\t<div class=\"elementor-element elementor-element-21448ed e-flex e-con-boxed e-con e-parent\" data-id=\"21448ed\" data-element_type=\"container\" data-e-type=\"container\">\n\t\t\t\t\t<div class=\"e-con-inner\">\n\t\t\t\t<div class=\"elementor-element elementor-element-de9afbd elementor-widget elementor-widget-spacer\" data-id=\"de9afbd\" data-element_type=\"widget\" data-e-type=\"widget\" data-widget_type=\"spacer.default\">\n\t\t\t\t<div class=\"elementor-widget-container\">\n\t\t\t\t\t\t\t<div class=\"elementor-spacer\">\n\t\t\t<div class=\"elementor-spacer-inner\"><\/div>\n\t\t<\/div>\n\t\t\t\t\t\t<\/div>\n\t\t\t\t<\/div>\n\t\t\t\t\t<\/div>\n\t\t\t\t<\/div>\n\t\t<div class=\"elementor-element elementor-element-69210b9 e-flex e-con-boxed e-con e-parent\" data-id=\"69210b9\" data-element_type=\"container\" data-e-type=\"container\">\n\t\t\t\t\t<div class=\"e-con-inner\">\n\t\t\t\t<div class=\"elementor-element elementor-element-d833997 elementor-widget elementor-widget-heading\" data-id=\"d833997\" data-element_type=\"widget\" data-e-type=\"widget\" data-widget_type=\"heading.default\">\n\t\t\t\t<div class=\"elementor-widget-container\">\n\t\t\t\t\t<h1 class=\"elementor-heading-title elementor-size-default\">BLISSEVENTS<\/h1>\t\t\t\t<\/div>\n\t\t\t\t<\/div>\n\t\t\t\t\t<\/div>\n\t\t\t\t<\/div>\n\t\t<div class=\"elementor-element elementor-element-cea1b35 e-flex e-con-boxed e-con e-parent\" data-id=\"cea1b35\" data-element_type=\"container\" data-e-type=\"container\">\n\t\t\t\t\t<div class=\"e-con-inner\">\n\t\t\t\t<div class=\"elementor-element elementor-element-3cc16cf elementor-widget elementor-widget-spacer\" data-id=\"3cc16cf\" data-element_type=\"widget\" data-e-type=\"widget\" data-widget_type=\"spacer.default\">\n\t\t\t\t<div class=\"elementor-widget-container\">\n\t\t\t\t\t\t\t<div class=\"elementor-spacer\">\n\t\t\t<div class=\"elementor-spacer-inner\"><\/div>\n\t\t<\/div>\n\t\t\t\t\t\t<\/div>\n\t\t\t\t<\/div>\n\t\t\t\t\t<\/div>\n\t\t\t\t<\/div>\n\t\t<div class=\"elementor-element elementor-element-691f008 e-flex e-con-boxed e-con e-parent\" data-id=\"691f008\" data-element_type=\"container\" data-e-type=\"container\">\n\t\t\t\t\t<div class=\"e-con-inner\">\n\t\t<div class=\"elementor-element elementor-element-40a70c9 e-con-full e-flex e-con e-child\" data-id=\"40a70c9\" data-element_type=\"container\" data-e-type=\"container\">\n\t\t<div class=\"elementor-element elementor-element-ff2c55b e-con-full e-flex e-con e-child\" data-id=\"ff2c55b\" data-element_type=\"container\" data-e-type=\"container\">\n\t\t\t\t<div class=\"elementor-element elementor-element-cebb3ec elementor-widget elementor-widget-image\" data-id=\"cebb3ec\" data-element_type=\"widget\" data-e-type=\"widget\" data-widget_type=\"image.default\">\n\t\t\t\t<div class=\"elementor-widget-container\">\n\t\t\t\t\t\t\t\t\t\t\t\t\t\t\t\t<a href=\"https:\/\/blisspire.eu\/ro\/blissevents-evenimente-blisspire\/conceptele-noastre-originale\/\">\n\t\t\t\t\t\t\t<img fetchpriority=\"high\" decoding=\"async\" width=\"800\" height=\"491\" src=\"https:\/\/blisspire.eu\/wp-content\/uploads\/2025\/02\/OurOwn-1024x628.jpg\" class=\"attachment-large size-large wp-image-2701\" alt=\"\" srcset=\"https:\/\/blisspire.eu\/wp-content\/uploads\/2025\/02\/OurOwn-1024x628.jpg 1024w, https:\/\/blisspire.eu\/wp-content\/uploads\/2025\/02\/OurOwn-300x184.jpg 300w, https:\/\/blisspire.eu\/wp-content\/uploads\/2025\/02\/OurOwn-768x471.jpg 768w, https:\/\/blisspire.eu\/wp-content\/uploads\/2025\/02\/OurOwn.jpg 1536w\" sizes=\"(max-width: 800px) 100vw, 800px\" \/>\t\t\t\t\t\t\t\t<\/a>\n\t\t\t\t\t\t\t\t\t\t\t\t\t\t\t<\/div>\n\t\t\t\t<\/div>\n\t\t\t\t<\/div>\n\t\t<div class=\"elementor-element elementor-element-589582a e-con-full e-flex e-con e-child\" data-id=\"589582a\" data-element_type=\"container\" data-e-type=\"container\">\n\t\t\t\t<div class=\"elementor-element elementor-element-b18fc05 elementor-align-center elementor-widget elementor-widget-button\" data-id=\"b18fc05\" data-element_type=\"widget\" data-e-type=\"widget\" data-widget_type=\"button.default\">\n\t\t\t\t<div class=\"elementor-widget-container\">\n\t\t\t\t\t\t\t\t\t<div class=\"elementor-button-wrapper\">\n\t\t\t\t\t<a class=\"elementor-button elementor-button-link elementor-size-sm\" href=\"https:\/\/blisspire.eu\/ro\/blissevents-evenimente-blisspire\/conceptele-noastre-originale\/\">\n\t\t\t\t\t\t<span class=\"elementor-button-content-wrapper\">\n\t\t\t\t\t\t\t\t\t<span class=\"elementor-button-text\">Concepte Proprii<\/span>\n\t\t\t\t\t<\/span>\n\t\t\t\t\t<\/a>\n\t\t\t\t<\/div>\n\t\t\t\t\t\t\t\t<\/div>\n\t\t\t\t<\/div>\n\t\t\t\t<\/div>\n\t\t<div class=\"elementor-element elementor-element-8db38f0 e-con-full e-flex e-con e-child\" data-id=\"8db38f0\" data-element_type=\"container\" data-e-type=\"container\">\n\t\t\t\t<div class=\"elementor-element elementor-element-e35b15e elementor-widget elementor-widget-text-editor\" data-id=\"e35b15e\" data-element_type=\"widget\" data-e-type=\"widget\" data-widget_type=\"text-editor.default\">\n\t\t\t\t<div class=\"elementor-widget-container\">\n\t\t\t\t\t\t\t\t\t<p><span class=\"OYPEnA font-feature-liga-off font-feature-clig-off font-feature-calt-off text-decoration-none text-strikethrough-none\" style=\"color: #000000; font-kerning: none;\">Cre\u0103m concepte de evenimente personalizate, \u00een care fiecare detaliu este atent armonizat pentru a crea o experien\u021b\u0103 memorabil\u0103.\nDe la alegerea loca\u021biei ideale, a temei \u0219i a invita\u021bilor inspira\u021bionali \u2013 fie c\u0103 sunt speakeri sau arti\u0219ti \u2013 p\u00e2n\u0103 la construc\u021bia unei atmosfere care atinge emo\u021bia, evenimentele noastre sunt create pentru a inspira, a genera conexiuni profunde \u0219i a l\u0103sa o amprent\u0103 durabil\u0103.<\/span><\/p>\t\t\t\t\t\t\t\t<\/div>\n\t\t\t\t<\/div>\n\t\t\t\t<\/div>\n\t\t\t\t<\/div>\n\t\t<div class=\"elementor-element elementor-element-cad1e1c e-con-full e-flex e-con e-child\" data-id=\"cad1e1c\" data-element_type=\"container\" data-e-type=\"container\">\n\t\t<div class=\"elementor-element elementor-element-c191db3 e-con-full e-flex e-con e-child\" data-id=\"c191db3\" data-element_type=\"container\" data-e-type=\"container\">\n\t\t\t\t<div class=\"elementor-element elementor-element-dc3c361 elementor-widget elementor-widget-image\" data-id=\"dc3c361\" data-element_type=\"widget\" data-e-type=\"widget\" data-widget_type=\"image.default\">\n\t\t\t\t<div class=\"elementor-widget-container\">\n\t\t\t\t\t\t\t\t\t\t\t\t\t\t\t\t<a href=\"https:\/\/blisspire.eu\/ro\/blissevents-evenimente-blisspire\/personalizate-clienti\/\">\n\t\t\t\t\t\t\t<img decoding=\"async\" width=\"800\" height=\"495\" src=\"https:\/\/blisspire.eu\/wp-content\/uploads\/2025\/02\/Tailored-1024x633.jpg\" class=\"attachment-large size-large wp-image-2702\" alt=\"\" srcset=\"https:\/\/blisspire.eu\/wp-content\/uploads\/2025\/02\/Tailored-1024x633.jpg 1024w, https:\/\/blisspire.eu\/wp-content\/uploads\/2025\/02\/Tailored-300x185.jpg 300w, https:\/\/blisspire.eu\/wp-content\/uploads\/2025\/02\/Tailored-768x475.jpg 768w, https:\/\/blisspire.eu\/wp-content\/uploads\/2025\/02\/Tailored.jpg 1518w\" sizes=\"(max-width: 800px) 100vw, 800px\" \/>\t\t\t\t\t\t\t\t<\/a>\n\t\t\t\t\t\t\t\t\t\t\t\t\t\t\t<\/div>\n\t\t\t\t<\/div>\n\t\t\t\t<\/div>\n\t\t<div class=\"elementor-element elementor-element-0ab4289 e-con-full e-flex e-con e-child\" data-id=\"0ab4289\" data-element_type=\"container\" data-e-type=\"container\">\n\t\t\t\t<div class=\"elementor-element elementor-element-e890f1f elementor-align-center elementor-widget elementor-widget-button\" data-id=\"e890f1f\" data-element_type=\"widget\" data-e-type=\"widget\" data-widget_type=\"button.default\">\n\t\t\t\t<div class=\"elementor-widget-container\">\n\t\t\t\t\t\t\t\t\t<div class=\"elementor-button-wrapper\">\n\t\t\t\t\t<a class=\"elementor-button elementor-button-link elementor-size-sm\" href=\"https:\/\/blisspire.eu\/ro\/blissevents-evenimente-blisspire\/personalizate-clienti\/\">\n\t\t\t\t\t\t<span class=\"elementor-button-content-wrapper\">\n\t\t\t\t\t\t\t\t\t<span class=\"elementor-button-text\">Evenimente personalizate pentru clien\u021bi<\/span>\n\t\t\t\t\t<\/span>\n\t\t\t\t\t<\/a>\n\t\t\t\t<\/div>\n\t\t\t\t\t\t\t\t<\/div>\n\t\t\t\t<\/div>\n\t\t\t\t<\/div>\n\t\t<div class=\"elementor-element elementor-element-f7a9eaa e-con-full e-flex e-con e-child\" data-id=\"f7a9eaa\" data-element_type=\"container\" data-e-type=\"container\">\n\t\t\t\t<div class=\"elementor-element elementor-element-4e4d789 elementor-widget elementor-widget-text-editor\" data-id=\"4e4d789\" data-element_type=\"widget\" data-e-type=\"widget\" data-widget_type=\"text-editor.default\">\n\t\t\t\t<div class=\"elementor-widget-container\">\n\t\t\t\t\t\t\t\t\t<p><span class=\"OYPEnA font-feature-liga-off font-feature-clig-off font-feature-calt-off text-decoration-none text-strikethrough-none\">Credem \u00een colaborare.\nFie c\u0103 este vorba despre \u00eent\u00e2lniri corporate, evenimente de business &amp; networking, celebrarea unui moment special sau o petrecere cultural\u0103, suntem aici pentru a crea o poveste unic\u0103, adaptat\u0103 \u021bie.\nDac\u0103 rezonezi cu stilul \u0219i abordarea noastr\u0103, ne vom ocupa de \u00eentregul proces cu aceea\u0219i pasiune \u0219i aten\u021bie la detalii, astfel \u00eenc\u00e2t totul s\u0103 fie impecabil.<\/span> <span class=\"OYPEnA font-feature-liga-off font-feature-clig-off font-feature-calt-off text-decoration-none text-strikethrough-none\">If you resonate with our approach, hire us to craft your bespoke event with the same love, passion, and attention to detail, ensuring every element is flawlessly executed.<\/span><\/p>\t\t\t\t\t\t\t\t<\/div>\n\t\t\t\t<\/div>\n\t\t\t\t<\/div>\n\t\t\t\t<\/div>\n\t\t\t\t\t<\/div>\n\t\t\t\t<\/div>\n\t\t\t\t<\/div>","protected":false},"excerpt":{"rendered":"<p>BLISSEVENTS Our Own Concepts We craft bespoke design concepts, harmonizing every element to perfection. From curating the ideal location and engaging inspiring speakers or artists to selecting themes that resonate [&hellip;]<\/p>\n","protected":false},"author":2,"featured_media":0,"parent":0,"menu_order":0,"comment_status":"closed","ping_status":"closed","template":"elementor_header_footer","meta":{"footnotes":""},"class_list":["post-1431","page","type-page","status-publish","hentry"],"_links":{"self":[{"href":"https:\/\/blisspire.eu\/ro\/wp-json\/wp\/v2\/pages\/1431","targetHints":{"allow":["GET"]}}],"collection":[{"href":"https:\/\/blisspire.eu\/ro\/wp-json\/wp\/v2\/pages"}],"about":[{"href":"https:\/\/blisspire.eu\/ro\/wp-json\/wp\/v2\/types\/page"}],"author":[{"embeddable":true,"href":"https:\/\/blisspire.eu\/ro\/wp-json\/wp\/v2\/users\/2"}],"replies":[{"embeddable":true,"href":"https:\/\/blisspire.eu\/ro\/wp-json\/wp\/v2\/comments?post=1431"}],"version-history":[{"count":0,"href":"https:\/\/blisspire.eu\/ro\/wp-json\/wp\/v2\/pages\/1431\/revisions"}],"wp:attachment":[{"href":"https:\/\/blisspire.eu\/ro\/wp-json\/wp\/v2\/media?parent=1431"}],"curies":[{"name":"wp","href":"https:\/\/api.w.org\/{rel}","templated":true}]}}