{"id":1490,"date":"2025-01-10T09:12:08","date_gmt":"2025-01-10T09:12:08","guid":{"rendered":"https:\/\/blisspire.eu\/?page_id=1490"},"modified":"2025-10-01T10:44:42","modified_gmt":"2025-10-01T07:44:42","slug":"blissinteriors","status":"publish","type":"page","link":"https:\/\/blisspire.eu\/ro\/blissinteriors-interioare-blisspire\/","title":{"rendered":"BLISSINTERIORS"},"content":{"rendered":"<div data-elementor-type=\"wp-page\" data-elementor-id=\"1490\" class=\"elementor elementor-1490\" data-elementor-post-type=\"page\">\n\t\t\t\t<div class=\"elementor-element elementor-element-a77239d e-flex e-con-boxed e-con e-parent\" data-id=\"a77239d\" data-element_type=\"container\" data-e-type=\"container\">\n\t\t\t\t\t<div class=\"e-con-inner\">\n\t\t\t\t<div class=\"elementor-element elementor-element-bec9f42 elementor-widget elementor-widget-spacer\" data-id=\"bec9f42\" data-element_type=\"widget\" data-e-type=\"widget\" data-widget_type=\"spacer.default\">\n\t\t\t\t<div class=\"elementor-widget-container\">\n\t\t\t\t\t\t\t<div class=\"elementor-spacer\">\n\t\t\t<div class=\"elementor-spacer-inner\"><\/div>\n\t\t<\/div>\n\t\t\t\t\t\t<\/div>\n\t\t\t\t<\/div>\n\t\t\t\t\t<\/div>\n\t\t\t\t<\/div>\n\t\t<div class=\"elementor-element elementor-element-767b26c e-flex e-con-boxed e-con e-parent\" data-id=\"767b26c\" data-element_type=\"container\" data-e-type=\"container\">\n\t\t\t\t\t<div class=\"e-con-inner\">\n\t\t\t\t<div class=\"elementor-element elementor-element-229e81f elementor-widget elementor-widget-heading\" data-id=\"229e81f\" data-element_type=\"widget\" data-e-type=\"widget\" data-widget_type=\"heading.default\">\n\t\t\t\t<div class=\"elementor-widget-container\">\n\t\t\t\t\t<h1 class=\"elementor-heading-title elementor-size-default\">blissINTERIORS<\/h1>\t\t\t\t<\/div>\n\t\t\t\t<\/div>\n\t\t\t\t\t<\/div>\n\t\t\t\t<\/div>\n\t\t<div class=\"elementor-element elementor-element-b6ba14d e-flex e-con-boxed e-con e-parent\" data-id=\"b6ba14d\" data-element_type=\"container\" data-e-type=\"container\">\n\t\t\t\t\t<div class=\"e-con-inner\">\n\t\t\t\t<div class=\"elementor-element elementor-element-8d32cf8 elementor-widget elementor-widget-text-editor\" data-id=\"8d32cf8\" data-element_type=\"widget\" data-e-type=\"widget\" data-widget_type=\"text-editor.default\">\n\t\t\t\t<div class=\"elementor-widget-container\">\n\t\t\t\t\t\t\t\t\t<p><span class=\"OYPEnA font-feature-liga-off font-feature-clig-off font-feature-calt-off text-decoration-none text-strikethrough-none\" style=\"color: #000000; font-kerning: none;\">La Blisspire, transform\u0103m spa\u021biile \u00een pove\u0219ti autentice, \u00een care estetica se \u00eemplete\u0219te cu func\u021bionalitatea. Oferim servicii complete de design interior pentru locuin\u021be, birouri \u0219i spa\u021bii comerciale, av\u00e2nd grij\u0103 ca fiecare detaliu s\u0103 reflecte personalitatea \u0219i nevoile tale.<\/span><\/p>\t\t\t\t\t\t\t\t<\/div>\n\t\t\t\t<\/div>\n\t\t\t\t\t<\/div>\n\t\t\t\t<\/div>\n\t\t<div class=\"elementor-element elementor-element-2d88998 e-flex e-con-boxed e-con e-parent\" data-id=\"2d88998\" data-element_type=\"container\" data-e-type=\"container\">\n\t\t\t\t\t<div class=\"e-con-inner\">\n\t\t\t\t<div class=\"elementor-element elementor-element-d9ca179 elementor-widget elementor-widget-heading\" data-id=\"d9ca179\" data-element_type=\"widget\" data-e-type=\"widget\" data-widget_type=\"heading.default\">\n\t\t\t\t<div class=\"elementor-widget-container\">\n\t\t\t\t\t<h2 class=\"elementor-heading-title elementor-size-default\">CE OFERIM:<\/h2>\t\t\t\t<\/div>\n\t\t\t\t<\/div>\n\t\t<div class=\"elementor-element elementor-element-902dea3 e-con-full e-flex e-con e-child\" data-id=\"902dea3\" data-element_type=\"container\" data-e-type=\"container\">\n\t\t\t\t<div class=\"elementor-element elementor-element-cbad612 elementor--h-position-center elementor--v-position-middle elementor-arrows-position-inside elementor-pagination-position-inside elementor-widget elementor-widget-slides\" data-id=\"cbad612\" data-element_type=\"widget\" data-e-type=\"widget\" data-settings=\"{&quot;navigation&quot;:&quot;both&quot;,&quot;autoplay&quot;:&quot;yes&quot;,&quot;pause_on_hover&quot;:&quot;yes&quot;,&quot;pause_on_interaction&quot;:&quot;yes&quot;,&quot;autoplay_speed&quot;:5000,&quot;infinite&quot;:&quot;yes&quot;,&quot;transition&quot;:&quot;slide&quot;,&quot;transition_speed&quot;:500}\" data-widget_type=\"slides.default\">\n\t\t\t\t<div class=\"elementor-widget-container\">\n\t\t\t\t\t\t\t\t\t<div class=\"elementor-swiper\">\n\t\t\t\t\t<div class=\"elementor-slides-wrapper elementor-main-swiper swiper\" role=\"region\" aria-roledescription=\"carousel\" aria-label=\"Slides\" dir=\"ltr\" data-animation=\"fadeInUp\">\n\t\t\t\t<div class=\"swiper-wrapper elementor-slides\">\n\t\t\t\t\t\t\t\t\t\t<div class=\"elementor-repeater-item-2faac92 swiper-slide\" role=\"group\" aria-roledescription=\"slide\"><div class=\"swiper-slide-bg elementor-ken-burns elementor-ken-burns--in\" role=\"img\" aria-label=\"Screenshot 2025-01-10 at 11.25.48\"><\/div><div class=\"elementor-background-overlay\"><\/div><div class=\"swiper-slide-inner\" ><div class=\"swiper-slide-contents\"><div class=\"elementor-slide-heading\">CONSULTAN\u021a\u0102 PERSONALIZAT\u0102<\/div><div class=\"elementor-slide-description\">\u00cen\u021belegem c\u0103 fiecare proiect este unic. De aceea \u00eencepem cu o consultan\u021b\u0103 detaliat\u0103, acord\u00e2nd timp pentru a \u00een\u021belege stilul t\u0103u, preferin\u021bele \u0219i cerin\u021bele specifice. \u00cen timpul acestui proces, analiz\u0103m spa\u021biul t\u0103u, discut\u0103m viziunea ta \u0219i oferim recomand\u0103ri de specialitate adaptate nevoilor tale.<\/div><\/div><\/div><\/div><div class=\"elementor-repeater-item-68debb6 swiper-slide\" role=\"group\" aria-roledescription=\"slide\"><div class=\"swiper-slide-bg elementor-ken-burns elementor-ken-burns--in\" role=\"img\" aria-label=\"Screenshot 2025-01-10 at 11.25.58\"><\/div><div class=\"elementor-background-overlay\"><\/div><div class=\"swiper-slide-inner\" ><div class=\"swiper-slide-contents\"><div class=\"elementor-slide-heading\">DESIGN CREATIV \u0218I FUNC\u021aIONAL<\/div><div class=\"elementor-slide-description\">Designul interior \u00eenseamn\u0103 mai mult dec\u00e2t estetic\u0103: este vorba despre crearea unui spa\u021biu care te reprezint\u0103 cu adev\u0103rat. Abordarea noastr\u0103 \u00eembin\u0103 creativitatea cu func\u021bionalitatea, asigur\u00e2ndu-ne c\u0103 fiecare concept de design este at\u00e2t vizual impresionant, c\u00e2t \u0219i perfect adaptat stilului t\u0103u de via\u021b\u0103. Alegem cu grij\u0103 culorile, materialele \u0219i texturile pentru a aduce armonie \u0219i personalitate \u00een locuin\u021ba sau spa\u021biul t\u0103u de lucru, transform\u00e2ndu-l \u00eentr-un loc care te inspir\u0103 \u0219i \u00een care te sim\u021bi \u00een largul t\u0103u.<\/div><\/div><\/div><\/div><div class=\"elementor-repeater-item-8fbba31 swiper-slide\" role=\"group\" aria-roledescription=\"slide\"><div class=\"swiper-slide-bg elementor-ken-burns elementor-ken-burns--in\" role=\"img\" aria-label=\"1A821C85-BF63-4AF7-9608-A3CC16E6A53C\"><\/div><div class=\"elementor-background-overlay\"><\/div><div class=\"swiper-slide-inner\" ><div class=\"swiper-slide-contents\"><div class=\"elementor-slide-heading\">ECHIP\u0102 DE RENOVARE INTERIOAR\u0102<\/div><div class=\"elementor-slide-description\">Un proiect de design interior reu\u0219it se bazeaz\u0103 pe o execu\u021bie solid\u0103. Lucr\u0103m cu o echip\u0103 de profesioni\u0219ti dedica\u021bi, de la me\u0219te\u0219ugari \u0219i arhitec\u021bi, p\u00e2n\u0103 la antreprenori specializa\u021bi, pentru a ne asigura c\u0103 fiecare detaliu al viziunii tale prinde via\u021b\u0103. Fie c\u0103 ai nevoie de o renovare complet\u0103 sau doar de finisaje impecabile, gestion\u0103m \u00eentregul proces cu grij\u0103, precizie \u0219i pasiune.<\/div><\/div><\/div><\/div><div class=\"elementor-repeater-item-abe55f7 swiper-slide\" role=\"group\" aria-roledescription=\"slide\"><div class=\"swiper-slide-bg elementor-ken-burns elementor-ken-burns--in\" role=\"img\" aria-label=\"4FBC528C-253B-4CCB-91D6-56B3CBF6F733\"><\/div><div class=\"elementor-background-overlay\"><\/div><div class=\"swiper-slide-inner\" ><div class=\"swiper-slide-contents\"><div class=\"elementor-slide-heading\">PRODUC\u021aIE DE MOBILIER PERSONALIZAT<\/div><div class=\"elementor-slide-description\">Spa\u021biul t\u0103u merit\u0103 piese de mobilier la fel de unice ca tine. La Blisspire, oferim servicii de design \u0219i produc\u021bie de mobilier personalizat, realizate \u00eempreun\u0103 cu ateliere specializate \u0219i parteneri de \u00eencredere. \u00cempreun\u0103 cre\u0103m piese unicat, perfect adaptate spa\u021biului \u0219i stilului t\u0103u. Folosim materiale de \u00eenalt\u0103 calitate \u0219i solu\u021bii tehnice moderne, pentru mobilier care \u00eembin\u0103 estetica cu durabilitatea.<\/div><\/div><\/div><\/div>\t\t\t\t<\/div>\n\t\t\t\t\t\t\t\t\t\t\t\t\t\t\t<div class=\"elementor-swiper-button elementor-swiper-button-prev\" role=\"button\" tabindex=\"0\" aria-label=\"Previous slide\">\n\t\t\t\t\t\t\t<svg aria-hidden=\"true\" class=\"e-font-icon-svg e-eicon-chevron-left\" viewbox=\"0 0 1000 1000\" xmlns=\"http:\/\/www.w3.org\/2000\/svg\"><path d=\"M646 125C629 125 613 133 604 142L308 442C296 454 292 471 292 487 292 504 296 521 308 533L604 854C617 867 629 875 646 875 663 875 679 871 692 858 704 846 713 829 713 812 713 796 708 779 692 767L438 487 692 225C700 217 708 204 708 187 708 171 704 154 692 142 675 129 663 125 646 125Z\"><\/path><\/svg>\t\t\t\t\t\t<\/div>\n\t\t\t\t\t\t<div class=\"elementor-swiper-button elementor-swiper-button-next\" role=\"button\" tabindex=\"0\" aria-label=\"Next slide\">\n\t\t\t\t\t\t\t<svg aria-hidden=\"true\" class=\"e-font-icon-svg e-eicon-chevron-right\" viewbox=\"0 0 1000 1000\" xmlns=\"http:\/\/www.w3.org\/2000\/svg\"><path d=\"M696 533C708 521 713 504 713 487 713 471 708 454 696 446L400 146C388 133 375 125 354 125 338 125 325 129 313 142 300 154 292 171 292 187 292 204 296 221 308 233L563 492 304 771C292 783 288 800 288 817 288 833 296 850 308 863 321 871 338 875 354 875 371 875 388 867 400 854L696 533Z\"><\/path><\/svg>\t\t\t\t\t\t<\/div>\n\t\t\t\t\t\t\t\t\t\t\t\t\t\t\t\t<div class=\"swiper-pagination\"><\/div>\n\t\t\t\t\t\t\t\t\t\t\t\t<\/div>\n\t\t\t\t<\/div>\n\t\t\t\t\t\t\t\t<\/div>\n\t\t\t\t<\/div>\n\t\t\t\t<\/div>\n\t\t\t\t\t<\/div>\n\t\t\t\t<\/div>\n\t\t<div class=\"elementor-element elementor-element-149d103 e-flex e-con-boxed e-con e-parent\" data-id=\"149d103\" data-element_type=\"container\" data-e-type=\"container\">\n\t\t\t\t\t<div class=\"e-con-inner\">\n\t\t\t\t<div class=\"elementor-element elementor-element-89674f3 elementor-widget elementor-widget-spacer\" data-id=\"89674f3\" data-element_type=\"widget\" data-e-type=\"widget\" data-widget_type=\"spacer.default\">\n\t\t\t\t<div class=\"elementor-widget-container\">\n\t\t\t\t\t\t\t<div class=\"elementor-spacer\">\n\t\t\t<div class=\"elementor-spacer-inner\"><\/div>\n\t\t<\/div>\n\t\t\t\t\t\t<\/div>\n\t\t\t\t<\/div>\n\t\t\t\t\t<\/div>\n\t\t\t\t<\/div>\n\t\t<div class=\"elementor-element elementor-element-1f4444b e-flex e-con-boxed e-con e-parent\" data-id=\"1f4444b\" data-element_type=\"container\" data-e-type=\"container\">\n\t\t\t\t\t<div class=\"e-con-inner\">\n\t\t\t\t<div class=\"elementor-element elementor-element-1f53199 elementor-widget elementor-widget-heading\" data-id=\"1f53199\" data-element_type=\"widget\" data-e-type=\"widget\" data-widget_type=\"heading.default\">\n\t\t\t\t<div class=\"elementor-widget-container\">\n\t\t\t\t\t<h2 class=\"elementor-heading-title elementor-size-default\">PORTOFOLIU<\/h2>\t\t\t\t<\/div>\n\t\t\t\t<\/div>\n\t\t\t\t\t<\/div>\n\t\t\t\t<\/div>\n\t\t<div class=\"elementor-element elementor-element-4ec493f e-flex e-con-boxed e-con e-parent\" data-id=\"4ec493f\" data-element_type=\"container\" data-e-type=\"container\">\n\t\t\t\t\t<div class=\"e-con-inner\">\n\t\t<a class=\"eael-wrapper-link-ca200e6 --eael-wrapper-link-tag\" href=\"https:\/\/blisspire.eu\/ro\/blissinteriors-interioare-blisspire\/casa-stil-nordic-industrial\/\"><\/a><div data-eael-wrapper-link=\"eael-wrapper-link-ca200e6\" class=\"elementor-element elementor-element-ca200e6 e-con-full e-flex e-con e-child\" data-id=\"ca200e6\" data-element_type=\"container\" data-e-type=\"container\">\n\t\t<div class=\"elementor-element elementor-element-bc93a87 e-con-full e-flex e-con e-child\" data-id=\"bc93a87\" data-element_type=\"container\" data-e-type=\"container\">\n\t\t\t\t<div class=\"elementor-element elementor-element-117e3cc elementor-widget elementor-widget-image\" data-id=\"117e3cc\" data-element_type=\"widget\" data-e-type=\"widget\" data-widget_type=\"image.default\">\n\t\t\t\t<div class=\"elementor-widget-container\">\n\t\t\t\t\t\t\t\t\t\t\t\t\t\t\t<img fetchpriority=\"high\" decoding=\"async\" width=\"700\" height=\"467\" src=\"https:\/\/blisspire.eu\/wp-content\/uploads\/2025\/01\/Designist_Brasov_Anda-Lupsan-interior-00180-HDR.jpg\" class=\"attachment-large size-large wp-image-1780\" alt=\"\" srcset=\"https:\/\/blisspire.eu\/wp-content\/uploads\/2025\/01\/Designist_Brasov_Anda-Lupsan-interior-00180-HDR.jpg 700w, https:\/\/blisspire.eu\/wp-content\/uploads\/2025\/01\/Designist_Brasov_Anda-Lupsan-interior-00180-HDR-300x200.jpg 300w\" sizes=\"(max-width: 700px) 100vw, 700px\" \/>\t\t\t\t\t\t\t\t\t\t\t\t\t\t\t<\/div>\n\t\t\t\t<\/div>\n\t\t\t\t<\/div>\n\t\t<div class=\"elementor-element elementor-element-f85ec0a e-con-full e-flex e-con e-child\" data-id=\"f85ec0a\" data-element_type=\"container\" data-e-type=\"container\">\n\t\t\t\t<div class=\"elementor-element elementor-element-70ed013 elementor-widget elementor-widget-heading\" data-id=\"70ed013\" data-element_type=\"widget\" data-e-type=\"widget\" data-widget_type=\"heading.default\">\n\t\t\t\t<div class=\"elementor-widget-container\">\n\t\t\t\t\t<h2 class=\"elementor-heading-title elementor-size-default\"><span>Vila \u00een stil nordic - industrial<\/span><\/h2>\t\t\t\t<\/div>\n\t\t\t\t<\/div>\n\t\t\t\t<\/div>\n\t\t\t\t<\/div>\n\t\t<a class=\"eael-wrapper-link-98bc034 --eael-wrapper-link-tag\" href=\"https:\/\/blisspire.eu\/ro\/blissinteriors-interioare-blisspire\/apartament-vintage-in-centrul-vechi\/\"><\/a><div data-eael-wrapper-link=\"eael-wrapper-link-98bc034\" class=\"elementor-element elementor-element-98bc034 e-con-full e-flex e-con e-child\" data-id=\"98bc034\" data-element_type=\"container\" data-e-type=\"container\">\n\t\t<div class=\"elementor-element elementor-element-ed3d4c2 e-con-full e-flex e-con e-child\" data-id=\"ed3d4c2\" data-element_type=\"container\" data-e-type=\"container\">\n\t\t\t\t<div class=\"elementor-element elementor-element-bdcd0d9 elementor-widget elementor-widget-image\" data-id=\"bdcd0d9\" data-element_type=\"widget\" data-e-type=\"widget\" data-widget_type=\"image.default\">\n\t\t\t\t<div class=\"elementor-widget-container\">\n\t\t\t\t\t\t\t\t\t\t\t\t\t\t\t<img decoding=\"async\" width=\"800\" height=\"533\" src=\"https:\/\/blisspire.eu\/wp-content\/uploads\/2025\/01\/Foto-Wanderers-LAVA-LUDICA-foto-Dan-Malureanu-0421-1024x682.jpg\" class=\"attachment-large size-large wp-image-1743\" alt=\"\" srcset=\"https:\/\/blisspire.eu\/wp-content\/uploads\/2025\/01\/Foto-Wanderers-LAVA-LUDICA-foto-Dan-Malureanu-0421-1024x682.jpg 1024w, https:\/\/blisspire.eu\/wp-content\/uploads\/2025\/01\/Foto-Wanderers-LAVA-LUDICA-foto-Dan-Malureanu-0421-300x200.jpg 300w, https:\/\/blisspire.eu\/wp-content\/uploads\/2025\/01\/Foto-Wanderers-LAVA-LUDICA-foto-Dan-Malureanu-0421-768x512.jpg 768w, https:\/\/blisspire.eu\/wp-content\/uploads\/2025\/01\/Foto-Wanderers-LAVA-LUDICA-foto-Dan-Malureanu-0421.jpg 1400w\" sizes=\"(max-width: 800px) 100vw, 800px\" \/>\t\t\t\t\t\t\t\t\t\t\t\t\t\t\t<\/div>\n\t\t\t\t<\/div>\n\t\t\t\t<\/div>\n\t\t<div class=\"elementor-element elementor-element-273334e e-con-full e-flex e-con e-child\" data-id=\"273334e\" data-element_type=\"container\" data-e-type=\"container\">\n\t\t\t\t<div class=\"elementor-element elementor-element-686935e elementor-widget elementor-widget-heading\" data-id=\"686935e\" data-element_type=\"widget\" data-e-type=\"widget\" data-widget_type=\"heading.default\">\n\t\t\t\t<div class=\"elementor-widget-container\">\n\t\t\t\t\t<h2 class=\"elementor-heading-title elementor-size-default\"><span>Apartament vintage<\/span><\/h2>\t\t\t\t<\/div>\n\t\t\t\t<\/div>\n\t\t\t\t<\/div>\n\t\t\t\t<\/div>\n\t\t<a class=\"eael-wrapper-link-d753857 --eael-wrapper-link-tag\" href=\"https:\/\/blisspire.eu\/ro\/blissinteriors-interioare-blisspire\/apartament-modern-airbnb\/\"><\/a><div data-eael-wrapper-link=\"eael-wrapper-link-d753857\" class=\"elementor-element elementor-element-d753857 e-con-full e-flex e-con e-child\" data-id=\"d753857\" data-element_type=\"container\" data-e-type=\"container\">\n\t\t<div class=\"elementor-element elementor-element-f93f1f9 e-con-full e-flex e-con e-child\" data-id=\"f93f1f9\" data-element_type=\"container\" data-e-type=\"container\">\n\t\t\t\t<div class=\"elementor-element elementor-element-b639173 elementor-widget elementor-widget-image\" data-id=\"b639173\" data-element_type=\"widget\" data-e-type=\"widget\" data-widget_type=\"image.default\">\n\t\t\t\t<div class=\"elementor-widget-container\">\n\t\t\t\t\t\t\t\t\t\t\t\t\t\t\t<img decoding=\"async\" width=\"800\" height=\"533\" src=\"https:\/\/blisspire.eu\/wp-content\/uploads\/2025\/01\/AirBNB-Ildi-00002-1024x682.jpg\" class=\"attachment-large size-large wp-image-1683\" alt=\"\" srcset=\"https:\/\/blisspire.eu\/wp-content\/uploads\/2025\/01\/AirBNB-Ildi-00002-1024x682.jpg 1024w, https:\/\/blisspire.eu\/wp-content\/uploads\/2025\/01\/AirBNB-Ildi-00002-300x200.jpg 300w, https:\/\/blisspire.eu\/wp-content\/uploads\/2025\/01\/AirBNB-Ildi-00002-768x511.jpg 768w, https:\/\/blisspire.eu\/wp-content\/uploads\/2025\/01\/AirBNB-Ildi-00002.jpg 1400w\" sizes=\"(max-width: 800px) 100vw, 800px\" \/>\t\t\t\t\t\t\t\t\t\t\t\t\t\t\t<\/div>\n\t\t\t\t<\/div>\n\t\t\t\t<\/div>\n\t\t<div class=\"elementor-element elementor-element-30ff04f e-con-full e-flex e-con e-child\" data-id=\"30ff04f\" data-element_type=\"container\" data-e-type=\"container\">\n\t\t\t\t<div class=\"elementor-element elementor-element-0090e90 elementor-widget elementor-widget-heading\" data-id=\"0090e90\" data-element_type=\"widget\" data-e-type=\"widget\" data-widget_type=\"heading.default\">\n\t\t\t\t<div class=\"elementor-widget-container\">\n\t\t\t\t\t<h2 class=\"elementor-heading-title elementor-size-default\"><span>Apartament modern - Airbnb<\/span><\/h2>\t\t\t\t<\/div>\n\t\t\t\t<\/div>\n\t\t\t\t<\/div>\n\t\t\t\t<\/div>\n\t\t\t\t\t<\/div>\n\t\t\t\t<\/div>\n\t\t<div class=\"elementor-element elementor-element-cc56697 e-flex e-con-boxed e-con e-parent\" data-id=\"cc56697\" data-element_type=\"container\" data-e-type=\"container\">\n\t\t\t\t\t<div class=\"e-con-inner\">\n\t\t<a class=\"eael-wrapper-link-d8cd675 --eael-wrapper-link-tag\" href=\"https:\/\/blisspire.eu\/ro\/blissinteriors-interioare-blisspire\/loft-vintage-in-centrul-vechi\/\"><\/a><div data-eael-wrapper-link=\"eael-wrapper-link-d8cd675\" class=\"elementor-element elementor-element-d8cd675 e-con-full e-flex e-con e-child\" data-id=\"d8cd675\" data-element_type=\"container\" data-e-type=\"container\">\n\t\t<div class=\"elementor-element elementor-element-2690306 e-con-full e-flex e-con e-child\" data-id=\"2690306\" data-element_type=\"container\" data-e-type=\"container\">\n\t\t\t\t<div class=\"elementor-element elementor-element-5360515 elementor-widget elementor-widget-image\" data-id=\"5360515\" data-element_type=\"widget\" data-e-type=\"widget\" data-widget_type=\"image.default\">\n\t\t\t\t<div class=\"elementor-widget-container\">\n\t\t\t\t\t\t\t\t\t\t\t\t\t\t\t<img loading=\"lazy\" decoding=\"async\" width=\"800\" height=\"685\" src=\"https:\/\/blisspire.eu\/wp-content\/uploads\/2025\/01\/Foto-Wanderers-LAVA-LUDICA-foto-Dan-Malureanu-0465-copy-e1737534675688-1024x877.jpg\" class=\"attachment-large size-large wp-image-1791\" alt=\"\" srcset=\"https:\/\/blisspire.eu\/wp-content\/uploads\/2025\/01\/Foto-Wanderers-LAVA-LUDICA-foto-Dan-Malureanu-0465-copy-e1737534675688-1024x877.jpg 1024w, https:\/\/blisspire.eu\/wp-content\/uploads\/2025\/01\/Foto-Wanderers-LAVA-LUDICA-foto-Dan-Malureanu-0465-copy-e1737534675688-300x257.jpg 300w, https:\/\/blisspire.eu\/wp-content\/uploads\/2025\/01\/Foto-Wanderers-LAVA-LUDICA-foto-Dan-Malureanu-0465-copy-e1737534675688-768x658.jpg 768w, https:\/\/blisspire.eu\/wp-content\/uploads\/2025\/01\/Foto-Wanderers-LAVA-LUDICA-foto-Dan-Malureanu-0465-copy-e1737534675688.jpg 1089w\" sizes=\"(max-width: 800px) 100vw, 800px\" \/>\t\t\t\t\t\t\t\t\t\t\t\t\t\t\t<\/div>\n\t\t\t\t<\/div>\n\t\t\t\t<\/div>\n\t\t<div class=\"elementor-element elementor-element-67c3a82 e-con-full e-flex e-con e-child\" data-id=\"67c3a82\" data-element_type=\"container\" data-e-type=\"container\">\n\t\t\t\t<div class=\"elementor-element elementor-element-b725110 elementor-widget elementor-widget-heading\" data-id=\"b725110\" data-element_type=\"widget\" data-e-type=\"widget\" data-widget_type=\"heading.default\">\n\t\t\t\t<div class=\"elementor-widget-container\">\n\t\t\t\t\t<h2 class=\"elementor-heading-title elementor-size-default\"><span>Loft Vintage \u00een Centrul Vechi<\/span><\/h2>\t\t\t\t<\/div>\n\t\t\t\t<\/div>\n\t\t\t\t<\/div>\n\t\t<div class=\"elementor-element elementor-element-24fb6de e-con-full e-flex e-con e-child\" data-id=\"24fb6de\" data-element_type=\"container\" data-e-type=\"container\">\n\t\t\t\t<\/div>\n\t\t\t\t<\/div>\n\t\t<div class=\"elementor-element elementor-element-87ab6c3 e-con-full e-flex e-con e-child\" data-id=\"87ab6c3\" data-element_type=\"container\" data-e-type=\"container\">\n\t\t\t\t<\/div>\n\t\t<div class=\"elementor-element elementor-element-d6de74a e-con-full e-flex e-con e-child\" data-id=\"d6de74a\" data-element_type=\"container\" data-e-type=\"container\">\n\t\t\t\t<\/div>\n\t\t\t\t\t<\/div>\n\t\t\t\t<\/div>\n\t\t\t\t<\/div>","protected":false},"excerpt":{"rendered":"<p>blissINTERIORS At BlissInteriors, we transform spaces into true stories that blend aesthetics and functionality. We offer comprehensive interior design services for homes, offices, and commercial spaces, ensuring every detail reflects [&hellip;]<\/p>\n","protected":false},"author":2,"featured_media":0,"parent":0,"menu_order":0,"comment_status":"closed","ping_status":"closed","template":"elementor_header_footer","meta":{"footnotes":""},"class_list":["post-1490","page","type-page","status-publish","hentry"],"_links":{"self":[{"href":"https:\/\/blisspire.eu\/ro\/wp-json\/wp\/v2\/pages\/1490","targetHints":{"allow":["GET"]}}],"collection":[{"href":"https:\/\/blisspire.eu\/ro\/wp-json\/wp\/v2\/pages"}],"about":[{"href":"https:\/\/blisspire.eu\/ro\/wp-json\/wp\/v2\/types\/page"}],"author":[{"embeddable":true,"href":"https:\/\/blisspire.eu\/ro\/wp-json\/wp\/v2\/users\/2"}],"replies":[{"embeddable":true,"href":"https:\/\/blisspire.eu\/ro\/wp-json\/wp\/v2\/comments?post=1490"}],"version-history":[{"count":3,"href":"https:\/\/blisspire.eu\/ro\/wp-json\/wp\/v2\/pages\/1490\/revisions"}],"predecessor-version":[{"id":6319,"href":"https:\/\/blisspire.eu\/ro\/wp-json\/wp\/v2\/pages\/1490\/revisions\/6319"}],"wp:attachment":[{"href":"https:\/\/blisspire.eu\/ro\/wp-json\/wp\/v2\/media?parent=1490"}],"curies":[{"name":"wp","href":"https:\/\/api.w.org\/{rel}","templated":true}]}}