{"id":1739,"date":"2025-01-22T08:03:44","date_gmt":"2025-01-22T08:03:44","guid":{"rendered":"https:\/\/blisspire.eu\/?page_id=1739"},"modified":"2025-03-11T13:10:23","modified_gmt":"2025-03-11T13:10:23","slug":"vintage-old-town-apartment","status":"publish","type":"page","link":"https:\/\/blisspire.eu\/ro\/blissinteriors-interioare-blisspire\/apartament-vintage-in-centrul-vechi\/","title":{"rendered":"Apartament vintage"},"content":{"rendered":"<div data-elementor-type=\"wp-page\" data-elementor-id=\"1739\" class=\"elementor elementor-1739\" data-elementor-post-type=\"page\">\n\t\t\t\t<div class=\"elementor-element elementor-element-770e4c8 e-flex e-con-boxed e-con e-parent\" data-id=\"770e4c8\" data-element_type=\"container\" data-e-type=\"container\">\n\t\t\t\t\t<div class=\"e-con-inner\">\n\t\t\t\t\t<\/div>\n\t\t\t\t<\/div>\n\t\t<div class=\"elementor-element elementor-element-c7b12f8 e-flex e-con-boxed e-con e-parent\" data-id=\"c7b12f8\" data-element_type=\"container\" data-e-type=\"container\">\n\t\t\t\t\t<div class=\"e-con-inner\">\n\t\t\t\t<div class=\"elementor-element elementor-element-f189ea4 elementor-widget elementor-widget-spacer\" data-id=\"f189ea4\" data-element_type=\"widget\" data-e-type=\"widget\" data-widget_type=\"spacer.default\">\n\t\t\t\t<div class=\"elementor-widget-container\">\n\t\t\t\t\t\t\t<div class=\"elementor-spacer\">\n\t\t\t<div class=\"elementor-spacer-inner\"><\/div>\n\t\t<\/div>\n\t\t\t\t\t\t<\/div>\n\t\t\t\t<\/div>\n\t\t\t\t\t<\/div>\n\t\t\t\t<\/div>\n\t\t<div class=\"elementor-element elementor-element-e8a7358 e-flex e-con-boxed e-con e-parent\" data-id=\"e8a7358\" data-element_type=\"container\" data-e-type=\"container\">\n\t\t\t\t\t<div class=\"e-con-inner\">\n\t\t\t\t<div class=\"elementor-element elementor-element-ded7fc0 elementor-widget elementor-widget-text-editor\" data-id=\"ded7fc0\" data-element_type=\"widget\" data-e-type=\"widget\" data-widget_type=\"text-editor.default\">\n\t\t\t\t<div class=\"elementor-widget-container\">\n\t\t\t\t\t\t\t\t\t<p><span class=\"OYPEnA font-feature-liga-off font-feature-clig-off font-feature-calt-off text-decoration-none text-strikethrough-none\">Acest studio de 50 m\u00b2, situat \u00een pitoreasca zon\u0103 istoric\u0103 \u0218chei din centrul vechi al Bra\u0219ovului, face parte dintr-o cl\u0103dire veche, atent renovat\u0103. Amenajat \u00eentr-un stil eclectic ce \u00eembin\u0103 func\u021bionalitatea modern\u0103 cu accente vintage, spa\u021biul eman\u0103 un farmec unic. Cu un aer boem \u0219i o atmosfer\u0103 cald\u0103 \u0219i inspiratoare, este refugiul ideal pentru cei care caut\u0103 o combina\u021bie armonioas\u0103 \u00eentre istorie \u0219i confort contemporan.<\/span><\/p>\t\t\t\t\t\t\t\t<\/div>\n\t\t\t\t<\/div>\n\t\t\t\t\t<\/div>\n\t\t\t\t<\/div>\n\t\t<div class=\"elementor-element elementor-element-d652728 e-flex e-con-boxed e-con e-parent\" data-id=\"d652728\" data-element_type=\"container\" data-e-type=\"container\">\n\t\t\t\t\t<div class=\"e-con-inner\">\n\t\t\t\t<div class=\"elementor-element elementor-element-78f860c elementor-widget elementor-widget-gallery\" data-id=\"78f860c\" data-element_type=\"widget\" data-e-type=\"widget\" data-settings=\"{&quot;gallery_layout&quot;:&quot;masonry&quot;,&quot;columns&quot;:3,&quot;lazyload&quot;:&quot;yes&quot;,&quot;columns_tablet&quot;:2,&quot;columns_mobile&quot;:1,&quot;gap&quot;:{&quot;unit&quot;:&quot;px&quot;,&quot;size&quot;:10,&quot;sizes&quot;:[]},&quot;gap_tablet&quot;:{&quot;unit&quot;:&quot;px&quot;,&quot;size&quot;:10,&quot;sizes&quot;:[]},&quot;gap_mobile&quot;:{&quot;unit&quot;:&quot;px&quot;,&quot;size&quot;:10,&quot;sizes&quot;:[]},&quot;link_to&quot;:&quot;file&quot;,&quot;overlay_background&quot;:&quot;yes&quot;,&quot;content_hover_animation&quot;:&quot;fade-in&quot;}\" data-widget_type=\"gallery.default\">\n\t\t\t\t<div class=\"elementor-widget-container\">\n\t\t\t\t\t\t\t<div class=\"elementor-gallery__container\">\n\t\t\t\t\t\t\t<a class=\"e-gallery-item elementor-gallery-item elementor-animated-content\" href=\"https:\/\/blisspire.eu\/wp-content\/uploads\/2025\/01\/Foto-Wanderers-LAVA-LUDICA-foto-Dan-Malureanu-0421.jpg\" data-elementor-open-lightbox=\"yes\" data-elementor-lightbox-slideshow=\"78f860c\" data-e-action-hash=\"#elementor-action%3Aaction%3Dlightbox%26settings%3DeyJpZCI6MTc0MywidXJsIjoiaHR0cHM6XC9cL2JsaXNzcGlyZS5ldVwvd3AtY29udGVudFwvdXBsb2Fkc1wvMjAyNVwvMDFcL0ZvdG8tV2FuZGVyZXJzLUxBVkEtTFVESUNBLWZvdG8tRGFuLU1hbHVyZWFudS0wNDIxLmpwZyIsInNsaWRlc2hvdyI6Ijc4Zjg2MGMifQ%3D%3D\">\n\t\t\t\t\t<div class=\"e-gallery-image elementor-gallery-item__image\" data-thumbnail=\"https:\/\/blisspire.eu\/wp-content\/uploads\/2025\/01\/Foto-Wanderers-LAVA-LUDICA-foto-Dan-Malureanu-0421-768x512.jpg\" data-width=\"768\" data-height=\"512\" aria-label=\"\" role=\"img\" ><\/div>\n\t\t\t\t\t\t\t\t\t\t\t<div class=\"elementor-gallery-item__overlay\"><\/div>\n\t\t\t\t\t\t\t\t\t\t\t\t\t\t<\/a>\n\t\t\t\t\t\t\t<a class=\"e-gallery-item elementor-gallery-item elementor-animated-content\" href=\"https:\/\/blisspire.eu\/wp-content\/uploads\/2025\/01\/Foto-Wanderers-LAVA-LUDICA-foto-Dan-Malureanu-0422.jpg\" data-elementor-open-lightbox=\"yes\" data-elementor-lightbox-slideshow=\"78f860c\" data-e-action-hash=\"#elementor-action%3Aaction%3Dlightbox%26settings%3DeyJpZCI6MTc0NCwidXJsIjoiaHR0cHM6XC9cL2JsaXNzcGlyZS5ldVwvd3AtY29udGVudFwvdXBsb2Fkc1wvMjAyNVwvMDFcL0ZvdG8tV2FuZGVyZXJzLUxBVkEtTFVESUNBLWZvdG8tRGFuLU1hbHVyZWFudS0wNDIyLmpwZyIsInNsaWRlc2hvdyI6Ijc4Zjg2MGMifQ%3D%3D\">\n\t\t\t\t\t<div class=\"e-gallery-image elementor-gallery-item__image\" data-thumbnail=\"https:\/\/blisspire.eu\/wp-content\/uploads\/2025\/01\/Foto-Wanderers-LAVA-LUDICA-foto-Dan-Malureanu-0422-768x512.jpg\" data-width=\"768\" data-height=\"512\" aria-label=\"\" role=\"img\" ><\/div>\n\t\t\t\t\t\t\t\t\t\t\t<div class=\"elementor-gallery-item__overlay\"><\/div>\n\t\t\t\t\t\t\t\t\t\t\t\t\t\t<\/a>\n\t\t\t\t\t\t\t<a class=\"e-gallery-item elementor-gallery-item elementor-animated-content\" href=\"https:\/\/blisspire.eu\/wp-content\/uploads\/2025\/01\/Foto-Wanderers-LAVA-LUDICA-foto-Dan-Malureanu-0414.jpg\" data-elementor-open-lightbox=\"yes\" data-elementor-lightbox-slideshow=\"78f860c\" data-e-action-hash=\"#elementor-action%3Aaction%3Dlightbox%26settings%3DeyJpZCI6MTc0MSwidXJsIjoiaHR0cHM6XC9cL2JsaXNzcGlyZS5ldVwvd3AtY29udGVudFwvdXBsb2Fkc1wvMjAyNVwvMDFcL0ZvdG8tV2FuZGVyZXJzLUxBVkEtTFVESUNBLWZvdG8tRGFuLU1hbHVyZWFudS0wNDE0LmpwZyIsInNsaWRlc2hvdyI6Ijc4Zjg2MGMifQ%3D%3D\">\n\t\t\t\t\t<div class=\"e-gallery-image elementor-gallery-item__image\" data-thumbnail=\"https:\/\/blisspire.eu\/wp-content\/uploads\/2025\/01\/Foto-Wanderers-LAVA-LUDICA-foto-Dan-Malureanu-0414-768x1152.jpg\" data-width=\"768\" data-height=\"1152\" aria-label=\"\" role=\"img\" ><\/div>\n\t\t\t\t\t\t\t\t\t\t\t<div class=\"elementor-gallery-item__overlay\"><\/div>\n\t\t\t\t\t\t\t\t\t\t\t\t\t\t<\/a>\n\t\t\t\t\t\t\t<a class=\"e-gallery-item elementor-gallery-item elementor-animated-content\" href=\"https:\/\/blisspire.eu\/wp-content\/uploads\/2025\/01\/Foto-Wanderers-LAVA-LUDICA-foto-Dan-Malureanu-0415.jpg\" data-elementor-open-lightbox=\"yes\" data-elementor-lightbox-slideshow=\"78f860c\" data-e-action-hash=\"#elementor-action%3Aaction%3Dlightbox%26settings%3DeyJpZCI6MTc0MiwidXJsIjoiaHR0cHM6XC9cL2JsaXNzcGlyZS5ldVwvd3AtY29udGVudFwvdXBsb2Fkc1wvMjAyNVwvMDFcL0ZvdG8tV2FuZGVyZXJzLUxBVkEtTFVESUNBLWZvdG8tRGFuLU1hbHVyZWFudS0wNDE1LmpwZyIsInNsaWRlc2hvdyI6Ijc4Zjg2MGMifQ%3D%3D\">\n\t\t\t\t\t<div class=\"e-gallery-image elementor-gallery-item__image\" data-thumbnail=\"https:\/\/blisspire.eu\/wp-content\/uploads\/2025\/01\/Foto-Wanderers-LAVA-LUDICA-foto-Dan-Malureanu-0415-768x1152.jpg\" data-width=\"768\" data-height=\"1152\" aria-label=\"\" role=\"img\" ><\/div>\n\t\t\t\t\t\t\t\t\t\t\t<div class=\"elementor-gallery-item__overlay\"><\/div>\n\t\t\t\t\t\t\t\t\t\t\t\t\t\t<\/a>\n\t\t\t\t\t\t\t<a class=\"e-gallery-item elementor-gallery-item elementor-animated-content\" href=\"https:\/\/blisspire.eu\/wp-content\/uploads\/2025\/01\/Foto-Wanderers-LAVA-LUDICA-foto-Dan-Malureanu-0423.jpg\" data-elementor-open-lightbox=\"yes\" data-elementor-lightbox-slideshow=\"78f860c\" data-e-action-hash=\"#elementor-action%3Aaction%3Dlightbox%26settings%3DeyJpZCI6MTc0NSwidXJsIjoiaHR0cHM6XC9cL2JsaXNzcGlyZS5ldVwvd3AtY29udGVudFwvdXBsb2Fkc1wvMjAyNVwvMDFcL0ZvdG8tV2FuZGVyZXJzLUxBVkEtTFVESUNBLWZvdG8tRGFuLU1hbHVyZWFudS0wNDIzLmpwZyIsInNsaWRlc2hvdyI6Ijc4Zjg2MGMifQ%3D%3D\">\n\t\t\t\t\t<div class=\"e-gallery-image elementor-gallery-item__image\" data-thumbnail=\"https:\/\/blisspire.eu\/wp-content\/uploads\/2025\/01\/Foto-Wanderers-LAVA-LUDICA-foto-Dan-Malureanu-0423-768x512.jpg\" data-width=\"768\" data-height=\"512\" aria-label=\"\" role=\"img\" ><\/div>\n\t\t\t\t\t\t\t\t\t\t\t<div class=\"elementor-gallery-item__overlay\"><\/div>\n\t\t\t\t\t\t\t\t\t\t\t\t\t\t<\/a>\n\t\t\t\t\t\t\t<a class=\"e-gallery-item elementor-gallery-item elementor-animated-content\" href=\"https:\/\/blisspire.eu\/wp-content\/uploads\/2025\/01\/Foto-Wanderers-LAVA-LUDICA-foto-Dan-Malureanu-0428.jpg\" data-elementor-open-lightbox=\"yes\" data-elementor-lightbox-slideshow=\"78f860c\" data-e-action-hash=\"#elementor-action%3Aaction%3Dlightbox%26settings%3DeyJpZCI6MTc0NiwidXJsIjoiaHR0cHM6XC9cL2JsaXNzcGlyZS5ldVwvd3AtY29udGVudFwvdXBsb2Fkc1wvMjAyNVwvMDFcL0ZvdG8tV2FuZGVyZXJzLUxBVkEtTFVESUNBLWZvdG8tRGFuLU1hbHVyZWFudS0wNDI4LmpwZyIsInNsaWRlc2hvdyI6Ijc4Zjg2MGMifQ%3D%3D\">\n\t\t\t\t\t<div class=\"e-gallery-image elementor-gallery-item__image\" data-thumbnail=\"https:\/\/blisspire.eu\/wp-content\/uploads\/2025\/01\/Foto-Wanderers-LAVA-LUDICA-foto-Dan-Malureanu-0428-768x512.jpg\" data-width=\"768\" data-height=\"512\" aria-label=\"\" role=\"img\" ><\/div>\n\t\t\t\t\t\t\t\t\t\t\t<div class=\"elementor-gallery-item__overlay\"><\/div>\n\t\t\t\t\t\t\t\t\t\t\t\t\t\t<\/a>\n\t\t\t\t\t\t\t<a class=\"e-gallery-item elementor-gallery-item elementor-animated-content\" href=\"https:\/\/blisspire.eu\/wp-content\/uploads\/2025\/01\/Foto-Wanderers-LAVA-LUDICA-foto-Dan-Malureanu-0429.jpg\" data-elementor-open-lightbox=\"yes\" data-elementor-lightbox-slideshow=\"78f860c\" data-e-action-hash=\"#elementor-action%3Aaction%3Dlightbox%26settings%3DeyJpZCI6MTc0NywidXJsIjoiaHR0cHM6XC9cL2JsaXNzcGlyZS5ldVwvd3AtY29udGVudFwvdXBsb2Fkc1wvMjAyNVwvMDFcL0ZvdG8tV2FuZGVyZXJzLUxBVkEtTFVESUNBLWZvdG8tRGFuLU1hbHVyZWFudS0wNDI5LmpwZyIsInNsaWRlc2hvdyI6Ijc4Zjg2MGMifQ%3D%3D\">\n\t\t\t\t\t<div class=\"e-gallery-image elementor-gallery-item__image\" data-thumbnail=\"https:\/\/blisspire.eu\/wp-content\/uploads\/2025\/01\/Foto-Wanderers-LAVA-LUDICA-foto-Dan-Malureanu-0429-768x512.jpg\" data-width=\"768\" data-height=\"512\" aria-label=\"\" role=\"img\" ><\/div>\n\t\t\t\t\t\t\t\t\t\t\t<div class=\"elementor-gallery-item__overlay\"><\/div>\n\t\t\t\t\t\t\t\t\t\t\t\t\t\t<\/a>\n\t\t\t\t\t\t\t<a class=\"e-gallery-item elementor-gallery-item elementor-animated-content\" href=\"https:\/\/blisspire.eu\/wp-content\/uploads\/2025\/01\/Foto-Wanderers-LAVA-LUDICA-foto-Dan-Malureanu-0431.jpg\" data-elementor-open-lightbox=\"yes\" data-elementor-lightbox-slideshow=\"78f860c\" data-e-action-hash=\"#elementor-action%3Aaction%3Dlightbox%26settings%3DeyJpZCI6MTc0OCwidXJsIjoiaHR0cHM6XC9cL2JsaXNzcGlyZS5ldVwvd3AtY29udGVudFwvdXBsb2Fkc1wvMjAyNVwvMDFcL0ZvdG8tV2FuZGVyZXJzLUxBVkEtTFVESUNBLWZvdG8tRGFuLU1hbHVyZWFudS0wNDMxLmpwZyIsInNsaWRlc2hvdyI6Ijc4Zjg2MGMifQ%3D%3D\">\n\t\t\t\t\t<div class=\"e-gallery-image elementor-gallery-item__image\" data-thumbnail=\"https:\/\/blisspire.eu\/wp-content\/uploads\/2025\/01\/Foto-Wanderers-LAVA-LUDICA-foto-Dan-Malureanu-0431-768x512.jpg\" data-width=\"768\" data-height=\"512\" aria-label=\"\" role=\"img\" ><\/div>\n\t\t\t\t\t\t\t\t\t\t\t<div class=\"elementor-gallery-item__overlay\"><\/div>\n\t\t\t\t\t\t\t\t\t\t\t\t\t\t<\/a>\n\t\t\t\t\t\t\t<a class=\"e-gallery-item elementor-gallery-item elementor-animated-content\" href=\"https:\/\/blisspire.eu\/wp-content\/uploads\/2025\/01\/Foto-Wanderers-LAVA-LUDICA-foto-Dan-Malureanu-0432.jpg\" data-elementor-open-lightbox=\"yes\" data-elementor-lightbox-slideshow=\"78f860c\" data-e-action-hash=\"#elementor-action%3Aaction%3Dlightbox%26settings%3DeyJpZCI6MTc0OSwidXJsIjoiaHR0cHM6XC9cL2JsaXNzcGlyZS5ldVwvd3AtY29udGVudFwvdXBsb2Fkc1wvMjAyNVwvMDFcL0ZvdG8tV2FuZGVyZXJzLUxBVkEtTFVESUNBLWZvdG8tRGFuLU1hbHVyZWFudS0wNDMyLmpwZyIsInNsaWRlc2hvdyI6Ijc4Zjg2MGMifQ%3D%3D\">\n\t\t\t\t\t<div class=\"e-gallery-image elementor-gallery-item__image\" data-thumbnail=\"https:\/\/blisspire.eu\/wp-content\/uploads\/2025\/01\/Foto-Wanderers-LAVA-LUDICA-foto-Dan-Malureanu-0432-768x512.jpg\" data-width=\"768\" data-height=\"512\" aria-label=\"\" role=\"img\" ><\/div>\n\t\t\t\t\t\t\t\t\t\t\t<div class=\"elementor-gallery-item__overlay\"><\/div>\n\t\t\t\t\t\t\t\t\t\t\t\t\t\t<\/a>\n\t\t\t\t\t\t\t<a class=\"e-gallery-item elementor-gallery-item elementor-animated-content\" href=\"https:\/\/blisspire.eu\/wp-content\/uploads\/2025\/01\/Foto-Wanderers-LAVA-LUDICA-foto-Dan-Malureanu-0433.jpg\" data-elementor-open-lightbox=\"yes\" data-elementor-lightbox-slideshow=\"78f860c\" data-e-action-hash=\"#elementor-action%3Aaction%3Dlightbox%26settings%3DeyJpZCI6MTc1MCwidXJsIjoiaHR0cHM6XC9cL2JsaXNzcGlyZS5ldVwvd3AtY29udGVudFwvdXBsb2Fkc1wvMjAyNVwvMDFcL0ZvdG8tV2FuZGVyZXJzLUxBVkEtTFVESUNBLWZvdG8tRGFuLU1hbHVyZWFudS0wNDMzLmpwZyIsInNsaWRlc2hvdyI6Ijc4Zjg2MGMifQ%3D%3D\">\n\t\t\t\t\t<div class=\"e-gallery-image elementor-gallery-item__image\" data-thumbnail=\"https:\/\/blisspire.eu\/wp-content\/uploads\/2025\/01\/Foto-Wanderers-LAVA-LUDICA-foto-Dan-Malureanu-0433-768x512.jpg\" data-width=\"768\" data-height=\"512\" aria-label=\"\" role=\"img\" ><\/div>\n\t\t\t\t\t\t\t\t\t\t\t<div class=\"elementor-gallery-item__overlay\"><\/div>\n\t\t\t\t\t\t\t\t\t\t\t\t\t\t<\/a>\n\t\t\t\t\t\t\t<a class=\"e-gallery-item elementor-gallery-item elementor-animated-content\" href=\"https:\/\/blisspire.eu\/wp-content\/uploads\/2025\/01\/Foto-Wanderers-LAVA-LUDICA-foto-Dan-Malureanu-0434.jpg\" data-elementor-open-lightbox=\"yes\" data-elementor-lightbox-slideshow=\"78f860c\" data-e-action-hash=\"#elementor-action%3Aaction%3Dlightbox%26settings%3DeyJpZCI6MTc1MSwidXJsIjoiaHR0cHM6XC9cL2JsaXNzcGlyZS5ldVwvd3AtY29udGVudFwvdXBsb2Fkc1wvMjAyNVwvMDFcL0ZvdG8tV2FuZGVyZXJzLUxBVkEtTFVESUNBLWZvdG8tRGFuLU1hbHVyZWFudS0wNDM0LmpwZyIsInNsaWRlc2hvdyI6Ijc4Zjg2MGMifQ%3D%3D\">\n\t\t\t\t\t<div class=\"e-gallery-image elementor-gallery-item__image\" data-thumbnail=\"https:\/\/blisspire.eu\/wp-content\/uploads\/2025\/01\/Foto-Wanderers-LAVA-LUDICA-foto-Dan-Malureanu-0434-768x512.jpg\" data-width=\"768\" data-height=\"512\" aria-label=\"\" role=\"img\" ><\/div>\n\t\t\t\t\t\t\t\t\t\t\t<div class=\"elementor-gallery-item__overlay\"><\/div>\n\t\t\t\t\t\t\t\t\t\t\t\t\t\t<\/a>\n\t\t\t\t\t\t\t<a class=\"e-gallery-item elementor-gallery-item elementor-animated-content\" href=\"https:\/\/blisspire.eu\/wp-content\/uploads\/2025\/01\/Foto-Wanderers-LAVA-LUDICA-foto-Dan-Malureanu-0435.jpg\" data-elementor-open-lightbox=\"yes\" data-elementor-lightbox-slideshow=\"78f860c\" data-e-action-hash=\"#elementor-action%3Aaction%3Dlightbox%26settings%3DeyJpZCI6MTc1MiwidXJsIjoiaHR0cHM6XC9cL2JsaXNzcGlyZS5ldVwvd3AtY29udGVudFwvdXBsb2Fkc1wvMjAyNVwvMDFcL0ZvdG8tV2FuZGVyZXJzLUxBVkEtTFVESUNBLWZvdG8tRGFuLU1hbHVyZWFudS0wNDM1LmpwZyIsInNsaWRlc2hvdyI6Ijc4Zjg2MGMifQ%3D%3D\">\n\t\t\t\t\t<div class=\"e-gallery-image elementor-gallery-item__image\" data-thumbnail=\"https:\/\/blisspire.eu\/wp-content\/uploads\/2025\/01\/Foto-Wanderers-LAVA-LUDICA-foto-Dan-Malureanu-0435-768x512.jpg\" data-width=\"768\" data-height=\"512\" aria-label=\"\" role=\"img\" ><\/div>\n\t\t\t\t\t\t\t\t\t\t\t<div class=\"elementor-gallery-item__overlay\"><\/div>\n\t\t\t\t\t\t\t\t\t\t\t\t\t\t<\/a>\n\t\t\t\t\t\t\t<a class=\"e-gallery-item elementor-gallery-item elementor-animated-content\" href=\"https:\/\/blisspire.eu\/wp-content\/uploads\/2025\/01\/Foto-Wanderers-LAVA-LUDICA-foto-Dan-Malureanu-0436.jpg\" data-elementor-open-lightbox=\"yes\" data-elementor-lightbox-slideshow=\"78f860c\" data-e-action-hash=\"#elementor-action%3Aaction%3Dlightbox%26settings%3DeyJpZCI6MTc1MywidXJsIjoiaHR0cHM6XC9cL2JsaXNzcGlyZS5ldVwvd3AtY29udGVudFwvdXBsb2Fkc1wvMjAyNVwvMDFcL0ZvdG8tV2FuZGVyZXJzLUxBVkEtTFVESUNBLWZvdG8tRGFuLU1hbHVyZWFudS0wNDM2LmpwZyIsInNsaWRlc2hvdyI6Ijc4Zjg2MGMifQ%3D%3D\">\n\t\t\t\t\t<div class=\"e-gallery-image elementor-gallery-item__image\" data-thumbnail=\"https:\/\/blisspire.eu\/wp-content\/uploads\/2025\/01\/Foto-Wanderers-LAVA-LUDICA-foto-Dan-Malureanu-0436-768x512.jpg\" data-width=\"768\" data-height=\"512\" aria-label=\"\" role=\"img\" ><\/div>\n\t\t\t\t\t\t\t\t\t\t\t<div class=\"elementor-gallery-item__overlay\"><\/div>\n\t\t\t\t\t\t\t\t\t\t\t\t\t\t<\/a>\n\t\t\t\t\t\t\t<a class=\"e-gallery-item elementor-gallery-item elementor-animated-content\" href=\"https:\/\/blisspire.eu\/wp-content\/uploads\/2025\/01\/Foto-Wanderers-LAVA-LUDICA-foto-Dan-Malureanu-0440.jpg\" data-elementor-open-lightbox=\"yes\" data-elementor-lightbox-slideshow=\"78f860c\" data-e-action-hash=\"#elementor-action%3Aaction%3Dlightbox%26settings%3DeyJpZCI6MTc1NCwidXJsIjoiaHR0cHM6XC9cL2JsaXNzcGlyZS5ldVwvd3AtY29udGVudFwvdXBsb2Fkc1wvMjAyNVwvMDFcL0ZvdG8tV2FuZGVyZXJzLUxBVkEtTFVESUNBLWZvdG8tRGFuLU1hbHVyZWFudS0wNDQwLmpwZyIsInNsaWRlc2hvdyI6Ijc4Zjg2MGMifQ%3D%3D\">\n\t\t\t\t\t<div class=\"e-gallery-image elementor-gallery-item__image\" data-thumbnail=\"https:\/\/blisspire.eu\/wp-content\/uploads\/2025\/01\/Foto-Wanderers-LAVA-LUDICA-foto-Dan-Malureanu-0440-768x512.jpg\" data-width=\"768\" data-height=\"512\" aria-label=\"\" role=\"img\" ><\/div>\n\t\t\t\t\t\t\t\t\t\t\t<div class=\"elementor-gallery-item__overlay\"><\/div>\n\t\t\t\t\t\t\t\t\t\t\t\t\t\t<\/a>\n\t\t\t\t\t<\/div>\n\t\t\t\t\t<\/div>\n\t\t\t\t<\/div>\n\t\t\t\t\t<\/div>\n\t\t\t\t<\/div>\n\t\t<div class=\"elementor-element elementor-element-17b8b57 e-flex e-con-boxed e-con e-parent\" data-id=\"17b8b57\" data-element_type=\"container\" data-e-type=\"container\">\n\t\t\t\t\t<div class=\"e-con-inner\">\n\t\t\t\t<div class=\"elementor-element elementor-element-5ecd1b3 elementor-widget elementor-widget-spacer\" data-id=\"5ecd1b3\" data-element_type=\"widget\" data-e-type=\"widget\" data-widget_type=\"spacer.default\">\n\t\t\t\t<div class=\"elementor-widget-container\">\n\t\t\t\t\t\t\t<div class=\"elementor-spacer\">\n\t\t\t<div class=\"elementor-spacer-inner\"><\/div>\n\t\t<\/div>\n\t\t\t\t\t\t<\/div>\n\t\t\t\t<\/div>\n\t\t\t\t\t<\/div>\n\t\t\t\t<\/div>\n\t\t\t\t<\/div>","protected":false},"excerpt":{"rendered":"<p>This 50 m\u00b2 studio, located in the historic Schei area of Bra\u0219ov&#8217;s Old Town, is part of a beautifully renovated old building. Featuring an eclectic style that blends modern functionality [&hellip;]<\/p>\n","protected":false},"author":2,"featured_media":0,"parent":1490,"menu_order":0,"comment_status":"closed","ping_status":"closed","template":"elementor_header_footer","meta":{"footnotes":""},"class_list":["post-1739","page","type-page","status-publish","hentry"],"_links":{"self":[{"href":"https:\/\/blisspire.eu\/ro\/wp-json\/wp\/v2\/pages\/1739","targetHints":{"allow":["GET"]}}],"collection":[{"href":"https:\/\/blisspire.eu\/ro\/wp-json\/wp\/v2\/pages"}],"about":[{"href":"https:\/\/blisspire.eu\/ro\/wp-json\/wp\/v2\/types\/page"}],"author":[{"embeddable":true,"href":"https:\/\/blisspire.eu\/ro\/wp-json\/wp\/v2\/users\/2"}],"replies":[{"embeddable":true,"href":"https:\/\/blisspire.eu\/ro\/wp-json\/wp\/v2\/comments?post=1739"}],"version-history":[{"count":0,"href":"https:\/\/blisspire.eu\/ro\/wp-json\/wp\/v2\/pages\/1739\/revisions"}],"up":[{"embeddable":true,"href":"https:\/\/blisspire.eu\/ro\/wp-json\/wp\/v2\/pages\/1490"}],"wp:attachment":[{"href":"https:\/\/blisspire.eu\/ro\/wp-json\/wp\/v2\/media?parent=1739"}],"curies":[{"name":"wp","href":"https:\/\/api.w.org\/{rel}","templated":true}]}}