{"id":2259,"date":"2025-02-17T11:41:56","date_gmt":"2025-02-17T11:41:56","guid":{"rendered":"https:\/\/blisspire.eu\/?page_id=2259"},"modified":"2025-09-22T01:26:59","modified_gmt":"2025-09-21T22:26:59","slug":"our-own-concepts","status":"publish","type":"page","link":"https:\/\/blisspire.eu\/ro\/blissevents-evenimente-blisspire\/conceptele-noastre-originale\/","title":{"rendered":"Concepte Proprii"},"content":{"rendered":"<div data-elementor-type=\"wp-page\" data-elementor-id=\"2259\" class=\"elementor elementor-2259\" data-elementor-post-type=\"page\">\n\t\t\t\t<div class=\"elementor-element elementor-element-3ffffdf e-flex e-con-boxed e-con e-parent\" data-id=\"3ffffdf\" data-element_type=\"container\" data-e-type=\"container\">\n\t\t\t\t\t<div class=\"e-con-inner\">\n\t\t\t\t<div class=\"elementor-element elementor-element-505f07d elementor-widget elementor-widget-heading\" data-id=\"505f07d\" data-element_type=\"widget\" data-e-type=\"widget\" data-widget_type=\"heading.default\">\n\t\t\t\t<div class=\"elementor-widget-container\">\n\t\t\t\t\t<h1 class=\"elementor-heading-title elementor-size-default\">CONCEPTELE NOASTRE PROPRII<\/h1>\t\t\t\t<\/div>\n\t\t\t\t<\/div>\n\t\t\t\t\t<\/div>\n\t\t\t\t<\/div>\n\t\t<div class=\"elementor-element elementor-element-de59fbf e-flex e-con-boxed e-con e-parent\" data-id=\"de59fbf\" data-element_type=\"container\" data-e-type=\"container\">\n\t\t\t\t\t<div class=\"e-con-inner\">\n\t\t\t\t<div class=\"elementor-element elementor-element-3f64b3b elementor-widget elementor-widget-heading\" data-id=\"3f64b3b\" data-element_type=\"widget\" data-e-type=\"widget\" data-widget_type=\"heading.default\">\n\t\t\t\t<div class=\"elementor-widget-container\">\n\t\t\t\t\t<h2 class=\"elementor-heading-title elementor-size-default\">Evenimente care reflect\u0103 viziunea noastr\u0103<\/h2>\t\t\t\t<\/div>\n\t\t\t\t<\/div>\n\t\t\t\t\t<\/div>\n\t\t\t\t<\/div>\n\t\t<div class=\"elementor-element elementor-element-db13b92 e-flex e-con-boxed e-con e-parent\" data-id=\"db13b92\" data-element_type=\"container\" data-e-type=\"container\">\n\t\t\t\t\t<div class=\"e-con-inner\">\n\t\t\t\t<div class=\"elementor-element elementor-element-5c2c1dc elementor-widget elementor-widget-text-editor\" data-id=\"5c2c1dc\" data-element_type=\"widget\" data-e-type=\"widget\" data-widget_type=\"text-editor.default\">\n\t\t\t\t<div class=\"elementor-widget-container\">\n\t\t\t\t\t\t\t\t\t<p>\u00cen aceast\u0103 sec\u021biune reg\u0103se\u0219ti evenimentele concepute integral de noi, de la idee la execu\u021bie. Alegem cu grij\u0103 scopul, tema, loca\u021bia \u0219i partenerii, astfel \u00eenc\u00e2t fiecare eveniment s\u0103 reflecte valorile \u0219i misiunea noastr\u0103.<\/p><p>Acestea nu sunt simple \u00eent\u00e2lniri, sunt expresii ale felului \u00een care vedem via\u021ba: plin\u0103 de bucurie, inspira\u021bie \u0219i conexiuni autentice.\nPrin ele cre\u0103m contexte pentru cre\u0219tere \u0219i apropiere uman\u0103, \u00een care oamenii pot d\u0103rui, primi \u0219i fi inspira\u021bi.<\/p><p>Fiecare detaliu este g\u00e2ndit cu grij\u0103 pentru a transmite frumuse\u021be, sens \u0219i puterea experien\u021belor \u00eemp\u0103rt\u0103\u0219ite, pentru c\u0103 noi credem c\u0103 momentele tr\u0103ite cu profunzime \u0219i autenticitate r\u0103m\u00e2n cu adev\u0103rat \u00een suflet.<\/p>\t\t\t\t\t\t\t\t<\/div>\n\t\t\t\t<\/div>\n\t\t\t\t\t<\/div>\n\t\t\t\t<\/div>\n\t\t<div class=\"elementor-element elementor-element-5b669e5 e-flex e-con-boxed e-con e-parent\" data-id=\"5b669e5\" data-element_type=\"container\" data-e-type=\"container\">\n\t\t\t\t\t<div class=\"e-con-inner\">\n\t\t<div class=\"elementor-element elementor-element-adb6ca0 e-con-full e-flex e-con e-child\" data-id=\"adb6ca0\" data-element_type=\"container\" data-e-type=\"container\">\n\t\t<div class=\"elementor-element elementor-element-b971a62 e-con-full e-flex e-con e-child\" data-id=\"b971a62\" data-element_type=\"container\" data-e-type=\"container\">\n\t\t\t\t<div class=\"elementor-element elementor-element-eb2fdff elementor-widget elementor-widget-image\" data-id=\"eb2fdff\" data-element_type=\"widget\" data-e-type=\"widget\" data-widget_type=\"image.default\">\n\t\t\t\t<div class=\"elementor-widget-container\">\n\t\t\t\t\t\t\t\t\t\t\t\t\t\t\t\t<a href=\"https:\/\/blisspire.eu\/ro\/blissevents-evenimente-blisspire\/conceptele-noastre-originale\/blissgiving-in-pink-eveniment-caritabil-editia-1-beneficiar-addip-2023\/\">\n\t\t\t\t\t\t\t<img fetchpriority=\"high\" decoding=\"async\" width=\"800\" height=\"534\" src=\"https:\/\/blisspire.eu\/wp-content\/uploads\/2025\/02\/FTG_5884.webp\" class=\"attachment-large size-large wp-image-3219\" alt=\"\" srcset=\"https:\/\/blisspire.eu\/wp-content\/uploads\/2025\/02\/FTG_5884.webp 1024w, https:\/\/blisspire.eu\/wp-content\/uploads\/2025\/02\/FTG_5884-300x200.webp 300w, https:\/\/blisspire.eu\/wp-content\/uploads\/2025\/02\/FTG_5884-768x512.webp 768w\" sizes=\"(max-width: 800px) 100vw, 800px\" \/>\t\t\t\t\t\t\t\t<\/a>\n\t\t\t\t\t\t\t\t\t\t\t\t\t\t\t<\/div>\n\t\t\t\t<\/div>\n\t\t\t\t<\/div>\n\t\t<div class=\"elementor-element elementor-element-7da6645 e-con-full e-flex e-con e-child\" data-id=\"7da6645\" data-element_type=\"container\" data-e-type=\"container\">\n\t\t\t\t<div class=\"elementor-element elementor-element-5c514f9 elementor-widget elementor-widget-heading\" data-id=\"5c514f9\" data-element_type=\"widget\" data-e-type=\"widget\" data-widget_type=\"heading.default\">\n\t\t\t\t<div class=\"elementor-widget-container\">\n\t\t\t\t\t<h2 class=\"elementor-heading-title elementor-size-default\"><a href=\"https:\/\/blisspire.eu\/ro\/blissevents-evenimente-blisspire\/conceptele-noastre-originale\/blissgiving-in-pink-eveniment-caritabil-editia-1-beneficiar-addip-2023\/\">BlissGiving in Pink <br> Charity Event, 1st Edition<\/a><\/h2>\t\t\t\t<\/div>\n\t\t\t\t<\/div>\n\t\t\t\t<\/div>\n\t\t\t\t<\/div>\n\t\t<div class=\"elementor-element elementor-element-cdbfd07 e-con-full e-flex e-con e-child\" data-id=\"cdbfd07\" data-element_type=\"container\" data-e-type=\"container\">\n\t\t<div class=\"elementor-element elementor-element-425802f e-con-full e-flex e-con e-child\" data-id=\"425802f\" data-element_type=\"container\" data-e-type=\"container\">\n\t\t\t\t<div class=\"elementor-element elementor-element-cfd6788 elementor-widget elementor-widget-image\" data-id=\"cfd6788\" data-element_type=\"widget\" data-e-type=\"widget\" data-widget_type=\"image.default\">\n\t\t\t\t<div class=\"elementor-widget-container\">\n\t\t\t\t\t\t\t\t\t\t\t\t\t\t\t\t<a href=\"https:\/\/blisspire.eu\/ro\/blissevents-evenimente-blisspire\/conceptele-noastre-originale\/blissgiving-in-pink-eveniment-caritabil-editia-2-beneficiar-hospice-casa-sperantei\/\">\n\t\t\t\t\t\t\t<img decoding=\"async\" width=\"800\" height=\"466\" src=\"https:\/\/blisspire.eu\/wp-content\/uploads\/2025\/02\/H7A2790-1024x596.webp\" class=\"attachment-large size-large wp-image-2779\" alt=\"\" srcset=\"https:\/\/blisspire.eu\/wp-content\/uploads\/2025\/02\/H7A2790-1024x596.webp 1024w, https:\/\/blisspire.eu\/wp-content\/uploads\/2025\/02\/H7A2790-300x175.webp 300w, https:\/\/blisspire.eu\/wp-content\/uploads\/2025\/02\/H7A2790-768x447.webp 768w, https:\/\/blisspire.eu\/wp-content\/uploads\/2025\/02\/H7A2790-1536x894.webp 1536w, https:\/\/blisspire.eu\/wp-content\/uploads\/2025\/02\/H7A2790.webp 2048w\" sizes=\"(max-width: 800px) 100vw, 800px\" \/>\t\t\t\t\t\t\t\t<\/a>\n\t\t\t\t\t\t\t\t\t\t\t\t\t\t\t<\/div>\n\t\t\t\t<\/div>\n\t\t\t\t<\/div>\n\t\t<div class=\"elementor-element elementor-element-a891b24 e-con-full e-flex e-con e-child\" data-id=\"a891b24\" data-element_type=\"container\" data-e-type=\"container\">\n\t\t\t\t<div class=\"elementor-element elementor-element-02397cc elementor-widget elementor-widget-heading\" data-id=\"02397cc\" data-element_type=\"widget\" data-e-type=\"widget\" data-widget_type=\"heading.default\">\n\t\t\t\t<div class=\"elementor-widget-container\">\n\t\t\t\t\t<h2 class=\"elementor-heading-title elementor-size-default\"><a href=\"https:\/\/blisspire.eu\/ro\/blissevents-evenimente-blisspire\/conceptele-noastre-originale\/blissgiving-in-pink-eveniment-caritabil-editia-2-beneficiar-hospice-casa-sperantei\/\">BlissGiving in Pink <br> Charity Event, 2nd Edition<\/a><\/h2>\t\t\t\t<\/div>\n\t\t\t\t<\/div>\n\t\t\t\t<\/div>\n\t\t\t\t<\/div>\n\t\t<div class=\"elementor-element elementor-element-47b58fc e-con-full e-flex e-con e-child\" data-id=\"47b58fc\" data-element_type=\"container\" data-e-type=\"container\">\n\t\t<div class=\"elementor-element elementor-element-6c89c23 e-con-full e-flex e-con e-child\" data-id=\"6c89c23\" data-element_type=\"container\" data-e-type=\"container\">\n\t\t\t\t<div class=\"elementor-element elementor-element-2a28460 elementor-widget elementor-widget-image\" data-id=\"2a28460\" data-element_type=\"widget\" data-e-type=\"widget\" data-widget_type=\"image.default\">\n\t\t\t\t<div class=\"elementor-widget-container\">\n\t\t\t\t\t\t\t\t\t\t\t\t\t\t\t\t<a href=\"https:\/\/blisspire.eu\/ro\/blissevents-evenimente-blisspire\/conceptele-noastre-originale\/cina-craciun-recunostinta-celebrare\/\">\n\t\t\t\t\t\t\t<img decoding=\"async\" width=\"800\" height=\"534\" src=\"https:\/\/blisspire.eu\/wp-content\/uploads\/2025\/02\/OFA_xmas150-1024x683.jpg\" class=\"attachment-large size-large wp-image-2539\" alt=\"\" srcset=\"https:\/\/blisspire.eu\/wp-content\/uploads\/2025\/02\/OFA_xmas150-1024x683.jpg 1024w, https:\/\/blisspire.eu\/wp-content\/uploads\/2025\/02\/OFA_xmas150-300x200.jpg 300w, https:\/\/blisspire.eu\/wp-content\/uploads\/2025\/02\/OFA_xmas150-768x512.jpg 768w, https:\/\/blisspire.eu\/wp-content\/uploads\/2025\/02\/OFA_xmas150-1536x1024.jpg 1536w, https:\/\/blisspire.eu\/wp-content\/uploads\/2025\/02\/OFA_xmas150-2048x1365.jpg 2048w\" sizes=\"(max-width: 800px) 100vw, 800px\" \/>\t\t\t\t\t\t\t\t<\/a>\n\t\t\t\t\t\t\t\t\t\t\t\t\t\t\t<\/div>\n\t\t\t\t<\/div>\n\t\t\t\t<\/div>\n\t\t<div class=\"elementor-element elementor-element-e9bf2b5 e-con-full e-flex e-con e-child\" data-id=\"e9bf2b5\" data-element_type=\"container\" data-e-type=\"container\">\n\t\t\t\t<div class=\"elementor-element elementor-element-bab6d0f elementor-widget elementor-widget-heading\" data-id=\"bab6d0f\" data-element_type=\"widget\" data-e-type=\"widget\" data-widget_type=\"heading.default\">\n\t\t\t\t<div class=\"elementor-widget-container\">\n\t\t\t\t\t<h2 class=\"elementor-heading-title elementor-size-default\"><a href=\"https:\/\/blisspire.eu\/ro\/blissevents-evenimente-blisspire\/conceptele-noastre-originale\/cina-craciun-recunostinta-celebrare\/\">Christmas Gratitude Dinner &amp; Celebration<\/a><\/h2>\t\t\t\t<\/div>\n\t\t\t\t<\/div>\n\t\t\t\t<\/div>\n\t\t\t\t<\/div>\n\t\t\t\t\t<\/div>\n\t\t\t\t<\/div>\n\t\t<div class=\"elementor-element elementor-element-f585c28 e-flex e-con-boxed e-con e-parent\" data-id=\"f585c28\" data-element_type=\"container\" data-e-type=\"container\">\n\t\t\t\t\t<div class=\"e-con-inner\">\n\t\t<div class=\"elementor-element elementor-element-755d1a4 e-con-full e-flex e-con e-child\" data-id=\"755d1a4\" data-element_type=\"container\" data-e-type=\"container\">\n\t\t<div class=\"elementor-element elementor-element-1ed6a66 e-con-full e-flex e-con e-child\" data-id=\"1ed6a66\" data-element_type=\"container\" data-e-type=\"container\">\n\t\t\t\t<div class=\"elementor-element elementor-element-3a15a0a elementor-widget elementor-widget-image\" data-id=\"3a15a0a\" data-element_type=\"widget\" data-e-type=\"widget\" data-widget_type=\"image.default\">\n\t\t\t\t<div class=\"elementor-widget-container\">\n\t\t\t\t\t\t\t\t\t\t\t\t\t\t\t\t<a href=\"https:\/\/blisspire.eu\/ro\/blissevents-evenimente-blisspire\/conceptele-noastre-originale\/cina-pop-up-thermomix-vino-ca-viitorul-tau-eu\/\">\n\t\t\t\t\t\t\t<img loading=\"lazy\" decoding=\"async\" width=\"683\" height=\"1024\" src=\"https:\/\/blisspire.eu\/wp-content\/uploads\/2025\/02\/FTG_0072-683x1024.jpg\" class=\"attachment-large size-large wp-image-2461\" alt=\"\" srcset=\"https:\/\/blisspire.eu\/wp-content\/uploads\/2025\/02\/FTG_0072-683x1024.jpg 683w, https:\/\/blisspire.eu\/wp-content\/uploads\/2025\/02\/FTG_0072-200x300.jpg 200w, https:\/\/blisspire.eu\/wp-content\/uploads\/2025\/02\/FTG_0072-768x1152.jpg 768w, https:\/\/blisspire.eu\/wp-content\/uploads\/2025\/02\/FTG_0072-1024x1536.jpg 1024w, https:\/\/blisspire.eu\/wp-content\/uploads\/2025\/02\/FTG_0072-1365x2048.jpg 1365w, https:\/\/blisspire.eu\/wp-content\/uploads\/2025\/02\/FTG_0072-scaled.jpg 1707w\" sizes=\"(max-width: 683px) 100vw, 683px\" \/>\t\t\t\t\t\t\t\t<\/a>\n\t\t\t\t\t\t\t\t\t\t\t\t\t\t\t<\/div>\n\t\t\t\t<\/div>\n\t\t\t\t<\/div>\n\t\t<div class=\"elementor-element elementor-element-dec657f e-con-full e-flex e-con e-child\" data-id=\"dec657f\" data-element_type=\"container\" data-e-type=\"container\">\n\t\t\t\t<div class=\"elementor-element elementor-element-3ec367b elementor-widget elementor-widget-heading\" data-id=\"3ec367b\" data-element_type=\"widget\" data-e-type=\"widget\" data-widget_type=\"heading.default\">\n\t\t\t\t<div class=\"elementor-widget-container\">\n\t\t\t\t\t<h2 class=\"elementor-heading-title elementor-size-default\"><a href=\"https:\/\/blisspire.eu\/ro\/blissevents-evenimente-blisspire\/conceptele-noastre-originale\/cina-pop-up-thermomix-vino-ca-viitorul-tau-eu\/\">Pop Up Dinner Thermomix <br>  Come as your future self<\/a><\/h2>\t\t\t\t<\/div>\n\t\t\t\t<\/div>\n\t\t\t\t<\/div>\n\t\t\t\t<\/div>\n\t\t<div class=\"elementor-element elementor-element-f025587 e-con-full e-flex e-con e-child\" data-id=\"f025587\" data-element_type=\"container\" data-e-type=\"container\">\n\t\t<div class=\"elementor-element elementor-element-d76c2c0 e-con-full e-flex e-con e-child\" data-id=\"d76c2c0\" data-element_type=\"container\" data-e-type=\"container\">\n\t\t\t\t<div class=\"elementor-element elementor-element-fd95e7b elementor-widget elementor-widget-image\" data-id=\"fd95e7b\" data-element_type=\"widget\" data-e-type=\"widget\" data-widget_type=\"image.default\">\n\t\t\t\t<div class=\"elementor-widget-container\">\n\t\t\t\t\t\t\t\t\t\t\t\t\t\t\t\t<a href=\"https:\/\/blisspire.eu\/ro\/blissevents-evenimente-blisspire\/conceptele-noastre-originale\/pasiune-si-distractie-in-afaceri-cu-julia-keck\/\">\n\t\t\t\t\t\t\t<img loading=\"lazy\" decoding=\"async\" width=\"800\" height=\"534\" src=\"https:\/\/blisspire.eu\/wp-content\/uploads\/2025\/02\/FTG_5477-1024x683.jpg\" class=\"attachment-large size-large wp-image-2512\" alt=\"\" srcset=\"https:\/\/blisspire.eu\/wp-content\/uploads\/2025\/02\/FTG_5477-1024x683.jpg 1024w, https:\/\/blisspire.eu\/wp-content\/uploads\/2025\/02\/FTG_5477-300x200.jpg 300w, https:\/\/blisspire.eu\/wp-content\/uploads\/2025\/02\/FTG_5477-768x512.jpg 768w, https:\/\/blisspire.eu\/wp-content\/uploads\/2025\/02\/FTG_5477-1536x1024.jpg 1536w, https:\/\/blisspire.eu\/wp-content\/uploads\/2025\/02\/FTG_5477-2048x1366.jpg 2048w\" sizes=\"(max-width: 800px) 100vw, 800px\" \/>\t\t\t\t\t\t\t\t<\/a>\n\t\t\t\t\t\t\t\t\t\t\t\t\t\t\t<\/div>\n\t\t\t\t<\/div>\n\t\t\t\t<\/div>\n\t\t<div class=\"elementor-element elementor-element-cad817c e-con-full e-flex e-con e-child\" data-id=\"cad817c\" data-element_type=\"container\" data-e-type=\"container\">\n\t\t\t\t<div class=\"elementor-element elementor-element-3ac5581 elementor-widget elementor-widget-heading\" data-id=\"3ac5581\" data-element_type=\"widget\" data-e-type=\"widget\" data-widget_type=\"heading.default\">\n\t\t\t\t<div class=\"elementor-widget-container\">\n\t\t\t\t\t<h2 class=\"elementor-heading-title elementor-size-default\"><a href=\"https:\/\/blisspire.eu\/ro\/blissevents-evenimente-blisspire\/conceptele-noastre-originale\/pasiune-si-distractie-in-afaceri-cu-julia-keck\/\">Infuz\u00e2nd bucurie \u0219i pasiune \u00een business - Cu Julia Keck<\/a><\/h2>\t\t\t\t<\/div>\n\t\t\t\t<\/div>\n\t\t\t\t<\/div>\n\t\t\t\t<\/div>\n\t\t<div class=\"elementor-element elementor-element-93b6743 e-con-full e-flex e-con e-child\" data-id=\"93b6743\" data-element_type=\"container\" data-e-type=\"container\">\n\t\t<div class=\"elementor-element elementor-element-03402cb e-con-full e-flex e-con e-child\" data-id=\"03402cb\" data-element_type=\"container\" data-e-type=\"container\">\n\t\t\t\t<div class=\"elementor-element elementor-element-720c17c elementor-widget elementor-widget-image\" data-id=\"720c17c\" data-element_type=\"widget\" data-e-type=\"widget\" data-widget_type=\"image.default\">\n\t\t\t\t<div class=\"elementor-widget-container\">\n\t\t\t\t\t\t\t\t\t\t\t\t\t\t\t\t<a href=\"https:\/\/blisspire.eu\/ro\/blissevents-evenimente-blisspire\/conceptele-noastre-originale\/soiree-de-primavara-o-delicata-celebrare-a-feminitatii\/\">\n\t\t\t\t\t\t\t<img loading=\"lazy\" decoding=\"async\" width=\"683\" height=\"1024\" src=\"https:\/\/blisspire.eu\/wp-content\/uploads\/2025\/02\/FTG_0420-683x1024.jpg\" class=\"attachment-large size-large wp-image-2632\" alt=\"\" srcset=\"https:\/\/blisspire.eu\/wp-content\/uploads\/2025\/02\/FTG_0420-683x1024.jpg 683w, https:\/\/blisspire.eu\/wp-content\/uploads\/2025\/02\/FTG_0420-200x300.jpg 200w, https:\/\/blisspire.eu\/wp-content\/uploads\/2025\/02\/FTG_0420-768x1152.jpg 768w, https:\/\/blisspire.eu\/wp-content\/uploads\/2025\/02\/FTG_0420-1024x1536.jpg 1024w, https:\/\/blisspire.eu\/wp-content\/uploads\/2025\/02\/FTG_0420.jpg 1365w\" sizes=\"(max-width: 683px) 100vw, 683px\" \/>\t\t\t\t\t\t\t\t<\/a>\n\t\t\t\t\t\t\t\t\t\t\t\t\t\t\t<\/div>\n\t\t\t\t<\/div>\n\t\t\t\t<\/div>\n\t\t<div class=\"elementor-element elementor-element-04ef5ce e-con-full e-flex e-con e-child\" data-id=\"04ef5ce\" data-element_type=\"container\" data-e-type=\"container\">\n\t\t\t\t<div class=\"elementor-element elementor-element-5803945 elementor-widget elementor-widget-heading\" data-id=\"5803945\" data-element_type=\"widget\" data-e-type=\"widget\" data-widget_type=\"heading.default\">\n\t\t\t\t<div class=\"elementor-widget-container\">\n\t\t\t\t\t<h2 class=\"elementor-heading-title elementor-size-default\"><a href=\"https:\/\/blisspire.eu\/ro\/blissevents-evenimente-blisspire\/conceptele-noastre-originale\/soiree-de-primavara-o-delicata-celebrare-a-feminitatii\/\">Spring Soiree <br> O celebrare delicat\u0103 a feminit\u0103\u021bii<\/a><\/h2>\t\t\t\t<\/div>\n\t\t\t\t<\/div>\n\t\t\t\t<\/div>\n\t\t\t\t<\/div>\n\t\t\t\t\t<\/div>\n\t\t\t\t<\/div>\n\t\t\t\t<\/div>","protected":false},"excerpt":{"rendered":"<p>our own concepts Events That Reflect Our Vision In this section, we bring together the events that are entirely our own creation, from concept to execution. We carefully choose the [&hellip;]<\/p>\n","protected":false},"author":2,"featured_media":0,"parent":1431,"menu_order":0,"comment_status":"closed","ping_status":"closed","template":"elementor_header_footer","meta":{"footnotes":""},"class_list":["post-2259","page","type-page","status-publish","hentry"],"_links":{"self":[{"href":"https:\/\/blisspire.eu\/ro\/wp-json\/wp\/v2\/pages\/2259","targetHints":{"allow":["GET"]}}],"collection":[{"href":"https:\/\/blisspire.eu\/ro\/wp-json\/wp\/v2\/pages"}],"about":[{"href":"https:\/\/blisspire.eu\/ro\/wp-json\/wp\/v2\/types\/page"}],"author":[{"embeddable":true,"href":"https:\/\/blisspire.eu\/ro\/wp-json\/wp\/v2\/users\/2"}],"replies":[{"embeddable":true,"href":"https:\/\/blisspire.eu\/ro\/wp-json\/wp\/v2\/comments?post=2259"}],"version-history":[{"count":6,"href":"https:\/\/blisspire.eu\/ro\/wp-json\/wp\/v2\/pages\/2259\/revisions"}],"predecessor-version":[{"id":6262,"href":"https:\/\/blisspire.eu\/ro\/wp-json\/wp\/v2\/pages\/2259\/revisions\/6262"}],"up":[{"embeddable":true,"href":"https:\/\/blisspire.eu\/ro\/wp-json\/wp\/v2\/pages\/1431"}],"wp:attachment":[{"href":"https:\/\/blisspire.eu\/ro\/wp-json\/wp\/v2\/media?parent=2259"}],"curies":[{"name":"wp","href":"https:\/\/api.w.org\/{rel}","templated":true}]}}