{"id":2268,"date":"2025-02-17T11:43:55","date_gmt":"2025-02-17T11:43:55","guid":{"rendered":"https:\/\/blisspire.eu\/?page_id=2268"},"modified":"2025-09-13T23:12:14","modified_gmt":"2025-09-13T20:12:14","slug":"tailored-for-clients","status":"publish","type":"page","link":"https:\/\/blisspire.eu\/ro\/blissevents-evenimente-blisspire\/personalizate-clienti\/","title":{"rendered":"Evenimente personalizate pentru clien\u021bi"},"content":{"rendered":"<div data-elementor-type=\"wp-page\" data-elementor-id=\"2268\" class=\"elementor elementor-2268\" data-elementor-post-type=\"page\">\n\t\t\t\t<div class=\"elementor-element elementor-element-f5d9795 e-flex e-con-boxed e-con e-parent\" data-id=\"f5d9795\" data-element_type=\"container\" data-e-type=\"container\">\n\t\t\t\t\t<div class=\"e-con-inner\">\n\t\t\t\t<div class=\"elementor-element elementor-element-bb42e13 elementor-widget elementor-widget-heading\" data-id=\"bb42e13\" data-element_type=\"widget\" data-e-type=\"widget\" data-widget_type=\"heading.default\">\n\t\t\t\t<div class=\"elementor-widget-container\">\n\t\t\t\t\t<h1 class=\"elementor-heading-title elementor-size-default\">evenimente personalizate pentru clien\u021bi<\/h1>\t\t\t\t<\/div>\n\t\t\t\t<\/div>\n\t\t\t\t\t<\/div>\n\t\t\t\t<\/div>\n\t\t<div class=\"elementor-element elementor-element-0db3fe1 e-flex e-con-boxed e-con e-parent\" data-id=\"0db3fe1\" data-element_type=\"container\" data-e-type=\"container\">\n\t\t\t\t\t<div class=\"e-con-inner\">\n\t\t\t\t<div class=\"elementor-element elementor-element-a325f9d elementor-widget elementor-widget-heading\" data-id=\"a325f9d\" data-element_type=\"widget\" data-e-type=\"widget\" data-widget_type=\"heading.default\">\n\t\t\t\t<div class=\"elementor-widget-container\">\n\t\t\t\t\t<h2 class=\"elementor-heading-title elementor-size-default\">Evenimente personalizate. Create special pentru tine.<\/h2>\t\t\t\t<\/div>\n\t\t\t\t<\/div>\n\t\t\t\t\t<\/div>\n\t\t\t\t<\/div>\n\t\t<div class=\"elementor-element elementor-element-59fe8ba e-flex e-con-boxed e-con e-parent\" data-id=\"59fe8ba\" data-element_type=\"container\" data-e-type=\"container\">\n\t\t\t\t\t<div class=\"e-con-inner\">\n\t\t\t\t<div class=\"elementor-element elementor-element-d22f446 elementor-widget elementor-widget-text-editor\" data-id=\"d22f446\" data-element_type=\"widget\" data-e-type=\"widget\" data-widget_type=\"text-editor.default\">\n\t\t\t\t<div class=\"elementor-widget-container\">\n\t\t\t\t\t\t\t\t\t<p>Fie c\u0103 ai o viziune clar\u0103 sau doar o emo\u021bie pe care vrei s\u0103 o transformi \u00een realitate, suntem aici s\u0103 te ajut\u0103m. Unii clien\u021bi vin cu un concept bine definit, al\u021bii \u0219tiu doar c\u0103 \u00ee\u0219i doresc ceva deosebit, memorabil \u0219i perfect organizat, dar nu au timpul, experien\u021ba sau resursele necesare s\u0103-l creeze singuri.<\/p>\t\t\t\t\t\t\t\t<\/div>\n\t\t\t\t<\/div>\n\t\t\t\t<div class=\"elementor-element elementor-element-4ac6c58 elementor-widget elementor-widget-heading\" data-id=\"4ac6c58\" data-element_type=\"widget\" data-e-type=\"widget\" data-widget_type=\"heading.default\">\n\t\t\t\t<div class=\"elementor-widget-container\">\n\t\t\t\t\t<h2 class=\"elementor-heading-title elementor-size-default\">Cum func\u021bioneaz\u0103?<\/h2>\t\t\t\t<\/div>\n\t\t\t\t<\/div>\n\t\t\t\t<div class=\"elementor-element elementor-element-ce44266 elementor-widget elementor-widget-text-editor\" data-id=\"ce44266\" data-element_type=\"widget\" data-e-type=\"widget\" data-widget_type=\"text-editor.default\">\n\t\t\t\t<div class=\"elementor-widget-container\">\n\t\t\t\t\t\t\t\t\t<p>Totul \u00eencepe cu o conversa\u021bie, relaxat\u0103 \u0219i deschis\u0103, \u00een care explor\u0103m ce conteaz\u0103 cu adev\u0103rat pentru tine. Ascult\u0103m cu aten\u021bie - fie c\u0103 ai o idee clar\u0103, fie c\u0103 ai doar o dorin\u021b\u0103 pe care vrei s\u0103 o exprimi -  pentru a \u00een\u021belege scopul, tr\u0103irea \u0219i a\u0219tept\u0103rile din spatele evenimentului.<\/p><p><strong>Pentru evenimentele private<\/strong>, ne concentr\u0103m pe personalitatea s\u0103rb\u0103toritului \u0219i ne asigur\u0103m c\u0103 fiecare detaliu spune povestea lui.<\/p><p><strong>Pentru \u00eent\u00e2lnirile corporate<\/strong>, ne aliniem cu valorile \u0219i cultura companiei \u0219i construim o experien\u021b\u0103 care \u00eent\u0103re\u0219te leg\u0103turile \u0219i r\u0103m\u00e2ne \u00een memoria angaja\u021bilor \u0219i a partenerilor.<\/p><p>Dup\u0103 ce descoperim esen\u021ba evenimentului, ne ocup\u0103m de tot. De la idei creative la implementare impecabil\u0103, aducem \u00eempreun\u0103 cei mai buni colaboratori, contur\u0103m un decor memorabil \u0219i facem ca fiecare moment s\u0103 fie exact a\u0219a cum trebuie.<\/p><p>Tu nu trebuie dec\u00e2t s\u0103 te bucuri de experien\u021b\u0103, pentru c\u0103 atunci c\u00e2nd pasiunea \u00eent\u00e2lne\u0219te profesionalismul, se \u00eent\u00e2mpl\u0103 lucruri magice.<\/p><p><strong>Rezultatul? Un eveniment pe care nu doar tu, ci \u0219i invita\u021bii t\u0103i \u00eel vor \u021bine minte mereu.<\/strong><\/p>\t\t\t\t\t\t\t\t<\/div>\n\t\t\t\t<\/div>\n\t\t\t\t\t<\/div>\n\t\t\t\t<\/div>\n\t\t<div class=\"elementor-element elementor-element-a5bce05 e-flex e-con-boxed e-con e-parent\" data-id=\"a5bce05\" data-element_type=\"container\" data-e-type=\"container\">\n\t\t\t\t\t<div class=\"e-con-inner\">\n\t\t<div class=\"elementor-element elementor-element-0a2cf83 e-con-full e-flex e-con e-child\" data-id=\"0a2cf83\" data-element_type=\"container\" data-e-type=\"container\">\n\t\t<div class=\"elementor-element elementor-element-f726399 e-con-full e-flex e-con e-child\" data-id=\"f726399\" data-element_type=\"container\" data-e-type=\"container\">\n\t\t\t\t<div class=\"elementor-element elementor-element-0aeca3e elementor-widget elementor-widget-image\" data-id=\"0aeca3e\" data-element_type=\"widget\" data-e-type=\"widget\" data-widget_type=\"image.default\">\n\t\t\t\t<div class=\"elementor-widget-container\">\n\t\t\t\t\t\t\t\t\t\t\t\t\t\t\t\t<a href=\"https:\/\/blisspire.eu\/ro\/blissevents-evenimente-blisspire\/personalizate-clienti\/alive-flowers-eveniment-lansare-by-andreea-stor\/\">\n\t\t\t\t\t\t\t<img fetchpriority=\"high\" decoding=\"async\" width=\"682\" height=\"1024\" src=\"https:\/\/blisspire.eu\/wp-content\/uploads\/2025\/02\/388A0765-682x1024.jpg\" class=\"attachment-large size-large wp-image-2671\" alt=\"\" srcset=\"https:\/\/blisspire.eu\/wp-content\/uploads\/2025\/02\/388A0765-682x1024.jpg 682w, https:\/\/blisspire.eu\/wp-content\/uploads\/2025\/02\/388A0765-200x300.jpg 200w, https:\/\/blisspire.eu\/wp-content\/uploads\/2025\/02\/388A0765-768x1152.jpg 768w, https:\/\/blisspire.eu\/wp-content\/uploads\/2025\/02\/388A0765-1024x1536.jpg 1024w, https:\/\/blisspire.eu\/wp-content\/uploads\/2025\/02\/388A0765.jpg 1361w\" sizes=\"(max-width: 682px) 100vw, 682px\" \/>\t\t\t\t\t\t\t\t<\/a>\n\t\t\t\t\t\t\t\t\t\t\t\t\t\t\t<\/div>\n\t\t\t\t<\/div>\n\t\t\t\t<\/div>\n\t\t<div class=\"elementor-element elementor-element-7856510 e-con-full e-flex e-con e-child\" data-id=\"7856510\" data-element_type=\"container\" data-e-type=\"container\">\n\t\t\t\t<div class=\"elementor-element elementor-element-f259c10 elementor-widget elementor-widget-heading\" data-id=\"f259c10\" data-element_type=\"widget\" data-e-type=\"widget\" data-widget_type=\"heading.default\">\n\t\t\t\t<div class=\"elementor-widget-container\">\n\t\t\t\t\t<h2 class=\"elementor-heading-title elementor-size-default\"><a href=\"https:\/\/blisspire.eu\/ro\/blissevents-evenimente-blisspire\/personalizate-clienti\/alive-flowers-eveniment-lansare-by-andreea-stor\/\">Alive Flowers Launch Event <br>by Andreea St\u00f6r<\/a><\/h2>\t\t\t\t<\/div>\n\t\t\t\t<\/div>\n\t\t\t\t<\/div>\n\t\t\t\t<\/div>\n\t\t<div class=\"elementor-element elementor-element-8c7bca2 e-con-full e-flex e-con e-child\" data-id=\"8c7bca2\" data-element_type=\"container\" data-e-type=\"container\">\n\t\t<div class=\"elementor-element elementor-element-6a87884 e-con-full e-flex e-con e-child\" data-id=\"6a87884\" data-element_type=\"container\" data-e-type=\"container\">\n\t\t\t\t<div class=\"elementor-element elementor-element-4136954 elementor-widget elementor-widget-image\" data-id=\"4136954\" data-element_type=\"widget\" data-e-type=\"widget\" data-widget_type=\"image.default\">\n\t\t\t\t<div class=\"elementor-widget-container\">\n\t\t\t\t\t\t\t\t\t\t\t\t\t\t\t\t<a href=\"https:\/\/blisspire.eu\/ro\/blissevents-evenimente-blisspire\/personalizate-clienti\/gala-golden-women\/\">\n\t\t\t\t\t\t\t<img decoding=\"async\" width=\"800\" height=\"533\" src=\"https:\/\/blisspire.eu\/wp-content\/uploads\/2025\/02\/GWG0484-1-1024x682.webp\" class=\"attachment-large size-large wp-image-3136\" alt=\"\" srcset=\"https:\/\/blisspire.eu\/wp-content\/uploads\/2025\/02\/GWG0484-1-1024x682.webp 1024w, https:\/\/blisspire.eu\/wp-content\/uploads\/2025\/02\/GWG0484-1-300x200.webp 300w, https:\/\/blisspire.eu\/wp-content\/uploads\/2025\/02\/GWG0484-1-768x511.webp 768w, https:\/\/blisspire.eu\/wp-content\/uploads\/2025\/02\/GWG0484-1-1536x1022.webp 1536w, https:\/\/blisspire.eu\/wp-content\/uploads\/2025\/02\/GWG0484-1.webp 2048w\" sizes=\"(max-width: 800px) 100vw, 800px\" \/>\t\t\t\t\t\t\t\t<\/a>\n\t\t\t\t\t\t\t\t\t\t\t\t\t\t\t<\/div>\n\t\t\t\t<\/div>\n\t\t\t\t<\/div>\n\t\t<div class=\"elementor-element elementor-element-8e06574 e-con-full e-flex e-con e-child\" data-id=\"8e06574\" data-element_type=\"container\" data-e-type=\"container\">\n\t\t\t\t<div class=\"elementor-element elementor-element-6007bb5 elementor-widget elementor-widget-heading\" data-id=\"6007bb5\" data-element_type=\"widget\" data-e-type=\"widget\" data-widget_type=\"heading.default\">\n\t\t\t\t<div class=\"elementor-widget-container\">\n\t\t\t\t\t<h2 class=\"elementor-heading-title elementor-size-default\"><a href=\"https:\/\/blisspire.eu\/ro\/blissevents-evenimente-blisspire\/personalizate-clienti\/gala-golden-women\/\">Golden Women Gala - OFA<\/a><\/h2>\t\t\t\t<\/div>\n\t\t\t\t<\/div>\n\t\t\t\t<\/div>\n\t\t\t\t<\/div>\n\t\t<div class=\"elementor-element elementor-element-a9d026c e-con-full e-flex e-con e-child\" data-id=\"a9d026c\" data-element_type=\"container\" data-e-type=\"container\">\n\t\t<div class=\"elementor-element elementor-element-b801c04 e-con-full e-flex e-con e-child\" data-id=\"b801c04\" data-element_type=\"container\" data-e-type=\"container\">\n\t\t\t\t<div class=\"elementor-element elementor-element-47adeca elementor-widget elementor-widget-image\" data-id=\"47adeca\" data-element_type=\"widget\" data-e-type=\"widget\" data-widget_type=\"image.default\">\n\t\t\t\t<div class=\"elementor-widget-container\">\n\t\t\t\t\t\t\t\t\t\t\t\t\t\t\t\t<a href=\"https:\/\/blisspire.eu\/ro\/blissevents-evenimente-blisspire\/personalizate-clienti\/capgemini-eveniment-corporate\/\">\n\t\t\t\t\t\t\t<img decoding=\"async\" width=\"800\" height=\"534\" src=\"https:\/\/blisspire.eu\/wp-content\/uploads\/2025\/02\/Capgemini-052-1024x683.webp\" class=\"attachment-large size-large wp-image-3054\" alt=\"\" srcset=\"https:\/\/blisspire.eu\/wp-content\/uploads\/2025\/02\/Capgemini-052-1024x683.webp 1024w, https:\/\/blisspire.eu\/wp-content\/uploads\/2025\/02\/Capgemini-052-300x200.webp 300w, https:\/\/blisspire.eu\/wp-content\/uploads\/2025\/02\/Capgemini-052-768x512.webp 768w, https:\/\/blisspire.eu\/wp-content\/uploads\/2025\/02\/Capgemini-052-1536x1025.webp 1536w, https:\/\/blisspire.eu\/wp-content\/uploads\/2025\/02\/Capgemini-052.webp 2048w\" sizes=\"(max-width: 800px) 100vw, 800px\" \/>\t\t\t\t\t\t\t\t<\/a>\n\t\t\t\t\t\t\t\t\t\t\t\t\t\t\t<\/div>\n\t\t\t\t<\/div>\n\t\t\t\t<\/div>\n\t\t<div class=\"elementor-element elementor-element-5ddbf74 e-con-full e-flex e-con e-child\" data-id=\"5ddbf74\" data-element_type=\"container\" data-e-type=\"container\">\n\t\t\t\t<div class=\"elementor-element elementor-element-c32d7fb elementor-widget elementor-widget-heading\" data-id=\"c32d7fb\" data-element_type=\"widget\" data-e-type=\"widget\" data-widget_type=\"heading.default\">\n\t\t\t\t<div class=\"elementor-widget-container\">\n\t\t\t\t\t<h2 class=\"elementor-heading-title elementor-size-default\"><a href=\"https:\/\/blisspire.eu\/ro\/blissevents-evenimente-blisspire\/personalizate-clienti\/capgemini-eveniment-corporate\/\">Eveniment Corporate Capgemini<\/a><\/h2>\t\t\t\t<\/div>\n\t\t\t\t<\/div>\n\t\t\t\t<\/div>\n\t\t\t\t<\/div>\n\t\t\t\t\t<\/div>\n\t\t\t\t<\/div>\n\t\t<div class=\"elementor-element elementor-element-3428fb7 e-flex e-con-boxed e-con e-parent\" data-id=\"3428fb7\" data-element_type=\"container\" data-e-type=\"container\">\n\t\t\t\t\t<div class=\"e-con-inner\">\n\t\t<div class=\"elementor-element elementor-element-ab859e4 e-con-full e-flex e-con e-child\" data-id=\"ab859e4\" data-element_type=\"container\" data-e-type=\"container\">\n\t\t<div class=\"elementor-element elementor-element-55c6e01 e-con-full e-flex e-con e-child\" data-id=\"55c6e01\" data-element_type=\"container\" data-e-type=\"container\">\n\t\t\t\t<div class=\"elementor-element elementor-element-c46bde7 elementor-widget elementor-widget-image\" data-id=\"c46bde7\" data-element_type=\"widget\" data-e-type=\"widget\" data-widget_type=\"image.default\">\n\t\t\t\t<div class=\"elementor-widget-container\">\n\t\t\t\t\t\t\t\t\t\t\t\t\t\t\t\t<a href=\"https:\/\/blisspire.eu\/ro\/blissevents-evenimente-blisspire\/personalizate-clienti\/caravana-we-are-half\/\">\n\t\t\t\t\t\t\t<img loading=\"lazy\" decoding=\"async\" width=\"683\" height=\"1024\" src=\"https:\/\/blisspire.eu\/wp-content\/uploads\/2025\/02\/FTG_4977-683x1024.webp\" class=\"attachment-large size-large wp-image-2990\" alt=\"\" srcset=\"https:\/\/blisspire.eu\/wp-content\/uploads\/2025\/02\/FTG_4977-683x1024.webp 683w, https:\/\/blisspire.eu\/wp-content\/uploads\/2025\/02\/FTG_4977-200x300.webp 200w, https:\/\/blisspire.eu\/wp-content\/uploads\/2025\/02\/FTG_4977-768x1152.webp 768w, https:\/\/blisspire.eu\/wp-content\/uploads\/2025\/02\/FTG_4977-1024x1536.webp 1024w, https:\/\/blisspire.eu\/wp-content\/uploads\/2025\/02\/FTG_4977-1365x2048.webp 1365w, https:\/\/blisspire.eu\/wp-content\/uploads\/2025\/02\/FTG_4977.webp 1653w\" sizes=\"(max-width: 683px) 100vw, 683px\" \/>\t\t\t\t\t\t\t\t<\/a>\n\t\t\t\t\t\t\t\t\t\t\t\t\t\t\t<\/div>\n\t\t\t\t<\/div>\n\t\t\t\t<\/div>\n\t\t<div class=\"elementor-element elementor-element-0970a33 e-con-full e-flex e-con e-child\" data-id=\"0970a33\" data-element_type=\"container\" data-e-type=\"container\">\n\t\t\t\t<div class=\"elementor-element elementor-element-0c99b78 elementor-widget elementor-widget-heading\" data-id=\"0c99b78\" data-element_type=\"widget\" data-e-type=\"widget\" data-widget_type=\"heading.default\">\n\t\t\t\t<div class=\"elementor-widget-container\">\n\t\t\t\t\t<h2 class=\"elementor-heading-title elementor-size-default\"><a href=\"https:\/\/blisspire.eu\/ro\/blissevents-evenimente-blisspire\/personalizate-clienti\/caravana-we-are-half\/\">We are half<\/a><\/h2>\t\t\t\t<\/div>\n\t\t\t\t<\/div>\n\t\t\t\t<\/div>\n\t\t\t\t<\/div>\n\t\t<div class=\"elementor-element elementor-element-d7f72e7 e-con-full e-flex e-con e-child\" data-id=\"d7f72e7\" data-element_type=\"container\" data-e-type=\"container\">\n\t\t<div class=\"elementor-element elementor-element-ec4cf8b e-con-full e-flex e-con e-child\" data-id=\"ec4cf8b\" data-element_type=\"container\" data-e-type=\"container\">\n\t\t\t\t<\/div>\n\t\t<div class=\"elementor-element elementor-element-8e72f33 e-con-full e-flex e-con e-child\" data-id=\"8e72f33\" data-element_type=\"container\" data-e-type=\"container\">\n\t\t\t\t<\/div>\n\t\t\t\t<\/div>\n\t\t<div class=\"elementor-element elementor-element-92276b2 e-con-full e-flex e-con e-child\" data-id=\"92276b2\" data-element_type=\"container\" data-e-type=\"container\">\n\t\t<div class=\"elementor-element elementor-element-c1d90b3 e-con-full e-flex e-con e-child\" data-id=\"c1d90b3\" data-element_type=\"container\" data-e-type=\"container\">\n\t\t\t\t<\/div>\n\t\t<div class=\"elementor-element elementor-element-53f9266 e-con-full e-flex e-con e-child\" data-id=\"53f9266\" data-element_type=\"container\" data-e-type=\"container\">\n\t\t\t\t<\/div>\n\t\t\t\t<\/div>\n\t\t\t\t\t<\/div>\n\t\t\t\t<\/div>\n\t\t\t\t<\/div>","protected":false},"excerpt":{"rendered":"<p>tailored for clients Tailored for Clients \u2013 Unique Events, Designed Just for You Whether you have a clear vision or just a feeling you want to bring to life, we [&hellip;]<\/p>\n","protected":false},"author":2,"featured_media":0,"parent":1431,"menu_order":0,"comment_status":"closed","ping_status":"closed","template":"elementor_header_footer","meta":{"footnotes":""},"class_list":["post-2268","page","type-page","status-publish","hentry"],"_links":{"self":[{"href":"https:\/\/blisspire.eu\/ro\/wp-json\/wp\/v2\/pages\/2268","targetHints":{"allow":["GET"]}}],"collection":[{"href":"https:\/\/blisspire.eu\/ro\/wp-json\/wp\/v2\/pages"}],"about":[{"href":"https:\/\/blisspire.eu\/ro\/wp-json\/wp\/v2\/types\/page"}],"author":[{"embeddable":true,"href":"https:\/\/blisspire.eu\/ro\/wp-json\/wp\/v2\/users\/2"}],"replies":[{"embeddable":true,"href":"https:\/\/blisspire.eu\/ro\/wp-json\/wp\/v2\/comments?post=2268"}],"version-history":[{"count":0,"href":"https:\/\/blisspire.eu\/ro\/wp-json\/wp\/v2\/pages\/2268\/revisions"}],"up":[{"embeddable":true,"href":"https:\/\/blisspire.eu\/ro\/wp-json\/wp\/v2\/pages\/1431"}],"wp:attachment":[{"href":"https:\/\/blisspire.eu\/ro\/wp-json\/wp\/v2\/media?parent=2268"}],"curies":[{"name":"wp","href":"https:\/\/api.w.org\/{rel}","templated":true}]}}