{"id":2275,"date":"2025-02-17T11:51:18","date_gmt":"2025-02-17T11:51:18","guid":{"rendered":"https:\/\/blisspire.eu\/?page_id=2275"},"modified":"2025-09-13T23:22:44","modified_gmt":"2025-09-13T20:22:44","slug":"mindful-moments","status":"publish","type":"page","link":"https:\/\/blisspire.eu\/ro\/blissjourneys-calatorii-blisspire\/momente-mindful\/","title":{"rendered":"Timp pentru tine"},"content":{"rendered":"<div data-elementor-type=\"wp-page\" data-elementor-id=\"2275\" class=\"elementor elementor-2275\" data-elementor-post-type=\"page\">\n\t\t\t\t<div class=\"elementor-element elementor-element-8ffaa8d e-flex e-con-boxed e-con e-parent\" data-id=\"8ffaa8d\" data-element_type=\"container\" data-e-type=\"container\">\n\t\t\t\t\t<div class=\"e-con-inner\">\n\t\t\t\t<div class=\"elementor-element elementor-element-5f807a7 elementor-widget elementor-widget-heading\" data-id=\"5f807a7\" data-element_type=\"widget\" data-e-type=\"widget\" data-widget_type=\"heading.default\">\n\t\t\t\t<div class=\"elementor-widget-container\">\n\t\t\t\t\t<h2 class=\"elementor-heading-title elementor-size-default\">Timp pentru tine<\/h2>\t\t\t\t<\/div>\n\t\t\t\t<\/div>\n\t\t\t\t\t<\/div>\n\t\t\t\t<\/div>\n\t\t<div class=\"elementor-element elementor-element-75ff93f e-flex e-con-boxed e-con e-parent\" data-id=\"75ff93f\" data-element_type=\"container\" data-e-type=\"container\">\n\t\t\t\t\t<div class=\"e-con-inner\">\n\t\t\t\t<div class=\"elementor-element elementor-element-d7b94b9 elementor-widget elementor-widget-text-editor\" data-id=\"d7b94b9\" data-element_type=\"widget\" data-e-type=\"widget\" data-widget_type=\"text-editor.default\">\n\t\t\t\t<div class=\"elementor-widget-container\">\n\t\t\t\t\t\t\t\t\t<p><strong>Timp pentru tine<\/strong> este un spa\u021biu dedicat experien\u021belor care aduc echilibru, conexiune \u0219i inspira\u021bie \u00een via\u021ba ta. Fie c\u0103 este vorba despre momente de relaxare \u00een natur\u0103, reconectare profund\u0103 cu tine \u00eens\u0103\u021bi sau retreaturi \u00een destina\u021bii speciale din \u00eentreaga lume, fiecare experien\u021b\u0103 este g\u00e2ndit\u0103 ca o pauz\u0103 autentic\u0103 de la ritmul alert al cotidianului.<\/p><p>Lucr\u0103m al\u0103turi de facilitatori \u0219i instructori profesioni\u0219ti, care te ghideaz\u0103 printr-un proces de transformare interioar\u0103, ajut\u00e2ndu-te s\u0103-\u021bi \u00eembun\u0103t\u0103\u021be\u0219ti starea de bine, s\u0103 recape\u021bi claritatea \u0219i s\u0103 cultivi armonia \u00eentre minte, trup \u0219i suflet.<\/p><p>O lume frumoas\u0103 \u00een exterior este, de fapt, o reflexie a unei lumi interioare pline de pace, iubire \u0219i acceptare. Ca s\u0103 putem str\u0103luci cu adev\u0103rat, este esen\u021bial s\u0103 ne oferim timp pentru noi: s\u0103 ne oprim, s\u0103 privim \u00een interior \u0219i s\u0103 ne reconect\u0103m cu esen\u021ba noastr\u0103.<\/p><p>\u201cTimp pentru tine\u201d  este invita\u021bia ta de a tr\u0103i prezentul cu mai mult\u0103 con\u0219tien\u021b\u0103, frumuse\u021be \u0219i echilibru.<\/p>\t\t\t\t\t\t\t\t<\/div>\n\t\t\t\t<\/div>\n\t\t\t\t\t<\/div>\n\t\t\t\t<\/div>\n\t\t<div class=\"elementor-element elementor-element-3202561 e-flex e-con-boxed e-con e-parent\" data-id=\"3202561\" data-element_type=\"container\" data-e-type=\"container\">\n\t\t\t\t\t<div class=\"e-con-inner\">\n\t\t<div class=\"elementor-element elementor-element-b1234b0 e-con-full e-flex e-con e-child\" data-id=\"b1234b0\" data-element_type=\"container\" data-e-type=\"container\">\n\t\t<div class=\"elementor-element elementor-element-e09b0cc e-con-full e-flex e-con e-child\" data-id=\"e09b0cc\" data-element_type=\"container\" data-e-type=\"container\">\n\t\t\t\t<div class=\"elementor-element elementor-element-498c563 elementor-widget elementor-widget-image\" data-id=\"498c563\" data-element_type=\"widget\" data-e-type=\"widget\" data-widget_type=\"image.default\">\n\t\t\t\t<div class=\"elementor-widget-container\">\n\t\t\t\t\t\t\t\t\t\t\t\t\t\t\t\t<a href=\"https:\/\/blisspire.eu\/ro\/blissjourneys\/retreats\/picnic-en-bliss\/\">\n\t\t\t\t\t\t\t<img fetchpriority=\"high\" decoding=\"async\" width=\"768\" height=\"1024\" src=\"https:\/\/blisspire.eu\/wp-content\/uploads\/2025\/02\/WhatsApp-Image-2025-02-17-at-21.34.22_88460d35-768x1024.webp\" class=\"attachment-large size-large wp-image-2897\" alt=\"\" srcset=\"https:\/\/blisspire.eu\/wp-content\/uploads\/2025\/02\/WhatsApp-Image-2025-02-17-at-21.34.22_88460d35-768x1024.webp 768w, https:\/\/blisspire.eu\/wp-content\/uploads\/2025\/02\/WhatsApp-Image-2025-02-17-at-21.34.22_88460d35-225x300.webp 225w, https:\/\/blisspire.eu\/wp-content\/uploads\/2025\/02\/WhatsApp-Image-2025-02-17-at-21.34.22_88460d35-1152x1536.webp 1152w, https:\/\/blisspire.eu\/wp-content\/uploads\/2025\/02\/WhatsApp-Image-2025-02-17-at-21.34.22_88460d35.webp 1200w\" sizes=\"(max-width: 768px) 100vw, 768px\" \/>\t\t\t\t\t\t\t\t<\/a>\n\t\t\t\t\t\t\t\t\t\t\t\t\t\t\t<\/div>\n\t\t\t\t<\/div>\n\t\t\t\t<\/div>\n\t\t<div class=\"elementor-element elementor-element-98ff366 e-con-full e-flex e-con e-child\" data-id=\"98ff366\" data-element_type=\"container\" data-e-type=\"container\">\n\t\t\t\t<div class=\"elementor-element elementor-element-da1ddc1 elementor-widget elementor-widget-heading\" data-id=\"da1ddc1\" data-element_type=\"widget\" data-e-type=\"widget\" data-widget_type=\"heading.default\">\n\t\t\t\t<div class=\"elementor-widget-container\">\n\t\t\t\t\t<h2 class=\"elementor-heading-title elementor-size-default\"><a href=\"https:\/\/blisspire.eu\/ro\/blissjourneys-calatorii-blisspire\/momente-mindful\/bliss-picnic\/\">Picnic en Bliss<\/a><\/h2>\t\t\t\t<\/div>\n\t\t\t\t<\/div>\n\t\t\t\t<\/div>\n\t\t<div class=\"elementor-element elementor-element-2ce510d e-con-full e-flex e-con e-child\" data-id=\"2ce510d\" data-element_type=\"container\" data-e-type=\"container\">\n\t\t\t\t<\/div>\n\t\t\t\t<\/div>\n\t\t<div class=\"elementor-element elementor-element-dae479f e-con-full e-flex e-con e-child\" data-id=\"dae479f\" data-element_type=\"container\" data-e-type=\"container\">\n\t\t<div class=\"elementor-element elementor-element-ce10ca3 e-con-full e-flex e-con e-child\" data-id=\"ce10ca3\" data-element_type=\"container\" data-e-type=\"container\">\n\t\t\t\t<div class=\"elementor-element elementor-element-1e01e21 elementor-widget elementor-widget-image\" data-id=\"1e01e21\" data-element_type=\"widget\" data-e-type=\"widget\" data-widget_type=\"image.default\">\n\t\t\t\t<div class=\"elementor-widget-container\">\n\t\t\t\t\t\t\t\t\t\t\t\t\t\t\t\t<a href=\"https:\/\/blisspire.eu\/ro\/blissjourneys-calatorii-blisspire\/momente-mindful\/armonie-pentru-trup-minte-suflet\/\">\n\t\t\t\t\t\t\t<img decoding=\"async\" width=\"700\" height=\"568\" src=\"https:\/\/blisspire.eu\/wp-content\/uploads\/2025\/03\/Screenshot-2025-03-18-at-11.17.36.webp\" class=\"attachment-large size-large wp-image-4150\" alt=\"\" srcset=\"https:\/\/blisspire.eu\/wp-content\/uploads\/2025\/03\/Screenshot-2025-03-18-at-11.17.36.webp 700w, https:\/\/blisspire.eu\/wp-content\/uploads\/2025\/03\/Screenshot-2025-03-18-at-11.17.36-300x243.webp 300w\" sizes=\"(max-width: 700px) 100vw, 700px\" \/>\t\t\t\t\t\t\t\t<\/a>\n\t\t\t\t\t\t\t\t\t\t\t\t\t\t\t<\/div>\n\t\t\t\t<\/div>\n\t\t\t\t<\/div>\n\t\t<div class=\"elementor-element elementor-element-f60a004 e-con-full e-flex e-con e-child\" data-id=\"f60a004\" data-element_type=\"container\" data-e-type=\"container\">\n\t\t\t\t<div class=\"elementor-element elementor-element-f5be336 elementor-widget elementor-widget-heading\" data-id=\"f5be336\" data-element_type=\"widget\" data-e-type=\"widget\" data-widget_type=\"heading.default\">\n\t\t\t\t<div class=\"elementor-widget-container\">\n\t\t\t\t\t<h2 class=\"elementor-heading-title elementor-size-default\"><a href=\"https:\/\/blisspire.eu\/ro\/blissjourneys-calatorii-blisspire\/momente-mindful\/armonie-pentru-trup-minte-suflet\/\">Harmony for Body, Mind &amp; Soul<\/a><\/h2>\t\t\t\t<\/div>\n\t\t\t\t<\/div>\n\t\t\t\t<\/div>\n\t\t<div class=\"elementor-element elementor-element-2abd279 e-con-full e-flex e-con e-child\" data-id=\"2abd279\" data-element_type=\"container\" data-e-type=\"container\">\n\t\t\t\t<\/div>\n\t\t\t\t<\/div>\n\t\t<div class=\"elementor-element elementor-element-a35af62 e-con-full e-flex e-con e-child\" data-id=\"a35af62\" data-element_type=\"container\" data-e-type=\"container\">\n\t\t<div class=\"elementor-element elementor-element-458984f e-con-full e-flex e-con e-child\" data-id=\"458984f\" data-element_type=\"container\" data-e-type=\"container\">\n\t\t\t\t<div class=\"elementor-element elementor-element-608d3f0 elementor-widget elementor-widget-image\" data-id=\"608d3f0\" data-element_type=\"widget\" data-e-type=\"widget\" data-widget_type=\"image.default\">\n\t\t\t\t<div class=\"elementor-widget-container\">\n\t\t\t\t\t\t\t\t\t\t\t\t\t\t\t\t<a href=\"https:\/\/blisspire.eu\/ro\/blissjourneys-calatorii-blisspire\/momente-mindful\/retreaturi\/\">\n\t\t\t\t\t\t\t<img decoding=\"async\" width=\"766\" height=\"570\" src=\"https:\/\/blisspire.eu\/wp-content\/uploads\/2025\/03\/Screenshot-2025-03-18-at-11.19.26.webp\" class=\"attachment-large size-large wp-image-4154\" alt=\"\" srcset=\"https:\/\/blisspire.eu\/wp-content\/uploads\/2025\/03\/Screenshot-2025-03-18-at-11.19.26.webp 766w, https:\/\/blisspire.eu\/wp-content\/uploads\/2025\/03\/Screenshot-2025-03-18-at-11.19.26-300x223.webp 300w\" sizes=\"(max-width: 766px) 100vw, 766px\" \/>\t\t\t\t\t\t\t\t<\/a>\n\t\t\t\t\t\t\t\t\t\t\t\t\t\t\t<\/div>\n\t\t\t\t<\/div>\n\t\t\t\t<\/div>\n\t\t<div class=\"elementor-element elementor-element-53aa04e e-con-full e-flex e-con e-child\" data-id=\"53aa04e\" data-element_type=\"container\" data-e-type=\"container\">\n\t\t\t\t<div class=\"elementor-element elementor-element-3c75651 elementor-widget elementor-widget-heading\" data-id=\"3c75651\" data-element_type=\"widget\" data-e-type=\"widget\" data-widget_type=\"heading.default\">\n\t\t\t\t<div class=\"elementor-widget-container\">\n\t\t\t\t\t<h2 class=\"elementor-heading-title elementor-size-default\"><a href=\"https:\/\/blisspire.eu\/ro\/blissjourneys-calatorii-blisspire\/momente-mindful\/retreaturi\/\">Retreaturi Blisspire<\/a><\/h2>\t\t\t\t<\/div>\n\t\t\t\t<\/div>\n\t\t\t\t<\/div>\n\t\t<div class=\"elementor-element elementor-element-2caf12e e-con-full e-flex e-con e-child\" data-id=\"2caf12e\" data-element_type=\"container\" data-e-type=\"container\">\n\t\t\t\t<\/div>\n\t\t\t\t<\/div>\n\t\t\t\t\t<\/div>\n\t\t\t\t<\/div>\n\t\t\t\t<\/div>","protected":false},"excerpt":{"rendered":"<p>Mindful Moments is a space dedicated to experiences that bring you balance, connection, and inspiration. Whether it&#8217;s moments of relaxation in nature, deep reconnection with yourself, or retreats in special [&hellip;]<\/p>\n","protected":false},"author":2,"featured_media":0,"parent":1542,"menu_order":0,"comment_status":"closed","ping_status":"closed","template":"elementor_header_footer","meta":{"footnotes":""},"class_list":["post-2275","page","type-page","status-publish","hentry"],"_links":{"self":[{"href":"https:\/\/blisspire.eu\/ro\/wp-json\/wp\/v2\/pages\/2275","targetHints":{"allow":["GET"]}}],"collection":[{"href":"https:\/\/blisspire.eu\/ro\/wp-json\/wp\/v2\/pages"}],"about":[{"href":"https:\/\/blisspire.eu\/ro\/wp-json\/wp\/v2\/types\/page"}],"author":[{"embeddable":true,"href":"https:\/\/blisspire.eu\/ro\/wp-json\/wp\/v2\/users\/2"}],"replies":[{"embeddable":true,"href":"https:\/\/blisspire.eu\/ro\/wp-json\/wp\/v2\/comments?post=2275"}],"version-history":[{"count":0,"href":"https:\/\/blisspire.eu\/ro\/wp-json\/wp\/v2\/pages\/2275\/revisions"}],"up":[{"embeddable":true,"href":"https:\/\/blisspire.eu\/ro\/wp-json\/wp\/v2\/pages\/1542"}],"wp:attachment":[{"href":"https:\/\/blisspire.eu\/ro\/wp-json\/wp\/v2\/media?parent=2275"}],"curies":[{"name":"wp","href":"https:\/\/api.w.org\/{rel}","templated":true}]}}