{"id":2279,"date":"2025-02-17T11:51:52","date_gmt":"2025-02-17T11:51:52","guid":{"rendered":"https:\/\/blisspire.eu\/?page_id=2279"},"modified":"2025-09-13T23:33:53","modified_gmt":"2025-09-13T20:33:53","slug":"active-escapes","status":"publish","type":"page","link":"https:\/\/blisspire.eu\/ro\/blissjourneys-calatorii-blisspire\/escapade-active\/","title":{"rendered":"Aventuri \u00een natur\u0103"},"content":{"rendered":"<div data-elementor-type=\"wp-page\" data-elementor-id=\"2279\" class=\"elementor elementor-2279\" data-elementor-post-type=\"page\">\n\t\t\t\t<div class=\"elementor-element elementor-element-a58cc13 e-flex e-con-boxed e-con e-parent\" data-id=\"a58cc13\" data-element_type=\"container\" data-e-type=\"container\">\n\t\t\t\t\t<div class=\"e-con-inner\">\n\t\t\t\t<div class=\"elementor-element elementor-element-e9a11b6 elementor-widget elementor-widget-heading\" data-id=\"e9a11b6\" data-element_type=\"widget\" data-e-type=\"widget\" data-widget_type=\"heading.default\">\n\t\t\t\t<div class=\"elementor-widget-container\">\n\t\t\t\t\t<h2 class=\"elementor-heading-title elementor-size-default\">Aventuri \u00een natur\u0103<\/h2>\t\t\t\t<\/div>\n\t\t\t\t<\/div>\n\t\t\t\t\t<\/div>\n\t\t\t\t<\/div>\n\t\t<div class=\"elementor-element elementor-element-fcdccde e-flex e-con-boxed e-con e-parent\" data-id=\"fcdccde\" data-element_type=\"container\" data-e-type=\"container\">\n\t\t\t\t\t<div class=\"e-con-inner\">\n\t\t\t\t<div class=\"elementor-element elementor-element-3644018 elementor-widget elementor-widget-text-editor\" data-id=\"3644018\" data-element_type=\"widget\" data-e-type=\"widget\" data-widget_type=\"text-editor.default\">\n\t\t\t\t<div class=\"elementor-widget-container\">\n\t\t\t\t\t\t\t\t\t<p><strong>E-Bike &amp; Aventuri pe Dou\u0103 Roti<\/strong><br \/>Descoper\u0103 cele mai pitore\u0219ti sate \u0219i dealuri ondulate din Transilvania pe dou\u0103 ro\u021bi. Tururile noastre ghidate cu e-bike sau biciclete clasice te poart\u0103 prin peisaje rurale fermec\u0103toare, biserici fortificate \u0219i poteci ascunse, o combina\u021bie unic\u0103 de imersiune cultural\u0103 \u0219i aventur\u0103 \u00een aer liber.<\/p><p>\u00a0<\/p><p><strong>Drume\u021bii pentru suflet<\/strong><br \/>Exploreaz\u0103 trasee montane spectaculoase, culmi \u00eensorite \u0219i natur\u0103 neatins\u0103 prin experien\u021bele noastre de hiking atent g\u00e2ndite. Fie c\u0103 alegi o plimbare bl\u00e2nd\u0103 prin p\u0103dure sau o urcare mai solicitant\u0103, fiecare drume\u021bie este o invita\u021bie la deconectare, respira\u021bie con\u0219tient\u0103 \u0219i reconectare cu frumuse\u021bea s\u0103lbatic\u0103 a naturii.<\/p><p>\u00a0<\/p><p><strong>Ski Touring \u2013 Evadarea suprem\u0103 de iarn\u0103<\/strong><br \/>Pentru iubitorii de aventur\u0103 \u00een sezonul rece, experien\u021bele noastre de ski touring ofer\u0103 o modalitate inedit\u0103 \u0219i captivant\u0103 de a explora mun\u021bii acoperi\u021bi de z\u0103pad\u0103. Departe de p\u00e2rtiile aglomerate, vei tr\u0103i frumuse\u021bea brut\u0103 a iernii, ghidat de profesioni\u0219ti experimenta\u021bi care asigur\u0103 siguran\u021b\u0103 \u0219i momente de neuitat.<\/p><p>\u00a0<\/p><p><strong>Mai mult dec\u00e2t aventur\u0103 \u2013 o cale spre reconectare<\/strong><br \/>Active Escapes \u00eenseamn\u0103 mai mult dec\u00e2t activit\u0103\u021bi \u00een natur\u0103, sunt momente de descoperire personal\u0103, provocare \u0219i conexiune: cu natura, cu ceilal\u021bi \u0219i cu tine \u00eensu\u021bi. Fie c\u0103 pedalezi, urci pe munte sau cobori pe schiuri, fiecare experien\u021b\u0103 este g\u00e2ndit\u0103 s\u0103-\u021bi aduc\u0103 bucurie, energie \u0219i un profund sentiment de libertate.<\/p><p>\u00a0<\/p><p><strong>Mi\u0219c\u0103-te. Exploreaz\u0103. Tr\u0103ie\u0219te din plin.<\/strong><\/p>\t\t\t\t\t\t\t\t<\/div>\n\t\t\t\t<\/div>\n\t\t\t\t\t<\/div>\n\t\t\t\t<\/div>\n\t\t<div class=\"elementor-element elementor-element-f0e5e05 e-flex e-con-boxed e-con e-parent\" data-id=\"f0e5e05\" data-element_type=\"container\" data-e-type=\"container\">\n\t\t\t\t\t<div class=\"e-con-inner\">\n\t\t<div class=\"elementor-element elementor-element-bb58dad e-con-full e-flex e-con e-child\" data-id=\"bb58dad\" data-element_type=\"container\" data-e-type=\"container\">\n\t\t<div class=\"elementor-element elementor-element-00d51a9 e-con-full e-flex e-con e-child\" data-id=\"00d51a9\" data-element_type=\"container\" data-e-type=\"container\">\n\t\t\t\t<div class=\"elementor-element elementor-element-d75090d elementor-widget elementor-widget-image\" data-id=\"d75090d\" data-element_type=\"widget\" data-e-type=\"widget\" data-widget_type=\"image.default\">\n\t\t\t\t<div class=\"elementor-widget-container\">\n\t\t\t\t\t\t\t\t\t\t\t\t\t\t\t\t<a href=\"https:\/\/blisspire.eu\/ro\/blissjourneys-calatorii-blisspire\/escapade-active\/e-ride-transilvania-trasee-patrimoniu\/\">\n\t\t\t\t\t\t\t<img fetchpriority=\"high\" decoding=\"async\" width=\"800\" height=\"359\" src=\"https:\/\/blisspire.eu\/wp-content\/uploads\/2025\/02\/08274c84-44cc-4bd6-9198-f245c41d82f3-1024x460.webp\" class=\"attachment-large size-large wp-image-2912\" alt=\"\" srcset=\"https:\/\/blisspire.eu\/wp-content\/uploads\/2025\/02\/08274c84-44cc-4bd6-9198-f245c41d82f3-1024x460.webp 1024w, https:\/\/blisspire.eu\/wp-content\/uploads\/2025\/02\/08274c84-44cc-4bd6-9198-f245c41d82f3-300x135.webp 300w, https:\/\/blisspire.eu\/wp-content\/uploads\/2025\/02\/08274c84-44cc-4bd6-9198-f245c41d82f3-768x345.webp 768w, https:\/\/blisspire.eu\/wp-content\/uploads\/2025\/02\/08274c84-44cc-4bd6-9198-f245c41d82f3-1536x690.webp 1536w, https:\/\/blisspire.eu\/wp-content\/uploads\/2025\/02\/08274c84-44cc-4bd6-9198-f245c41d82f3.webp 1600w\" sizes=\"(max-width: 800px) 100vw, 800px\" \/>\t\t\t\t\t\t\t\t<\/a>\n\t\t\t\t\t\t\t\t\t\t\t\t\t\t\t<\/div>\n\t\t\t\t<\/div>\n\t\t\t\t<\/div>\n\t\t<div class=\"elementor-element elementor-element-5663d50 e-con-full e-flex e-con e-child\" data-id=\"5663d50\" data-element_type=\"container\" data-e-type=\"container\">\n\t\t\t\t<div class=\"elementor-element elementor-element-466dd38 elementor-widget elementor-widget-heading\" data-id=\"466dd38\" data-element_type=\"widget\" data-e-type=\"widget\" data-widget_type=\"heading.default\">\n\t\t\t\t<div class=\"elementor-widget-container\">\n\t\t\t\t\t<h2 class=\"elementor-heading-title elementor-size-default\"><a href=\"https:\/\/blisspire.eu\/ro\/blissjourneys-calatorii-blisspire\/escapade-active\/e-ride-transilvania-trasee-patrimoniu\/\">E-Ride Transylvania Heritage Trails \u2013 Explore the Heart of Transylvania on Two Wheels<\/a><\/h2>\t\t\t\t<\/div>\n\t\t\t\t<\/div>\n\t\t\t\t<\/div>\n\t\t<div class=\"elementor-element elementor-element-2905307 e-con-full e-flex e-con e-child\" data-id=\"2905307\" data-element_type=\"container\" data-e-type=\"container\">\n\t\t\t\t<\/div>\n\t\t\t\t<\/div>\n\t\t<div class=\"elementor-element elementor-element-dad29de e-con-full e-flex e-con e-child\" data-id=\"dad29de\" data-element_type=\"container\" data-e-type=\"container\">\n\t\t<div class=\"elementor-element elementor-element-ffc16c4 e-con-full e-flex e-con e-child\" data-id=\"ffc16c4\" data-element_type=\"container\" data-e-type=\"container\">\n\t\t\t\t<div class=\"elementor-element elementor-element-ee7a6d9 elementor-widget elementor-widget-image\" data-id=\"ee7a6d9\" data-element_type=\"widget\" data-e-type=\"widget\" data-widget_type=\"image.default\">\n\t\t\t\t<div class=\"elementor-widget-container\">\n\t\t\t\t\t\t\t\t\t\t\t\t\t\t\t\t<a href=\"https:\/\/blisspire.eu\/ro\/blissjourneys-calatorii-blisspire\/escapade-active\/hiking-parcul-natural-cadi-moixero-baga-spania\/\">\n\t\t\t\t\t\t\t<img decoding=\"async\" width=\"800\" height=\"600\" src=\"https:\/\/blisspire.eu\/wp-content\/uploads\/2025\/03\/IMG_9903-1024x768.webp\" class=\"attachment-large size-large wp-image-4166\" alt=\"\" srcset=\"https:\/\/blisspire.eu\/wp-content\/uploads\/2025\/03\/IMG_9903-1024x768.webp 1024w, https:\/\/blisspire.eu\/wp-content\/uploads\/2025\/03\/IMG_9903-300x225.webp 300w, https:\/\/blisspire.eu\/wp-content\/uploads\/2025\/03\/IMG_9903-768x576.webp 768w, https:\/\/blisspire.eu\/wp-content\/uploads\/2025\/03\/IMG_9903-1536x1152.webp 1536w, https:\/\/blisspire.eu\/wp-content\/uploads\/2025\/03\/IMG_9903.webp 2048w\" sizes=\"(max-width: 800px) 100vw, 800px\" \/>\t\t\t\t\t\t\t\t<\/a>\n\t\t\t\t\t\t\t\t\t\t\t\t\t\t\t<\/div>\n\t\t\t\t<\/div>\n\t\t\t\t<\/div>\n\t\t<div class=\"elementor-element elementor-element-5882929 e-con-full e-flex e-con e-child\" data-id=\"5882929\" data-element_type=\"container\" data-e-type=\"container\">\n\t\t\t\t<div class=\"elementor-element elementor-element-e18978a elementor-widget elementor-widget-heading\" data-id=\"e18978a\" data-element_type=\"widget\" data-e-type=\"widget\" data-widget_type=\"heading.default\">\n\t\t\t\t<div class=\"elementor-widget-container\">\n\t\t\t\t\t<h2 class=\"elementor-heading-title elementor-size-default\"><a href=\"https:\/\/blisspire.eu\/ro\/blissjourneys-calatorii-blisspire\/escapade-active\/hiking-parcul-natural-cadi-moixero-baga-spania\/\">Drume\u021bie \u00een Parcul Natural El Cad\u00ed-Moixer\u00f3<\/a><\/h2>\t\t\t\t<\/div>\n\t\t\t\t<\/div>\n\t\t\t\t<\/div>\n\t\t<div class=\"elementor-element elementor-element-e39e3eb e-con-full e-flex e-con e-child\" data-id=\"e39e3eb\" data-element_type=\"container\" data-e-type=\"container\">\n\t\t\t\t<\/div>\n\t\t\t\t<\/div>\n\t\t<div class=\"elementor-element elementor-element-97610cc e-con-full e-flex e-con e-child\" data-id=\"97610cc\" data-element_type=\"container\" data-e-type=\"container\">\n\t\t<div class=\"elementor-element elementor-element-6c3c73d e-con-full e-flex e-con e-child\" data-id=\"6c3c73d\" data-element_type=\"container\" data-e-type=\"container\">\n\t\t\t\t<\/div>\n\t\t<div class=\"elementor-element elementor-element-4bab90e e-con-full e-flex e-con e-child\" data-id=\"4bab90e\" data-element_type=\"container\" data-e-type=\"container\">\n\t\t\t\t<\/div>\n\t\t<div class=\"elementor-element elementor-element-35faa32 e-con-full e-flex e-con e-child\" data-id=\"35faa32\" data-element_type=\"container\" data-e-type=\"container\">\n\t\t\t\t<\/div>\n\t\t\t\t<\/div>\n\t\t\t\t\t<\/div>\n\t\t\t\t<\/div>\n\t\t\t\t<\/div>","protected":false},"excerpt":{"rendered":"<p>Active Escapes E-Bike &amp; Cycling AdventuresDiscover Transylvania\u2019s most picturesque villages and rolling hills on two wheels. Our guided e-bike and traditional cycling tours take you through charming rural landscapes, fortified [&hellip;]<\/p>\n","protected":false},"author":2,"featured_media":0,"parent":1542,"menu_order":0,"comment_status":"closed","ping_status":"closed","template":"elementor_header_footer","meta":{"footnotes":""},"class_list":["post-2279","page","type-page","status-publish","hentry"],"_links":{"self":[{"href":"https:\/\/blisspire.eu\/ro\/wp-json\/wp\/v2\/pages\/2279","targetHints":{"allow":["GET"]}}],"collection":[{"href":"https:\/\/blisspire.eu\/ro\/wp-json\/wp\/v2\/pages"}],"about":[{"href":"https:\/\/blisspire.eu\/ro\/wp-json\/wp\/v2\/types\/page"}],"author":[{"embeddable":true,"href":"https:\/\/blisspire.eu\/ro\/wp-json\/wp\/v2\/users\/2"}],"replies":[{"embeddable":true,"href":"https:\/\/blisspire.eu\/ro\/wp-json\/wp\/v2\/comments?post=2279"}],"version-history":[{"count":0,"href":"https:\/\/blisspire.eu\/ro\/wp-json\/wp\/v2\/pages\/2279\/revisions"}],"up":[{"embeddable":true,"href":"https:\/\/blisspire.eu\/ro\/wp-json\/wp\/v2\/pages\/1542"}],"wp:attachment":[{"href":"https:\/\/blisspire.eu\/ro\/wp-json\/wp\/v2\/media?parent=2279"}],"curies":[{"name":"wp","href":"https:\/\/api.w.org\/{rel}","templated":true}]}}