{"id":2886,"date":"2025-02-24T11:27:27","date_gmt":"2025-02-24T11:27:27","guid":{"rendered":"https:\/\/blisspire.eu\/?page_id=2886"},"modified":"2025-04-13T10:55:57","modified_gmt":"2025-04-13T10:55:57","slug":"picnic-en-bliss","status":"publish","type":"page","link":"https:\/\/blisspire.eu\/ro\/blissjourneys-calatorii-blisspire\/momente-mindful\/bliss-picnic\/","title":{"rendered":"Picnic en Bliss \u2013 A Culinary Escape in Nature"},"content":{"rendered":"<div data-elementor-type=\"wp-page\" data-elementor-id=\"2886\" class=\"elementor elementor-2886\" data-elementor-post-type=\"page\">\n\t\t\t\t<div class=\"elementor-element elementor-element-e9a0cba e-flex e-con-boxed e-con e-parent\" data-id=\"e9a0cba\" data-element_type=\"container\" data-e-type=\"container\">\n\t\t\t\t\t<div class=\"e-con-inner\">\n\t\t\t\t<div class=\"elementor-element elementor-element-b503a05 elementor-widget elementor-widget-heading\" data-id=\"b503a05\" data-element_type=\"widget\" data-e-type=\"widget\" data-widget_type=\"heading.default\">\n\t\t\t\t<div class=\"elementor-widget-container\">\n\t\t\t\t\t<h2 class=\"elementor-heading-title elementor-size-default\">Picnic en Bliss<\/h2>\t\t\t\t<\/div>\n\t\t\t\t<\/div>\n\t\t\t\t<div class=\"elementor-element elementor-element-380e9b0 elementor-widget elementor-widget-heading\" data-id=\"380e9b0\" data-element_type=\"widget\" data-e-type=\"widget\" data-widget_type=\"heading.default\">\n\t\t\t\t<div class=\"elementor-widget-container\">\n\t\t\t\t\t<h2 class=\"elementor-heading-title elementor-size-default\">O evadare culinar\u0103 \u00een natur\u0103<\/h2>\t\t\t\t<\/div>\n\t\t\t\t<\/div>\n\t\t\t\t\t<\/div>\n\t\t\t\t<\/div>\n\t\t<div class=\"elementor-element elementor-element-4fe6bb4 e-flex e-con-boxed e-con e-parent\" data-id=\"4fe6bb4\" data-element_type=\"container\" data-e-type=\"container\">\n\t\t\t\t\t<div class=\"e-con-inner\">\n\t\t\t\t<div class=\"elementor-element elementor-element-b7f6c0e elementor-widget elementor-widget-text-editor\" data-id=\"b7f6c0e\" data-element_type=\"widget\" data-e-type=\"widget\" data-widget_type=\"text-editor.default\">\n\t\t\t\t<div class=\"elementor-widget-container\">\n\t\t\t\t\t\t\t\t\t<p>Credem c\u0103 cele mai memorabile mese nu sunt cele servite \u00een restaurante luxoase sau s\u0103li impun\u0103toare. Cele cu adev\u0103rat speciale sunt acelea tr\u0103ite \u00een locuri extraordinare, unde natura devine parte din poveste. Fie c\u0103 \u00eentindem o p\u0103tur\u0103 moale sub cerul liber sau aranj\u0103m o mas\u0103 elegant\u0103 \u00een mijlocul unui peisaj retras, fiecare picnic este g\u00e2ndit s\u0103 fie unic, imersiv \u0219i de neuitat.<\/p><p>\u00a0<\/p><p><strong>Un cadru de lini\u0219te des\u0103v\u00e2r\u0219it\u0103<\/strong><\/p><p>Te purt\u0103m \u00een locuri idilice: dealuri domoale, paji\u0219ti sc\u0103ldate \u00een soare sau gr\u0103dini ascunse, unde frumuse\u021bea peisajului amplific\u0103 fiecare clip\u0103. Vei putea savura masa la umbra unor copaci seculari sau privind spre v\u00e2rfuri de munte impun\u0103toare, \u00een decoruri atent alese pentru a crea o conexiune profund\u0103 cu natura.<\/p><p><strong>\u00a0<\/strong><\/p><p><strong>Un festin pentru sim\u021buri<\/strong><\/p><p>R\u0103sfa\u021b\u0103-te cu o selec\u021bie rafinat\u0103 de bun\u0103t\u0103\u021bi artizanale, preg\u0103tite din ingrediente proaspete \u0219i locale. Br\u00e2nzeturi fine, p\u00e2ine de cas\u0103, fructe coapte de sezon, pr\u0103jituri delicate \u0219i vinuri alese, fiecare element este ales cu grij\u0103 pentru a oferi o experien\u021b\u0103 culinar\u0103 autentic\u0103.<\/p><p><strong>\u00a0<\/strong><\/p><p><strong>Mai mult dec\u00e2t un picnic: o retragere \u00een armonie<\/strong><\/p><p>Fiecare detaliu este atent g\u00e2ndit: decor elegant, p\u0103turi pufoase, o atmosfer\u0103 relaxat\u0103, pentru ca tu s\u0103 \u00eencetine\u0219ti ritmul, s\u0103 te reconectezi \u0219i s\u0103 fii cu adev\u0103rat prezent. Fie c\u0103 \u00ee\u021bi dore\u0219ti o escapad\u0103 romantic\u0103, o \u00eent\u00e2lnire intim\u0103 cu prietenii sau o modalitate unic\u0103 de a celebra un moment special, Picnic en Bliss transform\u0103 o simpl\u0103 mas\u0103 \u00eentr-o experien\u021b\u0103 magic\u0103, care hr\u0103ne\u0219te sufletul.<\/p><p><strong>\u00a0<\/strong><\/p><p><strong>\u00cencetine\u0219te, respir\u0103 \u0219i las\u0103-te purtat de frumuse\u021bea clipei.<\/strong><\/p>\t\t\t\t\t\t\t\t<\/div>\n\t\t\t\t<\/div>\n\t\t\t\t\t<\/div>\n\t\t\t\t<\/div>\n\t\t<div class=\"elementor-element elementor-element-e469895 e-flex e-con-boxed e-con e-parent\" data-id=\"e469895\" data-element_type=\"container\" data-e-type=\"container\">\n\t\t\t\t\t<div class=\"e-con-inner\">\n\t\t<div class=\"elementor-element elementor-element-29047b8 e-con-full e-flex e-con e-child\" data-id=\"29047b8\" data-element_type=\"container\" data-e-type=\"container\">\n\t\t\t\t<div class=\"elementor-element elementor-element-fe2621b elementor-widget elementor-widget-gallery\" data-id=\"fe2621b\" data-element_type=\"widget\" data-e-type=\"widget\" data-settings=\"{&quot;gallery_layout&quot;:&quot;masonry&quot;,&quot;columns&quot;:3,&quot;lazyload&quot;:&quot;yes&quot;,&quot;columns_tablet&quot;:2,&quot;columns_mobile&quot;:1,&quot;gap&quot;:{&quot;unit&quot;:&quot;px&quot;,&quot;size&quot;:10,&quot;sizes&quot;:[]},&quot;gap_tablet&quot;:{&quot;unit&quot;:&quot;px&quot;,&quot;size&quot;:10,&quot;sizes&quot;:[]},&quot;gap_mobile&quot;:{&quot;unit&quot;:&quot;px&quot;,&quot;size&quot;:10,&quot;sizes&quot;:[]},&quot;link_to&quot;:&quot;file&quot;,&quot;overlay_background&quot;:&quot;yes&quot;,&quot;content_hover_animation&quot;:&quot;fade-in&quot;}\" data-widget_type=\"gallery.default\">\n\t\t\t\t<div class=\"elementor-widget-container\">\n\t\t\t\t\t\t\t<div class=\"elementor-gallery__container\">\n\t\t\t\t\t\t\t<a class=\"e-gallery-item elementor-gallery-item elementor-animated-content\" href=\"https:\/\/blisspire.eu\/wp-content\/uploads\/2025\/03\/IMG_8864-scaled-e1741813986859.webp\" data-elementor-open-lightbox=\"yes\" data-elementor-lightbox-slideshow=\"fe2621b\" data-e-action-hash=\"#elementor-action%3Aaction%3Dlightbox%26settings%3DeyJpZCI6MzkyMCwidXJsIjoiaHR0cHM6XC9cL2JsaXNzcGlyZS5ldVwvd3AtY29udGVudFwvdXBsb2Fkc1wvMjAyNVwvMDNcL0lNR184ODY0LXNjYWxlZC1lMTc0MTgxMzk4Njg1OS53ZWJwIiwic2xpZGVzaG93IjoiZmUyNjIxYiJ9\">\n\t\t\t\t\t<div class=\"e-gallery-image elementor-gallery-item__image\" data-thumbnail=\"https:\/\/blisspire.eu\/wp-content\/uploads\/2025\/03\/IMG_8864-scaled-e1741813986859-768x1024.webp\" data-width=\"768\" data-height=\"1024\" aria-label=\"\" role=\"img\" ><\/div>\n\t\t\t\t\t\t\t\t\t\t\t<div class=\"elementor-gallery-item__overlay\"><\/div>\n\t\t\t\t\t\t\t\t\t\t\t\t\t\t<\/a>\n\t\t\t\t\t\t\t<a class=\"e-gallery-item elementor-gallery-item elementor-animated-content\" href=\"https:\/\/blisspire.eu\/wp-content\/uploads\/2025\/03\/IMG_8726-scaled-e1741813946930.webp\" data-elementor-open-lightbox=\"yes\" data-elementor-lightbox-slideshow=\"fe2621b\" data-e-action-hash=\"#elementor-action%3Aaction%3Dlightbox%26settings%3DeyJpZCI6MzkxNCwidXJsIjoiaHR0cHM6XC9cL2JsaXNzcGlyZS5ldVwvd3AtY29udGVudFwvdXBsb2Fkc1wvMjAyNVwvMDNcL0lNR184NzI2LXNjYWxlZC1lMTc0MTgxMzk0NjkzMC53ZWJwIiwic2xpZGVzaG93IjoiZmUyNjIxYiJ9\">\n\t\t\t\t\t<div class=\"e-gallery-image elementor-gallery-item__image\" data-thumbnail=\"https:\/\/blisspire.eu\/wp-content\/uploads\/2025\/03\/IMG_8726-scaled-e1741813946930-768x1024.webp\" data-width=\"768\" data-height=\"1024\" aria-label=\"\" role=\"img\" ><\/div>\n\t\t\t\t\t\t\t\t\t\t\t<div class=\"elementor-gallery-item__overlay\"><\/div>\n\t\t\t\t\t\t\t\t\t\t\t\t\t\t<\/a>\n\t\t\t\t\t\t\t<a class=\"e-gallery-item elementor-gallery-item elementor-animated-content\" href=\"https:\/\/blisspire.eu\/wp-content\/uploads\/2025\/03\/IMG_8886-scaled-e1741813995916.webp\" data-elementor-open-lightbox=\"yes\" data-elementor-lightbox-slideshow=\"fe2621b\" data-e-action-hash=\"#elementor-action%3Aaction%3Dlightbox%26settings%3DeyJpZCI6MzkyMSwidXJsIjoiaHR0cHM6XC9cL2JsaXNzcGlyZS5ldVwvd3AtY29udGVudFwvdXBsb2Fkc1wvMjAyNVwvMDNcL0lNR184ODg2LXNjYWxlZC1lMTc0MTgxMzk5NTkxNi53ZWJwIiwic2xpZGVzaG93IjoiZmUyNjIxYiJ9\">\n\t\t\t\t\t<div class=\"e-gallery-image elementor-gallery-item__image\" data-thumbnail=\"https:\/\/blisspire.eu\/wp-content\/uploads\/2025\/03\/IMG_8886-scaled-e1741813995916-768x1024.webp\" data-width=\"768\" data-height=\"1024\" aria-label=\"\" role=\"img\" ><\/div>\n\t\t\t\t\t\t\t\t\t\t\t<div class=\"elementor-gallery-item__overlay\"><\/div>\n\t\t\t\t\t\t\t\t\t\t\t\t\t\t<\/a>\n\t\t\t\t\t\t\t<a class=\"e-gallery-item elementor-gallery-item elementor-animated-content\" href=\"https:\/\/blisspire.eu\/wp-content\/uploads\/2025\/03\/IMG_8782-scaled.webp\" data-elementor-open-lightbox=\"yes\" data-elementor-lightbox-slideshow=\"fe2621b\" data-e-action-hash=\"#elementor-action%3Aaction%3Dlightbox%26settings%3DeyJpZCI6MzkxNiwidXJsIjoiaHR0cHM6XC9cL2JsaXNzcGlyZS5ldVwvd3AtY29udGVudFwvdXBsb2Fkc1wvMjAyNVwvMDNcL0lNR184NzgyLXNjYWxlZC53ZWJwIiwic2xpZGVzaG93IjoiZmUyNjIxYiJ9\">\n\t\t\t\t\t<div class=\"e-gallery-image elementor-gallery-item__image\" data-thumbnail=\"https:\/\/blisspire.eu\/wp-content\/uploads\/2025\/03\/IMG_8782-768x576.webp\" data-width=\"768\" data-height=\"576\" aria-label=\"\" role=\"img\" ><\/div>\n\t\t\t\t\t\t\t\t\t\t\t<div class=\"elementor-gallery-item__overlay\"><\/div>\n\t\t\t\t\t\t\t\t\t\t\t\t\t\t<\/a>\n\t\t\t\t\t\t\t<a class=\"e-gallery-item elementor-gallery-item elementor-animated-content\" href=\"https:\/\/blisspire.eu\/wp-content\/uploads\/2025\/03\/IMG_8769-scaled-e1741813954990.webp\" data-elementor-open-lightbox=\"yes\" data-elementor-lightbox-slideshow=\"fe2621b\" data-e-action-hash=\"#elementor-action%3Aaction%3Dlightbox%26settings%3DeyJpZCI6MzkxNSwidXJsIjoiaHR0cHM6XC9cL2JsaXNzcGlyZS5ldVwvd3AtY29udGVudFwvdXBsb2Fkc1wvMjAyNVwvMDNcL0lNR184NzY5LXNjYWxlZC1lMTc0MTgxMzk1NDk5MC53ZWJwIiwic2xpZGVzaG93IjoiZmUyNjIxYiJ9\">\n\t\t\t\t\t<div class=\"e-gallery-image elementor-gallery-item__image\" data-thumbnail=\"https:\/\/blisspire.eu\/wp-content\/uploads\/2025\/03\/IMG_8769-scaled-e1741813954990-768x1024.webp\" data-width=\"768\" data-height=\"1024\" aria-label=\"\" role=\"img\" ><\/div>\n\t\t\t\t\t\t\t\t\t\t\t<div class=\"elementor-gallery-item__overlay\"><\/div>\n\t\t\t\t\t\t\t\t\t\t\t\t\t\t<\/a>\n\t\t\t\t\t\t\t<a class=\"e-gallery-item elementor-gallery-item elementor-animated-content\" href=\"https:\/\/blisspire.eu\/wp-content\/uploads\/2025\/03\/IMG_8811-scaled-e1741813971461.webp\" data-elementor-open-lightbox=\"yes\" data-elementor-lightbox-slideshow=\"fe2621b\" data-e-action-hash=\"#elementor-action%3Aaction%3Dlightbox%26settings%3DeyJpZCI6MzkxOCwidXJsIjoiaHR0cHM6XC9cL2JsaXNzcGlyZS5ldVwvd3AtY29udGVudFwvdXBsb2Fkc1wvMjAyNVwvMDNcL0lNR184ODExLXNjYWxlZC1lMTc0MTgxMzk3MTQ2MS53ZWJwIiwic2xpZGVzaG93IjoiZmUyNjIxYiJ9\">\n\t\t\t\t\t<div class=\"e-gallery-image elementor-gallery-item__image\" data-thumbnail=\"https:\/\/blisspire.eu\/wp-content\/uploads\/2025\/03\/IMG_8811-scaled-e1741813971461-768x1024.webp\" data-width=\"768\" data-height=\"1024\" aria-label=\"\" role=\"img\" ><\/div>\n\t\t\t\t\t\t\t\t\t\t\t<div class=\"elementor-gallery-item__overlay\"><\/div>\n\t\t\t\t\t\t\t\t\t\t\t\t\t\t<\/a>\n\t\t\t\t\t\t\t<a class=\"e-gallery-item elementor-gallery-item elementor-animated-content\" href=\"https:\/\/blisspire.eu\/wp-content\/uploads\/2025\/03\/IMG_8791-scaled-e1741813963936.webp\" data-elementor-open-lightbox=\"yes\" data-elementor-lightbox-slideshow=\"fe2621b\" data-e-action-hash=\"#elementor-action%3Aaction%3Dlightbox%26settings%3DeyJpZCI6MzkxNywidXJsIjoiaHR0cHM6XC9cL2JsaXNzcGlyZS5ldVwvd3AtY29udGVudFwvdXBsb2Fkc1wvMjAyNVwvMDNcL0lNR184NzkxLXNjYWxlZC1lMTc0MTgxMzk2MzkzNi53ZWJwIiwic2xpZGVzaG93IjoiZmUyNjIxYiJ9\">\n\t\t\t\t\t<div class=\"e-gallery-image elementor-gallery-item__image\" data-thumbnail=\"https:\/\/blisspire.eu\/wp-content\/uploads\/2025\/03\/IMG_8791-scaled-e1741813963936-768x1024.webp\" data-width=\"768\" data-height=\"1024\" aria-label=\"\" role=\"img\" ><\/div>\n\t\t\t\t\t\t\t\t\t\t\t<div class=\"elementor-gallery-item__overlay\"><\/div>\n\t\t\t\t\t\t\t\t\t\t\t\t\t\t<\/a>\n\t\t\t\t\t\t\t<a class=\"e-gallery-item elementor-gallery-item elementor-animated-content\" href=\"https:\/\/blisspire.eu\/wp-content\/uploads\/2025\/03\/IMG_8859-scaled-e1741813978144.webp\" data-elementor-open-lightbox=\"yes\" data-elementor-lightbox-slideshow=\"fe2621b\" data-e-action-hash=\"#elementor-action%3Aaction%3Dlightbox%26settings%3DeyJpZCI6MzkxOSwidXJsIjoiaHR0cHM6XC9cL2JsaXNzcGlyZS5ldVwvd3AtY29udGVudFwvdXBsb2Fkc1wvMjAyNVwvMDNcL0lNR184ODU5LXNjYWxlZC1lMTc0MTgxMzk3ODE0NC53ZWJwIiwic2xpZGVzaG93IjoiZmUyNjIxYiJ9\">\n\t\t\t\t\t<div class=\"e-gallery-image elementor-gallery-item__image\" data-thumbnail=\"https:\/\/blisspire.eu\/wp-content\/uploads\/2025\/03\/IMG_8859-scaled-e1741813978144-768x1024.webp\" data-width=\"768\" data-height=\"1024\" aria-label=\"\" role=\"img\" ><\/div>\n\t\t\t\t\t\t\t\t\t\t\t<div class=\"elementor-gallery-item__overlay\"><\/div>\n\t\t\t\t\t\t\t\t\t\t\t\t\t\t<\/a>\n\t\t\t\t\t\t\t<a class=\"e-gallery-item elementor-gallery-item elementor-animated-content\" href=\"https:\/\/blisspire.eu\/wp-content\/uploads\/2025\/03\/IMG_8725-scaled-e1741813937937.webp\" data-elementor-open-lightbox=\"yes\" data-elementor-lightbox-slideshow=\"fe2621b\" data-e-action-hash=\"#elementor-action%3Aaction%3Dlightbox%26settings%3DeyJpZCI6MzkxMywidXJsIjoiaHR0cHM6XC9cL2JsaXNzcGlyZS5ldVwvd3AtY29udGVudFwvdXBsb2Fkc1wvMjAyNVwvMDNcL0lNR184NzI1LXNjYWxlZC1lMTc0MTgxMzkzNzkzNy53ZWJwIiwic2xpZGVzaG93IjoiZmUyNjIxYiJ9\">\n\t\t\t\t\t<div class=\"e-gallery-image elementor-gallery-item__image\" data-thumbnail=\"https:\/\/blisspire.eu\/wp-content\/uploads\/2025\/03\/IMG_8725-scaled-e1741813937937-768x1024.webp\" data-width=\"768\" data-height=\"1024\" aria-label=\"\" role=\"img\" ><\/div>\n\t\t\t\t\t\t\t\t\t\t\t<div class=\"elementor-gallery-item__overlay\"><\/div>\n\t\t\t\t\t\t\t\t\t\t\t\t\t\t<\/a>\n\t\t\t\t\t\t\t<a class=\"e-gallery-item elementor-gallery-item elementor-animated-content\" href=\"https:\/\/blisspire.eu\/wp-content\/uploads\/2025\/02\/WhatsApp-Image-2025-02-17-at-21.47.04_24847cad.webp\" data-elementor-open-lightbox=\"yes\" data-elementor-lightbox-slideshow=\"fe2621b\" data-e-action-hash=\"#elementor-action%3Aaction%3Dlightbox%26settings%3DeyJpZCI6MjkwMCwidXJsIjoiaHR0cHM6XC9cL2JsaXNzcGlyZS5ldVwvd3AtY29udGVudFwvdXBsb2Fkc1wvMjAyNVwvMDJcL1doYXRzQXBwLUltYWdlLTIwMjUtMDItMTctYXQtMjEuNDcuMDRfMjQ4NDdjYWQud2VicCIsInNsaWRlc2hvdyI6ImZlMjYyMWIifQ%3D%3D\">\n\t\t\t\t\t<div class=\"e-gallery-image elementor-gallery-item__image\" data-thumbnail=\"https:\/\/blisspire.eu\/wp-content\/uploads\/2025\/02\/WhatsApp-Image-2025-02-17-at-21.47.04_24847cad-768x1024.webp\" data-width=\"768\" data-height=\"1024\" aria-label=\"\" role=\"img\" ><\/div>\n\t\t\t\t\t\t\t\t\t\t\t<div class=\"elementor-gallery-item__overlay\"><\/div>\n\t\t\t\t\t\t\t\t\t\t\t\t\t\t<\/a>\n\t\t\t\t\t\t\t<a class=\"e-gallery-item elementor-gallery-item elementor-animated-content\" href=\"https:\/\/blisspire.eu\/wp-content\/uploads\/2025\/02\/WhatsApp-Image-2025-02-17-at-21.34.35_c8e46996.webp\" data-elementor-open-lightbox=\"yes\" data-elementor-lightbox-slideshow=\"fe2621b\" data-e-action-hash=\"#elementor-action%3Aaction%3Dlightbox%26settings%3DeyJpZCI6Mjg5OSwidXJsIjoiaHR0cHM6XC9cL2JsaXNzcGlyZS5ldVwvd3AtY29udGVudFwvdXBsb2Fkc1wvMjAyNVwvMDJcL1doYXRzQXBwLUltYWdlLTIwMjUtMDItMTctYXQtMjEuMzQuMzVfYzhlNDY5OTYud2VicCIsInNsaWRlc2hvdyI6ImZlMjYyMWIifQ%3D%3D\">\n\t\t\t\t\t<div class=\"e-gallery-image elementor-gallery-item__image\" data-thumbnail=\"https:\/\/blisspire.eu\/wp-content\/uploads\/2025\/02\/WhatsApp-Image-2025-02-17-at-21.34.35_c8e46996-768x576.webp\" data-width=\"768\" data-height=\"576\" aria-label=\"\" role=\"img\" ><\/div>\n\t\t\t\t\t\t\t\t\t\t\t<div class=\"elementor-gallery-item__overlay\"><\/div>\n\t\t\t\t\t\t\t\t\t\t\t\t\t\t<\/a>\n\t\t\t\t\t\t\t<a class=\"e-gallery-item elementor-gallery-item elementor-animated-content\" href=\"https:\/\/blisspire.eu\/wp-content\/uploads\/2025\/02\/WhatsApp-Image-2025-02-17-at-21.34.22_f106bd9b.webp\" data-elementor-open-lightbox=\"yes\" data-elementor-lightbox-slideshow=\"fe2621b\" data-e-action-hash=\"#elementor-action%3Aaction%3Dlightbox%26settings%3DeyJpZCI6Mjg5OCwidXJsIjoiaHR0cHM6XC9cL2JsaXNzcGlyZS5ldVwvd3AtY29udGVudFwvdXBsb2Fkc1wvMjAyNVwvMDJcL1doYXRzQXBwLUltYWdlLTIwMjUtMDItMTctYXQtMjEuMzQuMjJfZjEwNmJkOWIud2VicCIsInNsaWRlc2hvdyI6ImZlMjYyMWIifQ%3D%3D\">\n\t\t\t\t\t<div class=\"e-gallery-image elementor-gallery-item__image\" data-thumbnail=\"https:\/\/blisspire.eu\/wp-content\/uploads\/2025\/02\/WhatsApp-Image-2025-02-17-at-21.34.22_f106bd9b-768x576.webp\" data-width=\"768\" data-height=\"576\" aria-label=\"\" role=\"img\" ><\/div>\n\t\t\t\t\t\t\t\t\t\t\t<div class=\"elementor-gallery-item__overlay\"><\/div>\n\t\t\t\t\t\t\t\t\t\t\t\t\t\t<\/a>\n\t\t\t\t\t\t\t<a class=\"e-gallery-item elementor-gallery-item elementor-animated-content\" href=\"https:\/\/blisspire.eu\/wp-content\/uploads\/2025\/02\/WhatsApp-Image-2025-02-17-at-21.34.22_88460d35.webp\" data-elementor-open-lightbox=\"yes\" data-elementor-lightbox-slideshow=\"fe2621b\" data-e-action-hash=\"#elementor-action%3Aaction%3Dlightbox%26settings%3DeyJpZCI6Mjg5NywidXJsIjoiaHR0cHM6XC9cL2JsaXNzcGlyZS5ldVwvd3AtY29udGVudFwvdXBsb2Fkc1wvMjAyNVwvMDJcL1doYXRzQXBwLUltYWdlLTIwMjUtMDItMTctYXQtMjEuMzQuMjJfODg0NjBkMzUud2VicCIsInNsaWRlc2hvdyI6ImZlMjYyMWIifQ%3D%3D\">\n\t\t\t\t\t<div class=\"e-gallery-image elementor-gallery-item__image\" data-thumbnail=\"https:\/\/blisspire.eu\/wp-content\/uploads\/2025\/02\/WhatsApp-Image-2025-02-17-at-21.34.22_88460d35-768x1024.webp\" data-width=\"768\" data-height=\"1024\" aria-label=\"\" role=\"img\" ><\/div>\n\t\t\t\t\t\t\t\t\t\t\t<div class=\"elementor-gallery-item__overlay\"><\/div>\n\t\t\t\t\t\t\t\t\t\t\t\t\t\t<\/a>\n\t\t\t\t\t\t\t<a class=\"e-gallery-item elementor-gallery-item elementor-animated-content\" href=\"https:\/\/blisspire.eu\/wp-content\/uploads\/2025\/02\/WhatsApp-Image-2025-02-17-at-21.34.22_90bd5269.webp\" data-elementor-open-lightbox=\"yes\" data-elementor-lightbox-slideshow=\"fe2621b\" data-e-action-hash=\"#elementor-action%3Aaction%3Dlightbox%26settings%3DeyJpZCI6Mjg5NiwidXJsIjoiaHR0cHM6XC9cL2JsaXNzcGlyZS5ldVwvd3AtY29udGVudFwvdXBsb2Fkc1wvMjAyNVwvMDJcL1doYXRzQXBwLUltYWdlLTIwMjUtMDItMTctYXQtMjEuMzQuMjJfOTBiZDUyNjkud2VicCIsInNsaWRlc2hvdyI6ImZlMjYyMWIifQ%3D%3D\">\n\t\t\t\t\t<div class=\"e-gallery-image elementor-gallery-item__image\" data-thumbnail=\"https:\/\/blisspire.eu\/wp-content\/uploads\/2025\/02\/WhatsApp-Image-2025-02-17-at-21.34.22_90bd5269-768x576.webp\" data-width=\"768\" data-height=\"576\" aria-label=\"\" role=\"img\" ><\/div>\n\t\t\t\t\t\t\t\t\t\t\t<div class=\"elementor-gallery-item__overlay\"><\/div>\n\t\t\t\t\t\t\t\t\t\t\t\t\t\t<\/a>\n\t\t\t\t\t\t\t<a class=\"e-gallery-item elementor-gallery-item elementor-animated-content\" href=\"https:\/\/blisspire.eu\/wp-content\/uploads\/2025\/02\/WhatsApp-Image-2025-02-17-at-21.32.41_93a57564.webp\" data-elementor-open-lightbox=\"yes\" data-elementor-lightbox-slideshow=\"fe2621b\" data-e-action-hash=\"#elementor-action%3Aaction%3Dlightbox%26settings%3DeyJpZCI6Mjg5NSwidXJsIjoiaHR0cHM6XC9cL2JsaXNzcGlyZS5ldVwvd3AtY29udGVudFwvdXBsb2Fkc1wvMjAyNVwvMDJcL1doYXRzQXBwLUltYWdlLTIwMjUtMDItMTctYXQtMjEuMzIuNDFfOTNhNTc1NjQud2VicCIsInNsaWRlc2hvdyI6ImZlMjYyMWIifQ%3D%3D\">\n\t\t\t\t\t<div class=\"e-gallery-image elementor-gallery-item__image\" data-thumbnail=\"https:\/\/blisspire.eu\/wp-content\/uploads\/2025\/02\/WhatsApp-Image-2025-02-17-at-21.32.41_93a57564-768x930.webp\" data-width=\"768\" data-height=\"930\" aria-label=\"\" role=\"img\" ><\/div>\n\t\t\t\t\t\t\t\t\t\t\t<div class=\"elementor-gallery-item__overlay\"><\/div>\n\t\t\t\t\t\t\t\t\t\t\t\t\t\t<\/a>\n\t\t\t\t\t\t\t<a class=\"e-gallery-item elementor-gallery-item elementor-animated-content\" href=\"https:\/\/blisspire.eu\/wp-content\/uploads\/2025\/02\/WhatsApp-Image-2025-02-17-at-21.32.35_007e6041.webp\" data-elementor-open-lightbox=\"yes\" data-elementor-lightbox-slideshow=\"fe2621b\" data-e-action-hash=\"#elementor-action%3Aaction%3Dlightbox%26settings%3DeyJpZCI6Mjg5NCwidXJsIjoiaHR0cHM6XC9cL2JsaXNzcGlyZS5ldVwvd3AtY29udGVudFwvdXBsb2Fkc1wvMjAyNVwvMDJcL1doYXRzQXBwLUltYWdlLTIwMjUtMDItMTctYXQtMjEuMzIuMzVfMDA3ZTYwNDEud2VicCIsInNsaWRlc2hvdyI6ImZlMjYyMWIifQ%3D%3D\">\n\t\t\t\t\t<div class=\"e-gallery-image elementor-gallery-item__image\" data-thumbnail=\"https:\/\/blisspire.eu\/wp-content\/uploads\/2025\/02\/WhatsApp-Image-2025-02-17-at-21.32.35_007e6041-768x929.webp\" data-width=\"768\" data-height=\"929\" aria-label=\"\" role=\"img\" ><\/div>\n\t\t\t\t\t\t\t\t\t\t\t<div class=\"elementor-gallery-item__overlay\"><\/div>\n\t\t\t\t\t\t\t\t\t\t\t\t\t\t<\/a>\n\t\t\t\t\t\t\t<a class=\"e-gallery-item elementor-gallery-item elementor-animated-content\" href=\"https:\/\/blisspire.eu\/wp-content\/uploads\/2025\/02\/WhatsApp-Image-2025-02-17-at-21.32.20_b73730ab.webp\" data-elementor-open-lightbox=\"yes\" data-elementor-lightbox-slideshow=\"fe2621b\" data-e-action-hash=\"#elementor-action%3Aaction%3Dlightbox%26settings%3DeyJpZCI6Mjg5MywidXJsIjoiaHR0cHM6XC9cL2JsaXNzcGlyZS5ldVwvd3AtY29udGVudFwvdXBsb2Fkc1wvMjAyNVwvMDJcL1doYXRzQXBwLUltYWdlLTIwMjUtMDItMTctYXQtMjEuMzIuMjBfYjczNzMwYWIud2VicCIsInNsaWRlc2hvdyI6ImZlMjYyMWIifQ%3D%3D\">\n\t\t\t\t\t<div class=\"e-gallery-image elementor-gallery-item__image\" data-thumbnail=\"https:\/\/blisspire.eu\/wp-content\/uploads\/2025\/02\/WhatsApp-Image-2025-02-17-at-21.32.20_b73730ab-768x1365.webp\" data-width=\"768\" data-height=\"1365\" aria-label=\"\" role=\"img\" ><\/div>\n\t\t\t\t\t\t\t\t\t\t\t<div class=\"elementor-gallery-item__overlay\"><\/div>\n\t\t\t\t\t\t\t\t\t\t\t\t\t\t<\/a>\n\t\t\t\t\t\t\t<a class=\"e-gallery-item elementor-gallery-item elementor-animated-content\" href=\"https:\/\/blisspire.eu\/wp-content\/uploads\/2025\/02\/WhatsApp-Image-2025-02-17-at-21.32.06_53d44610.webp\" data-elementor-open-lightbox=\"yes\" data-elementor-lightbox-slideshow=\"fe2621b\" data-e-action-hash=\"#elementor-action%3Aaction%3Dlightbox%26settings%3DeyJpZCI6Mjg5MiwidXJsIjoiaHR0cHM6XC9cL2JsaXNzcGlyZS5ldVwvd3AtY29udGVudFwvdXBsb2Fkc1wvMjAyNVwvMDJcL1doYXRzQXBwLUltYWdlLTIwMjUtMDItMTctYXQtMjEuMzIuMDZfNTNkNDQ2MTAud2VicCIsInNsaWRlc2hvdyI6ImZlMjYyMWIifQ%3D%3D\">\n\t\t\t\t\t<div class=\"e-gallery-image elementor-gallery-item__image\" data-thumbnail=\"https:\/\/blisspire.eu\/wp-content\/uploads\/2025\/02\/WhatsApp-Image-2025-02-17-at-21.32.06_53d44610-768x659.webp\" data-width=\"768\" data-height=\"659\" aria-label=\"\" role=\"img\" ><\/div>\n\t\t\t\t\t\t\t\t\t\t\t<div class=\"elementor-gallery-item__overlay\"><\/div>\n\t\t\t\t\t\t\t\t\t\t\t\t\t\t<\/a>\n\t\t\t\t\t\t\t<a class=\"e-gallery-item elementor-gallery-item elementor-animated-content\" href=\"https:\/\/blisspire.eu\/wp-content\/uploads\/2025\/02\/Copy-of-0c1b5763-c1d2-45a7-bb36-d773b5511a5a.webp\" data-elementor-open-lightbox=\"yes\" data-elementor-lightbox-slideshow=\"fe2621b\" data-e-action-hash=\"#elementor-action%3Aaction%3Dlightbox%26settings%3DeyJpZCI6Mjg5MSwidXJsIjoiaHR0cHM6XC9cL2JsaXNzcGlyZS5ldVwvd3AtY29udGVudFwvdXBsb2Fkc1wvMjAyNVwvMDJcL0NvcHktb2YtMGMxYjU3NjMtYzFkMi00NWE3LWJiMzYtZDc3M2I1NTExYTVhLndlYnAiLCJzbGlkZXNob3ciOiJmZTI2MjFiIn0%3D\">\n\t\t\t\t\t<div class=\"e-gallery-image elementor-gallery-item__image\" data-thumbnail=\"https:\/\/blisspire.eu\/wp-content\/uploads\/2025\/02\/Copy-of-0c1b5763-c1d2-45a7-bb36-d773b5511a5a.webp\" data-width=\"531\" data-height=\"708\" aria-label=\"\" role=\"img\" ><\/div>\n\t\t\t\t\t\t\t\t\t\t\t<div class=\"elementor-gallery-item__overlay\"><\/div>\n\t\t\t\t\t\t\t\t\t\t\t\t\t\t<\/a>\n\t\t\t\t\t\t\t<a class=\"e-gallery-item elementor-gallery-item elementor-animated-content\" href=\"https:\/\/blisspire.eu\/wp-content\/uploads\/2025\/02\/c6ef6157-f5a2-4ca2-aca7-f8bea6f6e99f.webp\" data-elementor-open-lightbox=\"yes\" data-elementor-lightbox-slideshow=\"fe2621b\" data-e-action-hash=\"#elementor-action%3Aaction%3Dlightbox%26settings%3DeyJpZCI6Mjg5MCwidXJsIjoiaHR0cHM6XC9cL2JsaXNzcGlyZS5ldVwvd3AtY29udGVudFwvdXBsb2Fkc1wvMjAyNVwvMDJcL2M2ZWY2MTU3LWY1YTItNGNhMi1hY2E3LWY4YmVhNmY2ZTk5Zi53ZWJwIiwic2xpZGVzaG93IjoiZmUyNjIxYiJ9\">\n\t\t\t\t\t<div class=\"e-gallery-image elementor-gallery-item__image\" data-thumbnail=\"https:\/\/blisspire.eu\/wp-content\/uploads\/2025\/02\/c6ef6157-f5a2-4ca2-aca7-f8bea6f6e99f-768x576.webp\" data-width=\"768\" data-height=\"576\" aria-label=\"\" role=\"img\" ><\/div>\n\t\t\t\t\t\t\t\t\t\t\t<div class=\"elementor-gallery-item__overlay\"><\/div>\n\t\t\t\t\t\t\t\t\t\t\t\t\t\t<\/a>\n\t\t\t\t\t\t\t<a class=\"e-gallery-item elementor-gallery-item elementor-animated-content\" href=\"https:\/\/blisspire.eu\/wp-content\/uploads\/2025\/02\/45174280-bbe0-4c5b-ab6c-65763f282ca2.webp\" data-elementor-open-lightbox=\"yes\" data-elementor-lightbox-slideshow=\"fe2621b\" data-e-action-hash=\"#elementor-action%3Aaction%3Dlightbox%26settings%3DeyJpZCI6Mjg4OSwidXJsIjoiaHR0cHM6XC9cL2JsaXNzcGlyZS5ldVwvd3AtY29udGVudFwvdXBsb2Fkc1wvMjAyNVwvMDJcLzQ1MTc0MjgwLWJiZTAtNGM1Yi1hYjZjLTY1NzYzZjI4MmNhMi53ZWJwIiwic2xpZGVzaG93IjoiZmUyNjIxYiJ9\">\n\t\t\t\t\t<div class=\"e-gallery-image elementor-gallery-item__image\" data-thumbnail=\"https:\/\/blisspire.eu\/wp-content\/uploads\/2025\/02\/45174280-bbe0-4c5b-ab6c-65763f282ca2-768x576.webp\" data-width=\"768\" data-height=\"576\" aria-label=\"\" role=\"img\" ><\/div>\n\t\t\t\t\t\t\t\t\t\t\t<div class=\"elementor-gallery-item__overlay\"><\/div>\n\t\t\t\t\t\t\t\t\t\t\t\t\t\t<\/a>\n\t\t\t\t\t\t\t<a class=\"e-gallery-item elementor-gallery-item elementor-animated-content\" href=\"https:\/\/blisspire.eu\/wp-content\/uploads\/2025\/02\/16382989-3346-4651-8456-6858a0e9dc24.webp\" data-elementor-open-lightbox=\"yes\" data-elementor-lightbox-slideshow=\"fe2621b\" data-e-action-hash=\"#elementor-action%3Aaction%3Dlightbox%26settings%3DeyJpZCI6Mjg4OCwidXJsIjoiaHR0cHM6XC9cL2JsaXNzcGlyZS5ldVwvd3AtY29udGVudFwvdXBsb2Fkc1wvMjAyNVwvMDJcLzE2MzgyOTg5LTMzNDYtNDY1MS04NDU2LTY4NThhMGU5ZGMyNC53ZWJwIiwic2xpZGVzaG93IjoiZmUyNjIxYiJ9\">\n\t\t\t\t\t<div class=\"e-gallery-image elementor-gallery-item__image\" data-thumbnail=\"https:\/\/blisspire.eu\/wp-content\/uploads\/2025\/02\/16382989-3346-4651-8456-6858a0e9dc24-768x576.webp\" data-width=\"768\" data-height=\"576\" aria-label=\"\" role=\"img\" ><\/div>\n\t\t\t\t\t\t\t\t\t\t\t<div class=\"elementor-gallery-item__overlay\"><\/div>\n\t\t\t\t\t\t\t\t\t\t\t\t\t\t<\/a>\n\t\t\t\t\t<\/div>\n\t\t\t\t\t<\/div>\n\t\t\t\t<\/div>\n\t\t\t\t<\/div>\n\t\t\t\t\t<\/div>\n\t\t\t\t<\/div>\n\t\t\t\t<\/div>","protected":false},"excerpt":{"rendered":"<p>Picnic en Bliss A Culinary Escape in Nature We believe that the most memorable meals are not always served in lavish restaurants or grand dining halls; the truly special ones [&hellip;]<\/p>\n","protected":false},"author":2,"featured_media":0,"parent":2275,"menu_order":0,"comment_status":"closed","ping_status":"closed","template":"elementor_header_footer","meta":{"footnotes":""},"class_list":["post-2886","page","type-page","status-publish","hentry"],"_links":{"self":[{"href":"https:\/\/blisspire.eu\/ro\/wp-json\/wp\/v2\/pages\/2886","targetHints":{"allow":["GET"]}}],"collection":[{"href":"https:\/\/blisspire.eu\/ro\/wp-json\/wp\/v2\/pages"}],"about":[{"href":"https:\/\/blisspire.eu\/ro\/wp-json\/wp\/v2\/types\/page"}],"author":[{"embeddable":true,"href":"https:\/\/blisspire.eu\/ro\/wp-json\/wp\/v2\/users\/2"}],"replies":[{"embeddable":true,"href":"https:\/\/blisspire.eu\/ro\/wp-json\/wp\/v2\/comments?post=2886"}],"version-history":[{"count":0,"href":"https:\/\/blisspire.eu\/ro\/wp-json\/wp\/v2\/pages\/2886\/revisions"}],"up":[{"embeddable":true,"href":"https:\/\/blisspire.eu\/ro\/wp-json\/wp\/v2\/pages\/2275"}],"wp:attachment":[{"href":"https:\/\/blisspire.eu\/ro\/wp-json\/wp\/v2\/media?parent=2886"}],"curies":[{"name":"wp","href":"https:\/\/api.w.org\/{rel}","templated":true}]}}