{"id":2907,"date":"2025-02-24T11:32:19","date_gmt":"2025-02-24T11:32:19","guid":{"rendered":"https:\/\/blisspire.eu\/?page_id=2907"},"modified":"2025-04-13T11:32:33","modified_gmt":"2025-04-13T11:32:33","slug":"e-ride-transylvania-heritage-trails","status":"publish","type":"page","link":"https:\/\/blisspire.eu\/ro\/blissjourneys-calatorii-blisspire\/escapade-active\/e-ride-transilvania-trasee-patrimoniu\/","title":{"rendered":"E-Ride Transylvania Heritage Trails"},"content":{"rendered":"<div data-elementor-type=\"wp-page\" data-elementor-id=\"2907\" class=\"elementor elementor-2907\" data-elementor-post-type=\"page\">\n\t\t\t\t<div class=\"elementor-element elementor-element-e9a0cba e-flex e-con-boxed e-con e-parent\" data-id=\"e9a0cba\" data-element_type=\"container\" data-e-type=\"container\">\n\t\t\t\t\t<div class=\"e-con-inner\">\n\t\t\t\t<div class=\"elementor-element elementor-element-b503a05 elementor-widget elementor-widget-heading\" data-id=\"b503a05\" data-element_type=\"widget\" data-e-type=\"widget\" data-widget_type=\"heading.default\">\n\t\t\t\t<div class=\"elementor-widget-container\">\n\t\t\t\t\t<h2 class=\"elementor-heading-title elementor-size-default\">E-Ride Transylvania Heritage Trails<\/h2>\t\t\t\t<\/div>\n\t\t\t\t<\/div>\n\t\t\t\t\t<\/div>\n\t\t\t\t<\/div>\n\t\t<div class=\"elementor-element elementor-element-4fe6bb4 e-flex e-con-boxed e-con e-parent\" data-id=\"4fe6bb4\" data-element_type=\"container\" data-e-type=\"container\">\n\t\t\t\t\t<div class=\"e-con-inner\">\n\t\t\t\t<div class=\"elementor-element elementor-element-b7f6c0e elementor-widget elementor-widget-text-editor\" data-id=\"b7f6c0e\" data-element_type=\"widget\" data-e-type=\"widget\" data-widget_type=\"text-editor.default\">\n\t\t\t\t<div class=\"elementor-widget-container\">\n\t\t\t\t\t\t\t\t\t<p>Descoper\u0103 farmecul autentic al Transilvaniei \u00eentr-o aventur\u0103 de neuitat pe biciclet\u0103, prin cele mai pitore\u0219ti sate ale regiunii. E-Ride Transylvania Heritage Trails ofer\u0103 tururi ghidate pe biciclete electrice sau clasice, adaptate experien\u021bei \u0219i nivelului de rezisten\u021b\u0103 al fiec\u0103rui grup.<\/p>\n<p><strong style=\"letter-spacing: var( --e-global-typography-4fbe61d-letter-spacing ); word-spacing: var( --e-global-typography-4fbe61d-word-spacing );\"><br><\/strong><\/p><p><strong style=\"letter-spacing: var( --e-global-typography-4fbe61d-letter-spacing ); word-spacing: var( --e-global-typography-4fbe61d-word-spacing );\">Tururi ghidate all-inclusive<\/strong><\/p>\n<p>Punem la dispozi\u021bie biciclete (electrice sau standard), transport p\u00e2n\u0103 la punctul de plecare \u0219i un ghid cu experien\u021b\u0103, pentru a asigura o c\u0103l\u0103torie lin\u0103 \u0219i bogat\u0103 \u00een experien\u021be.<\/p>\n<p><strong style=\"letter-spacing: var( --e-global-typography-4fbe61d-letter-spacing ); word-spacing: var( --e-global-typography-4fbe61d-word-spacing );\"><br><\/strong><\/p><p><strong style=\"letter-spacing: var( --e-global-typography-4fbe61d-letter-spacing ); word-spacing: var( --e-global-typography-4fbe61d-word-spacing );\">Pedaleaz\u0103 prin istorie \u0219i tradi\u021bie<\/strong><\/p>\n<p>Te purt\u0103m pe trasee spectaculoase prin Bune\u0219ti, Viscri, Me\u0219endorf, Cri\u021b, Cloa\u0219terf, Saschiz \u0219i alte sate s\u0103se\u0219ti fermec\u0103toare, unde timpul pare c\u0103 s-a oprit \u00een loc. Pe drum, vizit\u0103m biserici fortificate vechi de secole, m\u0103rturii ale unui trecut medieval bogat, care au rezistat trecerii timpului.<\/p>\n<p><strong style=\"letter-spacing: var( --e-global-typography-4fbe61d-letter-spacing ); word-spacing: var( --e-global-typography-4fbe61d-word-spacing );\"><br><\/strong><\/p><p><strong style=\"letter-spacing: var( --e-global-typography-4fbe61d-letter-spacing ); word-spacing: var( --e-global-typography-4fbe61d-word-spacing );\">Gust\u0103 sufletul Transilvaniei<\/strong><\/p>\n<p>Experimenteaz\u0103 adev\u0103rate mese \u201ede la ferm\u0103 la farfurie\u201d, preg\u0103tite de familii locale, folosind ingrediente proaspete, crescute \u00een gospod\u0103rie. Ne bucur\u0103m de aceste festinuri tradi\u021bionale \u00een cur\u021bile lor, la umbra nucilor b\u0103tr\u00e2ni, savur\u00e2nd aromele autentice ale buc\u0103t\u0103riei transilv\u0103nene.<\/p>\n<p><strong><br><\/strong><\/p><p><strong>Me\u0219te\u0219ug \u0219i cultur\u0103 la fiecare oprire<\/strong><br>\u00cen inima satelor, \u00eent\u00e2lnim artizani locali, inclusiv fierarul satului, care ofer\u0103 o demonstra\u021bie live a me\u0219te\u0219ugului s\u0103u, p\u0103str\u00e2nd vie o art\u0103 transmis\u0103 din genera\u021bie \u00een genera\u021bie.<\/p>\n<p><strong><br><\/strong><\/p><p><strong>Natura \u00een cea mai frumoas\u0103 form\u0103 a sa<\/strong><br>Pedaleaz\u0103 printre dealuri domoale, paji\u0219ti \u00eenverzite \u0219i p\u0103duri vechi de stejar, unde peisajul se desf\u0103\u0219oar\u0103 \u00een toat\u0103 splendoarea lui. Fiecare traseu este o oportunitate de a te reconecta cu natura, de a respira aer curat \u0219i de a te l\u0103sa purtat de ritmul lini\u0219tit al vie\u021bii la \u021bar\u0103.<\/p>\n<p><strong><br><\/strong><\/p><p><strong>Fie c\u0103 \u00ee\u021bi dore\u0219ti o escapad\u0103 activ\u0103, o experien\u021b\u0103 cultural\u0103 sau o combina\u021bie \u00eentre cele dou\u0103, E-Ride Transylvania Heritage Trails te invit\u0103 s\u0103 descoperi magia Transilvaniei pe dou\u0103 ro\u021bi.<\/strong><\/p>\t\t\t\t\t\t\t\t<\/div>\n\t\t\t\t<\/div>\n\t\t\t\t\t<\/div>\n\t\t\t\t<\/div>\n\t\t<div class=\"elementor-element elementor-element-e469895 e-flex e-con-boxed e-con e-parent\" data-id=\"e469895\" data-element_type=\"container\" data-e-type=\"container\">\n\t\t\t\t\t<div class=\"e-con-inner\">\n\t\t<div class=\"elementor-element elementor-element-29047b8 e-con-full e-flex e-con e-child\" data-id=\"29047b8\" data-element_type=\"container\" data-e-type=\"container\">\n\t\t\t\t<div class=\"elementor-element elementor-element-fe2621b elementor-widget elementor-widget-gallery\" data-id=\"fe2621b\" data-element_type=\"widget\" data-e-type=\"widget\" data-settings=\"{&quot;gallery_layout&quot;:&quot;masonry&quot;,&quot;columns&quot;:3,&quot;lazyload&quot;:&quot;yes&quot;,&quot;columns_tablet&quot;:2,&quot;columns_mobile&quot;:1,&quot;gap&quot;:{&quot;unit&quot;:&quot;px&quot;,&quot;size&quot;:10,&quot;sizes&quot;:[]},&quot;gap_tablet&quot;:{&quot;unit&quot;:&quot;px&quot;,&quot;size&quot;:10,&quot;sizes&quot;:[]},&quot;gap_mobile&quot;:{&quot;unit&quot;:&quot;px&quot;,&quot;size&quot;:10,&quot;sizes&quot;:[]},&quot;link_to&quot;:&quot;file&quot;,&quot;overlay_background&quot;:&quot;yes&quot;,&quot;content_hover_animation&quot;:&quot;fade-in&quot;}\" data-widget_type=\"gallery.default\">\n\t\t\t\t<div class=\"elementor-widget-container\">\n\t\t\t\t\t\t\t<div class=\"elementor-gallery__container\">\n\t\t\t\t\t\t\t<a class=\"e-gallery-item elementor-gallery-item elementor-animated-content\" href=\"https:\/\/blisspire.eu\/wp-content\/uploads\/2025\/02\/IMG_4068-scaled.webp\" data-elementor-open-lightbox=\"yes\" data-elementor-lightbox-slideshow=\"fe2621b\" data-e-action-hash=\"#elementor-action%3Aaction%3Dlightbox%26settings%3DeyJpZCI6MjkxOSwidXJsIjoiaHR0cHM6XC9cL2JsaXNzcGlyZS5ldVwvd3AtY29udGVudFwvdXBsb2Fkc1wvMjAyNVwvMDJcL0lNR180MDY4LXNjYWxlZC53ZWJwIiwic2xpZGVzaG93IjoiZmUyNjIxYiJ9\">\n\t\t\t\t\t<div class=\"e-gallery-image elementor-gallery-item__image\" data-thumbnail=\"https:\/\/blisspire.eu\/wp-content\/uploads\/2025\/02\/IMG_4068-768x576.webp\" data-width=\"768\" data-height=\"576\" aria-label=\"\" role=\"img\" ><\/div>\n\t\t\t\t\t\t\t\t\t\t\t<div class=\"elementor-gallery-item__overlay\"><\/div>\n\t\t\t\t\t\t\t\t\t\t\t\t\t\t<\/a>\n\t\t\t\t\t\t\t<a class=\"e-gallery-item elementor-gallery-item elementor-animated-content\" href=\"https:\/\/blisspire.eu\/wp-content\/uploads\/2025\/02\/IMG_3292-scaled.webp\" data-elementor-open-lightbox=\"yes\" data-elementor-lightbox-slideshow=\"fe2621b\" data-e-action-hash=\"#elementor-action%3Aaction%3Dlightbox%26settings%3DeyJpZCI6MjkxOCwidXJsIjoiaHR0cHM6XC9cL2JsaXNzcGlyZS5ldVwvd3AtY29udGVudFwvdXBsb2Fkc1wvMjAyNVwvMDJcL0lNR18zMjkyLXNjYWxlZC53ZWJwIiwic2xpZGVzaG93IjoiZmUyNjIxYiJ9\">\n\t\t\t\t\t<div class=\"e-gallery-image elementor-gallery-item__image\" data-thumbnail=\"https:\/\/blisspire.eu\/wp-content\/uploads\/2025\/02\/IMG_3292-768x1024.webp\" data-width=\"768\" data-height=\"1024\" aria-label=\"\" role=\"img\" ><\/div>\n\t\t\t\t\t\t\t\t\t\t\t<div class=\"elementor-gallery-item__overlay\"><\/div>\n\t\t\t\t\t\t\t\t\t\t\t\t\t\t<\/a>\n\t\t\t\t\t\t\t<a class=\"e-gallery-item elementor-gallery-item elementor-animated-content\" href=\"https:\/\/blisspire.eu\/wp-content\/uploads\/2025\/02\/CA68B5F6-356B-42AF-93C2-0B7F74C156BE.webp\" data-elementor-open-lightbox=\"yes\" data-elementor-lightbox-slideshow=\"fe2621b\" data-e-action-hash=\"#elementor-action%3Aaction%3Dlightbox%26settings%3DeyJpZCI6MjkxNywidXJsIjoiaHR0cHM6XC9cL2JsaXNzcGlyZS5ldVwvd3AtY29udGVudFwvdXBsb2Fkc1wvMjAyNVwvMDJcL0NBNjhCNUY2LTM1NkItNDJBRi05M0MyLTBCN0Y3NEMxNTZCRS53ZWJwIiwic2xpZGVzaG93IjoiZmUyNjIxYiJ9\">\n\t\t\t\t\t<div class=\"e-gallery-image elementor-gallery-item__image\" data-thumbnail=\"https:\/\/blisspire.eu\/wp-content\/uploads\/2025\/02\/CA68B5F6-356B-42AF-93C2-0B7F74C156BE-768x578.webp\" data-width=\"768\" data-height=\"578\" aria-label=\"\" role=\"img\" ><\/div>\n\t\t\t\t\t\t\t\t\t\t\t<div class=\"elementor-gallery-item__overlay\"><\/div>\n\t\t\t\t\t\t\t\t\t\t\t\t\t\t<\/a>\n\t\t\t\t\t\t\t<a class=\"e-gallery-item elementor-gallery-item elementor-animated-content\" href=\"https:\/\/blisspire.eu\/wp-content\/uploads\/2025\/02\/a6f75d9e-d85e-4ef7-8b50-2d3d133804b7.webp\" data-elementor-open-lightbox=\"yes\" data-elementor-lightbox-slideshow=\"fe2621b\" data-e-action-hash=\"#elementor-action%3Aaction%3Dlightbox%26settings%3DeyJpZCI6MjkxNiwidXJsIjoiaHR0cHM6XC9cL2JsaXNzcGlyZS5ldVwvd3AtY29udGVudFwvdXBsb2Fkc1wvMjAyNVwvMDJcL2E2Zjc1ZDllLWQ4NWUtNGVmNy04YjUwLTJkM2QxMzM4MDRiNy53ZWJwIiwic2xpZGVzaG93IjoiZmUyNjIxYiJ9\">\n\t\t\t\t\t<div class=\"e-gallery-image elementor-gallery-item__image\" data-thumbnail=\"https:\/\/blisspire.eu\/wp-content\/uploads\/2025\/02\/a6f75d9e-d85e-4ef7-8b50-2d3d133804b7-768x576.webp\" data-width=\"768\" data-height=\"576\" aria-label=\"\" role=\"img\" ><\/div>\n\t\t\t\t\t\t\t\t\t\t\t<div class=\"elementor-gallery-item__overlay\"><\/div>\n\t\t\t\t\t\t\t\t\t\t\t\t\t\t<\/a>\n\t\t\t\t\t\t\t<a class=\"e-gallery-item elementor-gallery-item elementor-animated-content\" href=\"https:\/\/blisspire.eu\/wp-content\/uploads\/2025\/02\/59236622-EE11-41B7-949C-27BF4A9656E9.webp\" data-elementor-open-lightbox=\"yes\" data-elementor-lightbox-slideshow=\"fe2621b\" data-e-action-hash=\"#elementor-action%3Aaction%3Dlightbox%26settings%3DeyJpZCI6MjkxNSwidXJsIjoiaHR0cHM6XC9cL2JsaXNzcGlyZS5ldVwvd3AtY29udGVudFwvdXBsb2Fkc1wvMjAyNVwvMDJcLzU5MjM2NjIyLUVFMTEtNDFCNy05NDlDLTI3QkY0QTk2NTZFOS53ZWJwIiwic2xpZGVzaG93IjoiZmUyNjIxYiJ9\">\n\t\t\t\t\t<div class=\"e-gallery-image elementor-gallery-item__image\" data-thumbnail=\"https:\/\/blisspire.eu\/wp-content\/uploads\/2025\/02\/59236622-EE11-41B7-949C-27BF4A9656E9-768x579.webp\" data-width=\"768\" data-height=\"579\" aria-label=\"\" role=\"img\" ><\/div>\n\t\t\t\t\t\t\t\t\t\t\t<div class=\"elementor-gallery-item__overlay\"><\/div>\n\t\t\t\t\t\t\t\t\t\t\t\t\t\t<\/a>\n\t\t\t\t\t\t\t<a class=\"e-gallery-item elementor-gallery-item elementor-animated-content\" href=\"https:\/\/blisspire.eu\/wp-content\/uploads\/2025\/02\/752118ed-114d-4f62-aa24-58ad4c998532.webp\" data-elementor-open-lightbox=\"yes\" data-elementor-lightbox-slideshow=\"fe2621b\" data-e-action-hash=\"#elementor-action%3Aaction%3Dlightbox%26settings%3DeyJpZCI6MjkxNCwidXJsIjoiaHR0cHM6XC9cL2JsaXNzcGlyZS5ldVwvd3AtY29udGVudFwvdXBsb2Fkc1wvMjAyNVwvMDJcLzc1MjExOGVkLTExNGQtNGY2Mi1hYTI0LTU4YWQ0Yzk5ODUzMi53ZWJwIiwic2xpZGVzaG93IjoiZmUyNjIxYiJ9\">\n\t\t\t\t\t<div class=\"e-gallery-image elementor-gallery-item__image\" data-thumbnail=\"https:\/\/blisspire.eu\/wp-content\/uploads\/2025\/02\/752118ed-114d-4f62-aa24-58ad4c998532-768x576.webp\" data-width=\"768\" data-height=\"576\" aria-label=\"\" role=\"img\" ><\/div>\n\t\t\t\t\t\t\t\t\t\t\t<div class=\"elementor-gallery-item__overlay\"><\/div>\n\t\t\t\t\t\t\t\t\t\t\t\t\t\t<\/a>\n\t\t\t\t\t\t\t<a class=\"e-gallery-item elementor-gallery-item elementor-animated-content\" href=\"https:\/\/blisspire.eu\/wp-content\/uploads\/2025\/02\/39728d1a-6a24-4ff9-b076-26ab216bc37a.webp\" data-elementor-open-lightbox=\"yes\" data-elementor-lightbox-slideshow=\"fe2621b\" data-e-action-hash=\"#elementor-action%3Aaction%3Dlightbox%26settings%3DeyJpZCI6MjkxMywidXJsIjoiaHR0cHM6XC9cL2JsaXNzcGlyZS5ldVwvd3AtY29udGVudFwvdXBsb2Fkc1wvMjAyNVwvMDJcLzM5NzI4ZDFhLTZhMjQtNGZmOS1iMDc2LTI2YWIyMTZiYzM3YS53ZWJwIiwic2xpZGVzaG93IjoiZmUyNjIxYiJ9\">\n\t\t\t\t\t<div class=\"e-gallery-image elementor-gallery-item__image\" data-thumbnail=\"https:\/\/blisspire.eu\/wp-content\/uploads\/2025\/02\/39728d1a-6a24-4ff9-b076-26ab216bc37a-768x345.webp\" data-width=\"768\" data-height=\"345\" aria-label=\"\" role=\"img\" ><\/div>\n\t\t\t\t\t\t\t\t\t\t\t<div class=\"elementor-gallery-item__overlay\"><\/div>\n\t\t\t\t\t\t\t\t\t\t\t\t\t\t<\/a>\n\t\t\t\t\t\t\t<a class=\"e-gallery-item elementor-gallery-item elementor-animated-content\" href=\"https:\/\/blisspire.eu\/wp-content\/uploads\/2025\/02\/08274c84-44cc-4bd6-9198-f245c41d82f3.webp\" data-elementor-open-lightbox=\"yes\" data-elementor-lightbox-slideshow=\"fe2621b\" data-e-action-hash=\"#elementor-action%3Aaction%3Dlightbox%26settings%3DeyJpZCI6MjkxMiwidXJsIjoiaHR0cHM6XC9cL2JsaXNzcGlyZS5ldVwvd3AtY29udGVudFwvdXBsb2Fkc1wvMjAyNVwvMDJcLzA4Mjc0Yzg0LTQ0Y2MtNGJkNi05MTk4LWYyNDVjNDFkODJmMy53ZWJwIiwic2xpZGVzaG93IjoiZmUyNjIxYiJ9\">\n\t\t\t\t\t<div class=\"e-gallery-image elementor-gallery-item__image\" data-thumbnail=\"https:\/\/blisspire.eu\/wp-content\/uploads\/2025\/02\/08274c84-44cc-4bd6-9198-f245c41d82f3-768x345.webp\" data-width=\"768\" data-height=\"345\" aria-label=\"\" role=\"img\" ><\/div>\n\t\t\t\t\t\t\t\t\t\t\t<div class=\"elementor-gallery-item__overlay\"><\/div>\n\t\t\t\t\t\t\t\t\t\t\t\t\t\t<\/a>\n\t\t\t\t\t\t\t<a class=\"e-gallery-item elementor-gallery-item elementor-animated-content\" href=\"https:\/\/blisspire.eu\/wp-content\/uploads\/2025\/02\/4172c0a2-2c97-456e-9100-28acd3d1920a.webp\" data-elementor-open-lightbox=\"yes\" data-elementor-lightbox-slideshow=\"fe2621b\" data-e-action-hash=\"#elementor-action%3Aaction%3Dlightbox%26settings%3DeyJpZCI6MjkxMSwidXJsIjoiaHR0cHM6XC9cL2JsaXNzcGlyZS5ldVwvd3AtY29udGVudFwvdXBsb2Fkc1wvMjAyNVwvMDJcLzQxNzJjMGEyLTJjOTctNDU2ZS05MTAwLTI4YWNkM2QxOTIwYS53ZWJwIiwic2xpZGVzaG93IjoiZmUyNjIxYiJ9\">\n\t\t\t\t\t<div class=\"e-gallery-image elementor-gallery-item__image\" data-thumbnail=\"https:\/\/blisspire.eu\/wp-content\/uploads\/2025\/02\/4172c0a2-2c97-456e-9100-28acd3d1920a-768x345.webp\" data-width=\"768\" data-height=\"345\" aria-label=\"\" role=\"img\" ><\/div>\n\t\t\t\t\t\t\t\t\t\t\t<div class=\"elementor-gallery-item__overlay\"><\/div>\n\t\t\t\t\t\t\t\t\t\t\t\t\t\t<\/a>\n\t\t\t\t\t\t\t<a class=\"e-gallery-item elementor-gallery-item elementor-animated-content\" href=\"https:\/\/blisspire.eu\/wp-content\/uploads\/2025\/02\/3c67f3a8-0205-4854-a64e-c2382414bc12.webp\" data-elementor-open-lightbox=\"yes\" data-elementor-lightbox-slideshow=\"fe2621b\" data-e-action-hash=\"#elementor-action%3Aaction%3Dlightbox%26settings%3DeyJpZCI6MjkwOSwidXJsIjoiaHR0cHM6XC9cL2JsaXNzcGlyZS5ldVwvd3AtY29udGVudFwvdXBsb2Fkc1wvMjAyNVwvMDJcLzNjNjdmM2E4LTAyMDUtNDg1NC1hNjRlLWMyMzgyNDE0YmMxMi53ZWJwIiwic2xpZGVzaG93IjoiZmUyNjIxYiJ9\">\n\t\t\t\t\t<div class=\"e-gallery-image elementor-gallery-item__image\" data-thumbnail=\"https:\/\/blisspire.eu\/wp-content\/uploads\/2025\/02\/3c67f3a8-0205-4854-a64e-c2382414bc12.webp\" data-width=\"758\" data-height=\"1599\" aria-label=\"\" role=\"img\" ><\/div>\n\t\t\t\t\t\t\t\t\t\t\t<div class=\"elementor-gallery-item__overlay\"><\/div>\n\t\t\t\t\t\t\t\t\t\t\t\t\t\t<\/a>\n\t\t\t\t\t\t\t<a class=\"e-gallery-item elementor-gallery-item elementor-animated-content\" href=\"https:\/\/blisspire.eu\/wp-content\/uploads\/2025\/02\/95C30F12-87CB-44D2-9CC4-FE7039F74F9D.webp\" data-elementor-open-lightbox=\"yes\" data-elementor-lightbox-slideshow=\"fe2621b\" data-e-action-hash=\"#elementor-action%3Aaction%3Dlightbox%26settings%3DeyJpZCI6MjkxMCwidXJsIjoiaHR0cHM6XC9cL2JsaXNzcGlyZS5ldVwvd3AtY29udGVudFwvdXBsb2Fkc1wvMjAyNVwvMDJcLzk1QzMwRjEyLTg3Q0ItNDREMi05Q0M0LUZFNzAzOUY3NEY5RC53ZWJwIiwic2xpZGVzaG93IjoiZmUyNjIxYiJ9\">\n\t\t\t\t\t<div class=\"e-gallery-image elementor-gallery-item__image\" data-thumbnail=\"https:\/\/blisspire.eu\/wp-content\/uploads\/2025\/02\/95C30F12-87CB-44D2-9CC4-FE7039F74F9D-768x957.webp\" data-width=\"768\" data-height=\"957\" aria-label=\"\" role=\"img\" ><\/div>\n\t\t\t\t\t\t\t\t\t\t\t<div class=\"elementor-gallery-item__overlay\"><\/div>\n\t\t\t\t\t\t\t\t\t\t\t\t\t\t<\/a>\n\t\t\t\t\t\t\t<a class=\"e-gallery-item elementor-gallery-item elementor-animated-content\" href=\"https:\/\/blisspire.eu\/wp-content\/uploads\/2025\/03\/657AB1AE-CE2B-4000-9E2B-43FF2DB465B0.webp\" data-elementor-open-lightbox=\"yes\" data-elementor-lightbox-slideshow=\"fe2621b\" data-e-action-hash=\"#elementor-action%3Aaction%3Dlightbox%26settings%3DeyJpZCI6NDA0NSwidXJsIjoiaHR0cHM6XC9cL2JsaXNzcGlyZS5ldVwvd3AtY29udGVudFwvdXBsb2Fkc1wvMjAyNVwvMDNcLzY1N0FCMUFFLUNFMkItNDAwMC05RTJCLTQzRkYyREI0NjVCMC53ZWJwIiwic2xpZGVzaG93IjoiZmUyNjIxYiJ9\">\n\t\t\t\t\t<div class=\"e-gallery-image elementor-gallery-item__image\" data-thumbnail=\"https:\/\/blisspire.eu\/wp-content\/uploads\/2025\/03\/657AB1AE-CE2B-4000-9E2B-43FF2DB465B0-768x960.webp\" data-width=\"768\" data-height=\"960\" aria-label=\"\" role=\"img\" ><\/div>\n\t\t\t\t\t\t\t\t\t\t\t<div class=\"elementor-gallery-item__overlay\"><\/div>\n\t\t\t\t\t\t\t\t\t\t\t\t\t\t<\/a>\n\t\t\t\t\t\t\t<a class=\"e-gallery-item elementor-gallery-item elementor-animated-content\" href=\"https:\/\/blisspire.eu\/wp-content\/uploads\/2025\/03\/3596ccbe-addb-4343-b350-9b8e70eb2a29.webp\" data-elementor-open-lightbox=\"yes\" data-elementor-lightbox-slideshow=\"fe2621b\" data-e-action-hash=\"#elementor-action%3Aaction%3Dlightbox%26settings%3DeyJpZCI6NDA0NiwidXJsIjoiaHR0cHM6XC9cL2JsaXNzcGlyZS5ldVwvd3AtY29udGVudFwvdXBsb2Fkc1wvMjAyNVwvMDNcLzM1OTZjY2JlLWFkZGItNDM0My1iMzUwLTliOGU3MGViMmEyOS53ZWJwIiwic2xpZGVzaG93IjoiZmUyNjIxYiJ9\">\n\t\t\t\t\t<div class=\"e-gallery-image elementor-gallery-item__image\" data-thumbnail=\"https:\/\/blisspire.eu\/wp-content\/uploads\/2025\/03\/3596ccbe-addb-4343-b350-9b8e70eb2a29.webp\" data-width=\"767\" data-height=\"1023\" aria-label=\"\" role=\"img\" ><\/div>\n\t\t\t\t\t\t\t\t\t\t\t<div class=\"elementor-gallery-item__overlay\"><\/div>\n\t\t\t\t\t\t\t\t\t\t\t\t\t\t<\/a>\n\t\t\t\t\t\t\t<a class=\"e-gallery-item elementor-gallery-item elementor-animated-content\" href=\"https:\/\/blisspire.eu\/wp-content\/uploads\/2025\/03\/303228da-b6e4-4244-aaa9-ede041482743.webp\" data-elementor-open-lightbox=\"yes\" data-elementor-lightbox-slideshow=\"fe2621b\" data-e-action-hash=\"#elementor-action%3Aaction%3Dlightbox%26settings%3DeyJpZCI6NDA0NywidXJsIjoiaHR0cHM6XC9cL2JsaXNzcGlyZS5ldVwvd3AtY29udGVudFwvdXBsb2Fkc1wvMjAyNVwvMDNcLzMwMzIyOGRhLWI2ZTQtNDI0NC1hYWE5LWVkZTA0MTQ4Mjc0My53ZWJwIiwic2xpZGVzaG93IjoiZmUyNjIxYiJ9\">\n\t\t\t\t\t<div class=\"e-gallery-image elementor-gallery-item__image\" data-thumbnail=\"https:\/\/blisspire.eu\/wp-content\/uploads\/2025\/03\/303228da-b6e4-4244-aaa9-ede041482743.webp\" data-width=\"720\" data-height=\"1459\" aria-label=\"\" role=\"img\" ><\/div>\n\t\t\t\t\t\t\t\t\t\t\t<div class=\"elementor-gallery-item__overlay\"><\/div>\n\t\t\t\t\t\t\t\t\t\t\t\t\t\t<\/a>\n\t\t\t\t\t\t\t<a class=\"e-gallery-item elementor-gallery-item elementor-animated-content\" href=\"https:\/\/blisspire.eu\/wp-content\/uploads\/2025\/03\/B12049CD-C3A6-4F8B-AE01-95524C8E7D8C.webp\" data-elementor-open-lightbox=\"yes\" data-elementor-lightbox-slideshow=\"fe2621b\" data-e-action-hash=\"#elementor-action%3Aaction%3Dlightbox%26settings%3DeyJpZCI6NDA0OCwidXJsIjoiaHR0cHM6XC9cL2JsaXNzcGlyZS5ldVwvd3AtY29udGVudFwvdXBsb2Fkc1wvMjAyNVwvMDNcL0IxMjA0OUNELUMzQTYtNEY4Qi1BRTAxLTk1NTI0QzhFN0Q4Qy53ZWJwIiwic2xpZGVzaG93IjoiZmUyNjIxYiJ9\">\n\t\t\t\t\t<div class=\"e-gallery-image elementor-gallery-item__image\" data-thumbnail=\"https:\/\/blisspire.eu\/wp-content\/uploads\/2025\/03\/B12049CD-C3A6-4F8B-AE01-95524C8E7D8C-768x957.webp\" data-width=\"768\" data-height=\"957\" aria-label=\"\" role=\"img\" ><\/div>\n\t\t\t\t\t\t\t\t\t\t\t<div class=\"elementor-gallery-item__overlay\"><\/div>\n\t\t\t\t\t\t\t\t\t\t\t\t\t\t<\/a>\n\t\t\t\t\t\t\t<a class=\"e-gallery-item elementor-gallery-item elementor-animated-content\" href=\"https:\/\/blisspire.eu\/wp-content\/uploads\/2025\/03\/f603694b-f111-435f-b964-17b54c9b8c59.webp\" data-elementor-open-lightbox=\"yes\" data-elementor-lightbox-slideshow=\"fe2621b\" data-e-action-hash=\"#elementor-action%3Aaction%3Dlightbox%26settings%3DeyJpZCI6NDA0OSwidXJsIjoiaHR0cHM6XC9cL2JsaXNzcGlyZS5ldVwvd3AtY29udGVudFwvdXBsb2Fkc1wvMjAyNVwvMDNcL2Y2MDM2OTRiLWYxMTEtNDM1Zi1iOTY0LTE3YjU0YzliOGM1OS53ZWJwIiwic2xpZGVzaG93IjoiZmUyNjIxYiJ9\">\n\t\t\t\t\t<div class=\"e-gallery-image elementor-gallery-item__image\" data-thumbnail=\"https:\/\/blisspire.eu\/wp-content\/uploads\/2025\/03\/f603694b-f111-435f-b964-17b54c9b8c59-768x1024.webp\" data-width=\"768\" data-height=\"1024\" aria-label=\"\" role=\"img\" ><\/div>\n\t\t\t\t\t\t\t\t\t\t\t<div class=\"elementor-gallery-item__overlay\"><\/div>\n\t\t\t\t\t\t\t\t\t\t\t\t\t\t<\/a>\n\t\t\t\t\t\t\t<a class=\"e-gallery-item elementor-gallery-item elementor-animated-content\" href=\"https:\/\/blisspire.eu\/wp-content\/uploads\/2025\/03\/IMG_0823.webp\" data-elementor-open-lightbox=\"yes\" data-elementor-lightbox-slideshow=\"fe2621b\" data-e-action-hash=\"#elementor-action%3Aaction%3Dlightbox%26settings%3DeyJpZCI6NDA1MCwidXJsIjoiaHR0cHM6XC9cL2JsaXNzcGlyZS5ldVwvd3AtY29udGVudFwvdXBsb2Fkc1wvMjAyNVwvMDNcL0lNR18wODIzLndlYnAiLCJzbGlkZXNob3ciOiJmZTI2MjFiIn0%3D\">\n\t\t\t\t\t<div class=\"e-gallery-image elementor-gallery-item__image\" data-thumbnail=\"https:\/\/blisspire.eu\/wp-content\/uploads\/2025\/03\/IMG_0823-768x966.webp\" data-width=\"768\" data-height=\"966\" aria-label=\"\" role=\"img\" ><\/div>\n\t\t\t\t\t\t\t\t\t\t\t<div class=\"elementor-gallery-item__overlay\"><\/div>\n\t\t\t\t\t\t\t\t\t\t\t\t\t\t<\/a>\n\t\t\t\t\t<\/div>\n\t\t\t\t\t<\/div>\n\t\t\t\t<\/div>\n\t\t\t\t<\/div>\n\t\t\t\t\t<\/div>\n\t\t\t\t<\/div>\n\t\t\t\t<\/div>","protected":false},"excerpt":{"rendered":"<p>Discover the authentic charm of Transylvania on an unforgettable cycling adventure through its most picturesque villages. E-Ride Transylvania Heritage Trails offers guided tours on electric and traditional bicycles, tailored to [&hellip;]<\/p>\n","protected":false},"author":2,"featured_media":0,"parent":2279,"menu_order":0,"comment_status":"closed","ping_status":"closed","template":"elementor_header_footer","meta":{"footnotes":""},"class_list":["post-2907","page","type-page","status-publish","hentry"],"_links":{"self":[{"href":"https:\/\/blisspire.eu\/ro\/wp-json\/wp\/v2\/pages\/2907","targetHints":{"allow":["GET"]}}],"collection":[{"href":"https:\/\/blisspire.eu\/ro\/wp-json\/wp\/v2\/pages"}],"about":[{"href":"https:\/\/blisspire.eu\/ro\/wp-json\/wp\/v2\/types\/page"}],"author":[{"embeddable":true,"href":"https:\/\/blisspire.eu\/ro\/wp-json\/wp\/v2\/users\/2"}],"replies":[{"embeddable":true,"href":"https:\/\/blisspire.eu\/ro\/wp-json\/wp\/v2\/comments?post=2907"}],"version-history":[{"count":0,"href":"https:\/\/blisspire.eu\/ro\/wp-json\/wp\/v2\/pages\/2907\/revisions"}],"up":[{"embeddable":true,"href":"https:\/\/blisspire.eu\/ro\/wp-json\/wp\/v2\/pages\/2279"}],"wp:attachment":[{"href":"https:\/\/blisspire.eu\/ro\/wp-json\/wp\/v2\/media?parent=2907"}],"curies":[{"name":"wp","href":"https:\/\/api.w.org\/{rel}","templated":true}]}}