{"id":3376,"date":"2025-03-04T12:29:17","date_gmt":"2025-03-04T12:29:17","guid":{"rendered":"https:\/\/blisspire.eu\/?page_id=3376"},"modified":"2025-09-22T00:32:22","modified_gmt":"2025-09-21T21:32:22","slug":"lives-that-inspire","status":"publish","type":"page","link":"https:\/\/blisspire.eu\/ro\/blissstories-povestile-blisspire\/oameni-care-ne-inspira\/","title":{"rendered":"Oameni care inspir\u0103"},"content":{"rendered":"<div data-elementor-type=\"wp-page\" data-elementor-id=\"3376\" class=\"elementor elementor-3376\" data-elementor-post-type=\"page\">\n\t\t\t\t<div class=\"elementor-element elementor-element-e9a0cba e-flex e-con-boxed e-con e-parent\" data-id=\"e9a0cba\" data-element_type=\"container\" data-e-type=\"container\">\n\t\t\t\t\t<div class=\"e-con-inner\">\n\t\t\t\t<div class=\"elementor-element elementor-element-b503a05 elementor-widget elementor-widget-heading\" data-id=\"b503a05\" data-element_type=\"widget\" data-e-type=\"widget\" data-widget_type=\"heading.default\">\n\t\t\t\t<div class=\"elementor-widget-container\">\n\t\t\t\t\t<h2 class=\"elementor-heading-title elementor-size-default\">Oameni care inspir\u0103<\/h2>\t\t\t\t<\/div>\n\t\t\t\t<\/div>\n\t\t\t\t\t<\/div>\n\t\t\t\t<\/div>\n\t\t<div class=\"elementor-element elementor-element-4fe6bb4 e-flex e-con-boxed e-con e-parent\" data-id=\"4fe6bb4\" data-element_type=\"container\" data-e-type=\"container\">\n\t\t\t\t\t<div class=\"e-con-inner\">\n\t\t\t\t<div class=\"elementor-element elementor-element-b7f6c0e elementor-widget elementor-widget-text-editor\" data-id=\"b7f6c0e\" data-element_type=\"widget\" data-e-type=\"widget\" data-widget_type=\"text-editor.default\">\n\t\t\t\t<div class=\"elementor-widget-container\">\n\t\t\t\t\t\t\t\t\t<p>Fiecare via\u021b\u0103 poart\u0103 o poveste. Unele ajung \u00een c\u0103r\u021bi, altele \u00een filme. Dar cele care r\u0103m\u00e2n cu adev\u0103rat \u00een suflet sunt cele reale, tr\u0103ite cu curaj, vulnerabilitate \u0219i sens.<br \/>\u00cen aceast\u0103 rubric\u0103, aducem la lumin\u0103 pove\u0219tile unor oameni care merit\u0103 s\u0103 fie cunoscu\u021bi. Nu pentru c\u0103 sunt celebri, ci pentru c\u0103 au tr\u0103it autentic, cu pasiune \u0219i cu impact.<br \/><br \/>Sunt oameni care ne-au inspirat, ne-au mi\u0219cat \u0219i ne-au f\u0103cut s\u0103 vedem lumea altfel.<br \/>Le dedic\u0103m aceast\u0103 pagin\u0103, pentru c\u0103 pove\u0219tile lor merit\u0103 s\u0103 fie spuse \u0219i s\u0103 r\u0103m\u00e2n\u0103.<\/p>\t\t\t\t\t\t\t\t<\/div>\n\t\t\t\t<\/div>\n\t\t\t\t\t<\/div>\n\t\t\t\t<\/div>\n\t\t<div class=\"elementor-element elementor-element-1a01c74 e-flex e-con-boxed e-con e-parent\" data-id=\"1a01c74\" data-element_type=\"container\" data-e-type=\"container\">\n\t\t\t\t\t<div class=\"e-con-inner\">\n\t\t\t\t<div class=\"elementor-element elementor-element-8270690 elementor-grid-eael-col-3 elementor-grid-tablet-eael-col-2 elementor-grid-mobile-eael-col-1 elementor-widget elementor-widget-eael-post-grid\" data-id=\"8270690\" data-element_type=\"widget\" data-e-type=\"widget\" data-settings=\"{&quot;eael_post_grid_columns&quot;:&quot;eael-col-3&quot;,&quot;eael_post_grid_columns_tablet&quot;:&quot;eael-col-2&quot;,&quot;eael_post_grid_columns_mobile&quot;:&quot;eael-col-1&quot;}\" data-widget_type=\"eael-post-grid.default\">\n\t\t\t\t<div class=\"elementor-widget-container\">\n\t\t\t\t\t<div id=\"eael-post-grid-8270690\" class=\"eael-post-grid-container\">\n            <div class=\"eael-post-grid eael-post-appender eael-post-appender-8270690 eael-post-grid-style-two\" data-layout-mode=\"grid\"><article class=\"eael-grid-post  eael-post-grid-column eael-pg-post-6531 category-interviews\" data-id=\"6531\">\n    <div class=\"eael-grid-post-holder\">\n        <div class=\"eael-grid-post-holder-inner\"><div class=\"eael-entry-media\"><div class=\"eael-entry-overlay fade-in\"><i class=\"fas fa-long-arrow-alt-right\" aria-hidden=\"true\"><\/i><a href=\"https:\/\/blisspire.eu\/ro\/luiza-zan-interviu-jazz\/\"><\/a><\/div><div class=\"eael-entry-thumbnail\">\n                            <img fetchpriority=\"high\" decoding=\"async\" width=\"1065\" height=\"1408\" src=\"https:\/\/blisspire.eu\/wp-content\/uploads\/2026\/03\/WhatsApp-Image-2026-03-27-at-09.32.09-e1774639771776.jpeg\" class=\"attachment-full size-full wp-image-6589\" alt=\"\" srcset=\"https:\/\/blisspire.eu\/wp-content\/uploads\/2026\/03\/WhatsApp-Image-2026-03-27-at-09.32.09-e1774639771776.jpeg 1065w, https:\/\/blisspire.eu\/wp-content\/uploads\/2026\/03\/WhatsApp-Image-2026-03-27-at-09.32.09-e1774639771776-227x300.jpeg 227w, https:\/\/blisspire.eu\/wp-content\/uploads\/2026\/03\/WhatsApp-Image-2026-03-27-at-09.32.09-e1774639771776-775x1024.jpeg 775w, https:\/\/blisspire.eu\/wp-content\/uploads\/2026\/03\/WhatsApp-Image-2026-03-27-at-09.32.09-e1774639771776-768x1015.jpeg 768w, https:\/\/blisspire.eu\/wp-content\/uploads\/2026\/03\/WhatsApp-Image-2026-03-27-at-09.32.09-e1774639771776-9x12.jpeg 9w\" sizes=\"(max-width: 1065px) 100vw, 1065px\" \/>\n                            <\/div>\n                    <\/div><div class=\"eael-entry-wrapper\"><header class=\"eael-entry-header\"><h5 class=\"eael-entry-title\"><a class=\"eael-grid-post-link\" href=\"https:\/\/blisspire.eu\/ro\/luiza-zan-interviu-jazz\/\" title=\"Luiza Zan: O via\u021b\u0103 rebel\u0103 tr\u0103it\u0103 \u00een jazz\">Luiza Zan: O via\u021b\u0103 rebel\u0103 tr\u0103it\u0103 \u00een jazz<\/a><\/h5><\/header><div class=\"eael-entry-header-after style-two\"><div class=\"eael-entry-meta\"><\/div><\/div><\/div><\/div>\n    <\/div>\n<\/article><article class=\"eael-grid-post  eael-post-grid-column eael-pg-post-4994 category-interviews\" data-id=\"4994\">\n    <div class=\"eael-grid-post-holder\">\n        <div class=\"eael-grid-post-holder-inner\"><div class=\"eael-entry-media\"><div class=\"eael-entry-overlay fade-in\"><i class=\"fas fa-long-arrow-alt-right\" aria-hidden=\"true\"><\/i><a href=\"https:\/\/blisspire.eu\/ro\/felicia-akkaya-eleganta-inteligentei-fine-si-puterea-unui-lider-autentic\/\"><\/a><\/div><div class=\"eael-entry-thumbnail\">\n                            <img decoding=\"async\" width=\"840\" height=\"1112\" src=\"https:\/\/blisspire.eu\/wp-content\/uploads\/2025\/03\/WhatsApp-Image-2025-03-07-at-15.20.28.jpeg\" class=\"attachment-full size-full wp-image-3510\" alt=\"\" srcset=\"https:\/\/blisspire.eu\/wp-content\/uploads\/2025\/03\/WhatsApp-Image-2025-03-07-at-15.20.28.jpeg 840w, https:\/\/blisspire.eu\/wp-content\/uploads\/2025\/03\/WhatsApp-Image-2025-03-07-at-15.20.28-227x300.jpeg 227w, https:\/\/blisspire.eu\/wp-content\/uploads\/2025\/03\/WhatsApp-Image-2025-03-07-at-15.20.28-774x1024.jpeg 774w, https:\/\/blisspire.eu\/wp-content\/uploads\/2025\/03\/WhatsApp-Image-2025-03-07-at-15.20.28-768x1017.jpeg 768w\" sizes=\"(max-width: 840px) 100vw, 840px\" \/>\n                            <\/div>\n                    <\/div><div class=\"eael-entry-wrapper\"><header class=\"eael-entry-header\"><h5 class=\"eael-entry-title\"><a class=\"eael-grid-post-link\" href=\"https:\/\/blisspire.eu\/ro\/felicia-akkaya-eleganta-inteligentei-fine-si-puterea-unui-lider-autentic\/\" title=\"Felicia Akkaya: Elegan\u021ba inteligen\u021bei subtile \u0219i puterea unui lider autentic\">Felicia Akkaya: Elegan\u021ba inteligen\u021bei subtile \u0219i puterea unui lider autentic<\/a><\/h5><\/header><div class=\"eael-entry-header-after style-two\"><div class=\"eael-entry-meta\"><\/div><\/div><\/div><\/div>\n    <\/div>\n<\/article><\/div>\n            <div class=\"clearfix\"><\/div>\n        <\/div>\t\t\t\t<\/div>\n\t\t\t\t<\/div>\n\t\t\t\t\t<\/div>\n\t\t\t\t<\/div>\n\t\t\t\t<\/div>","protected":false},"excerpt":{"rendered":"<p>Every life carries a story. Some are turned into books or films, but the ones that truly stay with us are real, lived with courage, vulnerability, and purpose.In this section, [&hellip;]<\/p>\n","protected":false},"author":2,"featured_media":0,"parent":1989,"menu_order":0,"comment_status":"closed","ping_status":"closed","template":"elementor_header_footer","meta":{"footnotes":""},"class_list":["post-3376","page","type-page","status-publish","hentry"],"_links":{"self":[{"href":"https:\/\/blisspire.eu\/ro\/wp-json\/wp\/v2\/pages\/3376","targetHints":{"allow":["GET"]}}],"collection":[{"href":"https:\/\/blisspire.eu\/ro\/wp-json\/wp\/v2\/pages"}],"about":[{"href":"https:\/\/blisspire.eu\/ro\/wp-json\/wp\/v2\/types\/page"}],"author":[{"embeddable":true,"href":"https:\/\/blisspire.eu\/ro\/wp-json\/wp\/v2\/users\/2"}],"replies":[{"embeddable":true,"href":"https:\/\/blisspire.eu\/ro\/wp-json\/wp\/v2\/comments?post=3376"}],"version-history":[{"count":9,"href":"https:\/\/blisspire.eu\/ro\/wp-json\/wp\/v2\/pages\/3376\/revisions"}],"predecessor-version":[{"id":6228,"href":"https:\/\/blisspire.eu\/ro\/wp-json\/wp\/v2\/pages\/3376\/revisions\/6228"}],"up":[{"embeddable":true,"href":"https:\/\/blisspire.eu\/ro\/wp-json\/wp\/v2\/pages\/1989"}],"wp:attachment":[{"href":"https:\/\/blisspire.eu\/ro\/wp-json\/wp\/v2\/media?parent=3376"}],"curies":[{"name":"wp","href":"https:\/\/api.w.org\/{rel}","templated":true}]}}