{"id":3388,"date":"2025-03-04T12:31:39","date_gmt":"2025-03-04T12:31:39","guid":{"rendered":"https:\/\/blisspire.eu\/?page_id=3388"},"modified":"2025-09-22T00:31:08","modified_gmt":"2025-09-21T21:31:08","slug":"places-with-beauty-soul","status":"publish","type":"page","link":"https:\/\/blisspire.eu\/ro\/blissstories-povestile-blisspire\/locuri-pline-de-suflet-si-frumusete\/","title":{"rendered":"Locuri cu suflet"},"content":{"rendered":"<div data-elementor-type=\"wp-page\" data-elementor-id=\"3388\" class=\"elementor elementor-3388\" data-elementor-post-type=\"page\">\n\t\t\t\t<div class=\"elementor-element elementor-element-e9a0cba e-flex e-con-boxed e-con e-parent\" data-id=\"e9a0cba\" data-element_type=\"container\" data-e-type=\"container\">\n\t\t\t\t\t<div class=\"e-con-inner\">\n\t\t\t\t<div class=\"elementor-element elementor-element-b503a05 elementor-widget elementor-widget-heading\" data-id=\"b503a05\" data-element_type=\"widget\" data-e-type=\"widget\" data-widget_type=\"heading.default\">\n\t\t\t\t<div class=\"elementor-widget-container\">\n\t\t\t\t\t<h2 class=\"elementor-heading-title elementor-size-default\">Locuri cu suflet<\/h2>\t\t\t\t<\/div>\n\t\t\t\t<\/div>\n\t\t\t\t\t<\/div>\n\t\t\t\t<\/div>\n\t\t<div class=\"elementor-element elementor-element-4fe6bb4 e-flex e-con-boxed e-con e-parent\" data-id=\"4fe6bb4\" data-element_type=\"container\" data-e-type=\"container\">\n\t\t\t\t\t<div class=\"e-con-inner\">\n\t\t\t\t<div class=\"elementor-element elementor-element-b7f6c0e elementor-widget elementor-widget-text-editor\" data-id=\"b7f6c0e\" data-element_type=\"widget\" data-e-type=\"widget\" data-widget_type=\"text-editor.default\">\n\t\t\t\t<div class=\"elementor-widget-container\">\n\t\t\t\t\t\t\t\t\t<p style=\"font-weight: 400;\">Credem c\u0103 locurile au un suflet: arhitectura lor, designul \u0219i pasiunea celor care le modeleaz\u0103 le transform\u0103 \u00een ceva mai mult dec\u00e2t simple cl\u0103diri. Devin sanctuare ale frumuse\u021bii, confortului \u0219i inspira\u021biei.<\/p><p style=\"font-weight: 400;\">\u00cen acest spa\u021biu, \u00eemp\u0103rt\u0103\u0219im destina\u021bii care ne-au marcat: hoteluri boutique, pensiuni fermec\u0103toare \u0219i case de vacan\u021b\u0103 autentice, fiecare cu o poveste unic\u0103 \u0219i un farmec aparte. Sunt locuri care \u00ee\u021bi transmit ceva special din primul moment \u00een care le p\u0103\u0219e\u0219ti pragul, spa\u021bii care poart\u0103 amprenta celor care le-au transformat cu grij\u0103, viziune \u0219i emo\u021bie.<\/p><p style=\"font-weight: 400;\">Dac\u0103 \u0219i tu e\u0219ti atras de locuri care spun o poveste, unde designul \u0219i atmosfera se \u00eempletesc pentru a crea o experien\u021b\u0103 de neuitat, aici vei g\u0103si inspira\u021bie. Fie c\u0103 visezi la o retragere rafinat\u0103 sau la un col\u021b intim \u0219i lini\u0219tit, fiecare destina\u021bie pe care o prezent\u0103m este aleas\u0103 cu grij\u0103 pentru a oferi mai mult dec\u00e2t o simpl\u0103 \u0219edere \u2014 ofer\u0103 o tr\u0103ire, o amintire, o experien\u021b\u0103.<\/p><p style=\"font-weight: 400;\"><strong>Descoper\u0103 locuri cu suflet, atent selec\u021bionate pentru frumuse\u021bea lor, autenticitate \u0219i emo\u021biile pe care le trezesc.<\/strong><\/p>\t\t\t\t\t\t\t\t<\/div>\n\t\t\t\t<\/div>\n\t\t\t\t\t<\/div>\n\t\t\t\t<\/div>\n\t\t<div class=\"elementor-element elementor-element-e469895 e-flex e-con-boxed e-con e-parent\" data-id=\"e469895\" data-element_type=\"container\" data-e-type=\"container\">\n\t\t\t\t\t<div class=\"e-con-inner\">\n\t\t<div class=\"elementor-element elementor-element-df9b8f7 e-con-full e-flex e-con e-child\" data-id=\"df9b8f7\" data-element_type=\"container\" data-e-type=\"container\">\n\t\t\t\t<div class=\"elementor-element elementor-element-0813d9b elementor-grid-eael-col-3 elementor-grid-tablet-eael-col-2 elementor-grid-mobile-eael-col-1 elementor-widget elementor-widget-eael-post-grid\" data-id=\"0813d9b\" data-element_type=\"widget\" data-e-type=\"widget\" data-settings=\"{&quot;eael_post_grid_columns&quot;:&quot;eael-col-3&quot;,&quot;eael_post_grid_columns_tablet&quot;:&quot;eael-col-2&quot;,&quot;eael_post_grid_columns_mobile&quot;:&quot;eael-col-1&quot;}\" data-widget_type=\"eael-post-grid.default\">\n\t\t\t\t<div class=\"elementor-widget-container\">\n\t\t\t\t\t<div id=\"eael-post-grid-0813d9b\" class=\"eael-post-grid-container\">\n            <div class=\"eael-post-grid eael-post-appender eael-post-appender-0813d9b eael-post-grid-style-two\" data-layout-mode=\"grid\"><article class=\"eael-grid-post  eael-post-grid-column eael-pg-post-6192 category-places-with-soul\" data-id=\"6192\">\n    <div class=\"eael-grid-post-holder\">\n        <div class=\"eael-grid-post-holder-inner\"><div class=\"eael-entry-media\"><div class=\"eael-entry-overlay fade-in\"><i class=\"fas fa-long-arrow-alt-right\" aria-hidden=\"true\"><\/i><a href=\"https:\/\/blisspire.eu\/ro\/castle-elvira-un-loc-unde-visul-devine-realitate\/\"><\/a><\/div><div class=\"eael-entry-thumbnail\">\n                            <img fetchpriority=\"high\" decoding=\"async\" width=\"500\" height=\"682\" src=\"https:\/\/blisspire.eu\/wp-content\/uploads\/2025\/09\/Elvira-Castle-Puglia-Bisspire-Places-with-soul-_6_.webp\" class=\"attachment-full size-full wp-image-6274\" alt=\"Elvira Castle Puglia 2025\" srcset=\"https:\/\/blisspire.eu\/wp-content\/uploads\/2025\/09\/Elvira-Castle-Puglia-Bisspire-Places-with-soul-_6_.webp 500w, https:\/\/blisspire.eu\/wp-content\/uploads\/2025\/09\/Elvira-Castle-Puglia-Bisspire-Places-with-soul-_6_-220x300.webp 220w, https:\/\/blisspire.eu\/wp-content\/uploads\/2025\/09\/Elvira-Castle-Puglia-Bisspire-Places-with-soul-_6_-9x12.webp 9w\" sizes=\"(max-width: 500px) 100vw, 500px\" \/>\n                            <\/div>\n                    <\/div><div class=\"eael-entry-wrapper\"><header class=\"eael-entry-header\"><h5 class=\"eael-entry-title\"><a class=\"eael-grid-post-link\" href=\"https:\/\/blisspire.eu\/ro\/castle-elvira-un-loc-unde-visul-devine-realitate\/\" title=\"Castle Elvira, un loc unde visul devine realitate\">Castle Elvira, un loc unde visul devine realitate<\/a><\/h5><\/header><div class=\"eael-entry-header-after style-two\"><div class=\"eael-entry-meta\"><\/div><\/div><\/div><\/div>\n    <\/div>\n<\/article><article class=\"eael-grid-post  eael-post-grid-column eael-pg-post-6154 category-places-with-soul\" data-id=\"6154\">\n    <div class=\"eael-grid-post-holder\">\n        <div class=\"eael-grid-post-holder-inner\"><div class=\"eael-entry-media\"><div class=\"eael-entry-overlay fade-in\"><i class=\"fas fa-long-arrow-alt-right\" aria-hidden=\"true\"><\/i><a href=\"https:\/\/blisspire.eu\/ro\/o-surpriza-numita-la-rascoala-autenticitate-traditie-regenerare-rurala\/\"><\/a><\/div><div class=\"eael-entry-thumbnail\">\n                            <img decoding=\"async\" width=\"675\" height=\"900\" src=\"https:\/\/blisspire.eu\/wp-content\/uploads\/2025\/09\/La-Rascoala-Petrila-Hunedoara-Oana-Croitoru-Blisspire-Blissstories-_1_.webp\" class=\"attachment-full size-full wp-image-6140\" alt=\"C\u0103su\u021ba La Rascoala din Petrila, Hunedoara: Oana Croitoru \u2013 Anda Lup\u0219an Blisspire Blissstories\" srcset=\"https:\/\/blisspire.eu\/wp-content\/uploads\/2025\/09\/La-Rascoala-Petrila-Hunedoara-Oana-Croitoru-Blisspire-Blissstories-_1_.webp 675w, https:\/\/blisspire.eu\/wp-content\/uploads\/2025\/09\/La-Rascoala-Petrila-Hunedoara-Oana-Croitoru-Blisspire-Blissstories-_1_-225x300.webp 225w, https:\/\/blisspire.eu\/wp-content\/uploads\/2025\/09\/La-Rascoala-Petrila-Hunedoara-Oana-Croitoru-Blisspire-Blissstories-_1_-9x12.webp 9w\" sizes=\"(max-width: 675px) 100vw, 675px\" \/>\n                            <\/div>\n                    <\/div><div class=\"eael-entry-wrapper\"><header class=\"eael-entry-header\"><h5 class=\"eael-entry-title\"><a class=\"eael-grid-post-link\" href=\"https:\/\/blisspire.eu\/ro\/o-surpriza-numita-la-rascoala-autenticitate-traditie-regenerare-rurala\/\" title=\"O surpriz\u0103 numit\u0103 \u201eLa R\u0103scoala\u201d, o poveste despre autenticitate, tradi\u021bie \u0219i regenerare rural\u0103\">O surpriz\u0103 numit\u0103 \u201eLa R\u0103scoala\u201d, o poveste despre autenticitate, tradi\u021bie \u0219i regenerare rural\u0103<\/a><\/h5><\/header><div class=\"eael-entry-header-after style-two\"><div class=\"eael-entry-meta\"><\/div><\/div><\/div><\/div>\n    <\/div>\n<\/article><\/div>\n            <div class=\"clearfix\"><\/div>\n        <\/div>\t\t\t\t<\/div>\n\t\t\t\t<\/div>\n\t\t\t\t<\/div>\n\t\t\t\t\t<\/div>\n\t\t\t\t<\/div>\n\t\t\t\t<\/div>","protected":false},"excerpt":{"rendered":"<p>We believe that places have a soul: their architecture, design, and the passion of those who shape them turn them into something more than just buildings. They become sanctuaries of [&hellip;]<\/p>\n","protected":false},"author":2,"featured_media":0,"parent":1989,"menu_order":0,"comment_status":"closed","ping_status":"closed","template":"elementor_header_footer","meta":{"footnotes":""},"class_list":["post-3388","page","type-page","status-publish","hentry"],"_links":{"self":[{"href":"https:\/\/blisspire.eu\/ro\/wp-json\/wp\/v2\/pages\/3388","targetHints":{"allow":["GET"]}}],"collection":[{"href":"https:\/\/blisspire.eu\/ro\/wp-json\/wp\/v2\/pages"}],"about":[{"href":"https:\/\/blisspire.eu\/ro\/wp-json\/wp\/v2\/types\/page"}],"author":[{"embeddable":true,"href":"https:\/\/blisspire.eu\/ro\/wp-json\/wp\/v2\/users\/2"}],"replies":[{"embeddable":true,"href":"https:\/\/blisspire.eu\/ro\/wp-json\/wp\/v2\/comments?post=3388"}],"version-history":[{"count":9,"href":"https:\/\/blisspire.eu\/ro\/wp-json\/wp\/v2\/pages\/3388\/revisions"}],"predecessor-version":[{"id":6225,"href":"https:\/\/blisspire.eu\/ro\/wp-json\/wp\/v2\/pages\/3388\/revisions\/6225"}],"up":[{"embeddable":true,"href":"https:\/\/blisspire.eu\/ro\/wp-json\/wp\/v2\/pages\/1989"}],"wp:attachment":[{"href":"https:\/\/blisspire.eu\/ro\/wp-json\/wp\/v2\/media?parent=3388"}],"curies":[{"name":"wp","href":"https:\/\/api.w.org\/{rel}","templated":true}]}}