{"id":3393,"date":"2025-03-04T12:32:16","date_gmt":"2025-03-04T12:32:16","guid":{"rendered":"https:\/\/blisspire.eu\/?page_id=3393"},"modified":"2025-10-20T15:31:09","modified_gmt":"2025-10-20T12:31:09","slug":"from-the-heart","status":"publish","type":"page","link":"https:\/\/blisspire.eu\/ro\/blissstories-povestile-blisspire\/din-inima\/","title":{"rendered":"Din inim\u0103"},"content":{"rendered":"<div data-elementor-type=\"wp-page\" data-elementor-id=\"3393\" class=\"elementor elementor-3393\" data-elementor-post-type=\"page\">\n\t\t\t\t<div class=\"elementor-element elementor-element-e9a0cba e-flex e-con-boxed e-con e-parent\" data-id=\"e9a0cba\" data-element_type=\"container\" data-e-type=\"container\">\n\t\t\t\t\t<div class=\"e-con-inner\">\n\t\t\t\t<div class=\"elementor-element elementor-element-b503a05 elementor-widget elementor-widget-heading\" data-id=\"b503a05\" data-element_type=\"widget\" data-e-type=\"widget\" data-widget_type=\"heading.default\">\n\t\t\t\t<div class=\"elementor-widget-container\">\n\t\t\t\t\t<h2 class=\"elementor-heading-title elementor-size-default\">Din inim\u0103<\/h2>\t\t\t\t<\/div>\n\t\t\t\t<\/div>\n\t\t\t\t\t<\/div>\n\t\t\t\t<\/div>\n\t\t<div class=\"elementor-element elementor-element-4fe6bb4 e-flex e-con-boxed e-con e-parent\" data-id=\"4fe6bb4\" data-element_type=\"container\" data-e-type=\"container\">\n\t\t\t\t\t<div class=\"e-con-inner\">\n\t\t\t\t<div class=\"elementor-element elementor-element-b7f6c0e elementor-widget elementor-widget-text-editor\" data-id=\"b7f6c0e\" data-element_type=\"widget\" data-e-type=\"widget\" data-widget_type=\"text-editor.default\">\n\t\t\t\t<div class=\"elementor-widget-container\">\n\t\t\t\t\t\t\t\t\t<p>Din c\u00e2nd \u00een c\u00e2nd, \u00een acest spa\u021biu vor prinde contur g\u00e2nduri, idei sau fr\u0103m\u00e2nt\u0103ri adunate pe parcursul unei c\u0103l\u0103torii personale \u0219i profesionale. Atunci c\u00e2nd devin prea pline pentru a fi p\u0103strate \u00een\u0103untru, ele se transform\u0103 \u00een cuvinte.\nNu vor inspira \u00eentotdeauna, dar \u00eentotdeauna vor fi autentice, reflec\u021bii sincere, l\u0103sate aici cu inima deschis\u0103.<\/p><p>Nu vor inspira \u00eentotdeauna, dar \u00eentotdeauna vor fi autentice, reflec\u021bii sincere, l\u0103sate aici cu inima deschis\u0103.<\/p>\t\t\t\t\t\t\t\t<\/div>\n\t\t\t\t<\/div>\n\t\t\t\t\t<\/div>\n\t\t\t\t<\/div>\n\t\t<div class=\"elementor-element elementor-element-2e7244e e-flex e-con-boxed e-con e-parent\" data-id=\"2e7244e\" data-element_type=\"container\" data-e-type=\"container\">\n\t\t\t\t\t<div class=\"e-con-inner\">\n\t\t<div class=\"elementor-element elementor-element-849a37a e-con-full e-flex e-con e-child\" data-id=\"849a37a\" data-element_type=\"container\" data-e-type=\"container\">\n\t\t\t\t<div class=\"elementor-element elementor-element-56d93a2 elementor-grid-eael-col-3 elementor-grid-tablet-eael-col-2 elementor-grid-mobile-eael-col-1 elementor-widget elementor-widget-eael-post-grid\" data-id=\"56d93a2\" data-element_type=\"widget\" data-e-type=\"widget\" data-settings=\"{&quot;eael_post_grid_columns&quot;:&quot;eael-col-3&quot;,&quot;eael_post_grid_columns_tablet&quot;:&quot;eael-col-2&quot;,&quot;eael_post_grid_columns_mobile&quot;:&quot;eael-col-1&quot;}\" data-widget_type=\"eael-post-grid.default\">\n\t\t\t\t<div class=\"elementor-widget-container\">\n\t\t\t\t\t<div id=\"eael-post-grid-56d93a2\" class=\"eael-post-grid-container\">\n            <div class=\"eael-post-grid eael-post-appender eael-post-appender-56d93a2 eael-post-grid-style-two\" data-layout-mode=\"grid\"><article class=\"eael-grid-post  eael-post-grid-column eael-pg-post-6387 category-from-the-heart\" data-id=\"6387\">\n    <div class=\"eael-grid-post-holder\">\n        <div class=\"eael-grid-post-holder-inner\"><div class=\"eael-entry-media\"><div class=\"eael-entry-overlay fade-in\"><i class=\"fas fa-long-arrow-alt-right\" aria-hidden=\"true\"><\/i><a href=\"https:\/\/blisspire.eu\/ro\/o-lume-in-miscare-oameni-migratie-si-povesti-despre-viitor\/\"><\/a><\/div><div class=\"eael-entry-thumbnail\">\n                            <img fetchpriority=\"high\" decoding=\"async\" width=\"1400\" height=\"1657\" src=\"https:\/\/blisspire.eu\/wp-content\/uploads\/2025\/10\/Poza-Madeira-_1_.webp\" class=\"attachment-full size-full wp-image-6392\" alt=\"Madeira by Anda Lupsan\" srcset=\"https:\/\/blisspire.eu\/wp-content\/uploads\/2025\/10\/Poza-Madeira-_1_.webp 1400w, https:\/\/blisspire.eu\/wp-content\/uploads\/2025\/10\/Poza-Madeira-_1_-253x300.webp 253w, https:\/\/blisspire.eu\/wp-content\/uploads\/2025\/10\/Poza-Madeira-_1_-865x1024.webp 865w, https:\/\/blisspire.eu\/wp-content\/uploads\/2025\/10\/Poza-Madeira-_1_-768x909.webp 768w, https:\/\/blisspire.eu\/wp-content\/uploads\/2025\/10\/Poza-Madeira-_1_-1298x1536.webp 1298w, https:\/\/blisspire.eu\/wp-content\/uploads\/2025\/10\/Poza-Madeira-_1_-10x12.webp 10w\" sizes=\"(max-width: 1400px) 100vw, 1400px\" \/>\n                            <\/div>\n                    <\/div><div class=\"eael-entry-wrapper\"><header class=\"eael-entry-header\"><h5 class=\"eael-entry-title\"><a class=\"eael-grid-post-link\" href=\"https:\/\/blisspire.eu\/ro\/o-lume-in-miscare-oameni-migratie-si-povesti-despre-viitor\/\" title=\"O lume \u00een mi\u0219care: oameni, migra\u021bie \u0219i pove\u0219ti despre viitor\">O lume \u00een mi\u0219care: oameni, migra\u021bie \u0219i pove\u0219ti despre viitor<\/a><\/h5><\/header><div class=\"eael-entry-header-after style-two\"><div class=\"eael-entry-meta\"><\/div><\/div><\/div><\/div>\n    <\/div>\n<\/article><\/div>\n            <div class=\"clearfix\"><\/div>\n        <\/div>\t\t\t\t<\/div>\n\t\t\t\t<\/div>\n\t\t\t\t<\/div>\n\t\t\t\t\t<\/div>\n\t\t\t\t<\/div>\n\t\t<div class=\"elementor-element elementor-element-e469895 e-flex e-con-boxed e-con e-parent\" data-id=\"e469895\" data-element_type=\"container\" data-e-type=\"container\">\n\t\t\t\t\t<div class=\"e-con-inner\">\n\t\t<div class=\"elementor-element elementor-element-29047b8 e-con-full e-flex e-con e-child\" data-id=\"29047b8\" data-element_type=\"container\" data-e-type=\"container\">\n\t\t\t\t<\/div>\n\t\t\t\t\t<\/div>\n\t\t\t\t<\/div>\n\t\t\t\t<\/div>","protected":false},"excerpt":{"rendered":"<p>From time to time, this space will gather thoughts, reflections, or challenges collected along a personal and professional journey. When they grow too full to remain unspoken, they\u2019ll take shape [&hellip;]<\/p>\n","protected":false},"author":2,"featured_media":0,"parent":1989,"menu_order":0,"comment_status":"closed","ping_status":"closed","template":"elementor_header_footer","meta":{"footnotes":""},"class_list":["post-3393","page","type-page","status-publish","hentry"],"_links":{"self":[{"href":"https:\/\/blisspire.eu\/ro\/wp-json\/wp\/v2\/pages\/3393","targetHints":{"allow":["GET"]}}],"collection":[{"href":"https:\/\/blisspire.eu\/ro\/wp-json\/wp\/v2\/pages"}],"about":[{"href":"https:\/\/blisspire.eu\/ro\/wp-json\/wp\/v2\/types\/page"}],"author":[{"embeddable":true,"href":"https:\/\/blisspire.eu\/ro\/wp-json\/wp\/v2\/users\/2"}],"replies":[{"embeddable":true,"href":"https:\/\/blisspire.eu\/ro\/wp-json\/wp\/v2\/comments?post=3393"}],"version-history":[{"count":3,"href":"https:\/\/blisspire.eu\/ro\/wp-json\/wp\/v2\/pages\/3393\/revisions"}],"predecessor-version":[{"id":6409,"href":"https:\/\/blisspire.eu\/ro\/wp-json\/wp\/v2\/pages\/3393\/revisions\/6409"}],"up":[{"embeddable":true,"href":"https:\/\/blisspire.eu\/ro\/wp-json\/wp\/v2\/pages\/1989"}],"wp:attachment":[{"href":"https:\/\/blisspire.eu\/ro\/wp-json\/wp\/v2\/media?parent=3393"}],"curies":[{"name":"wp","href":"https:\/\/api.w.org\/{rel}","templated":true}]}}