{"id":4088,"date":"2025-03-17T09:26:14","date_gmt":"2025-03-17T09:26:14","guid":{"rendered":"https:\/\/blisspire.eu\/?page_id=4088"},"modified":"2025-04-13T11:07:08","modified_gmt":"2025-04-13T11:07:08","slug":"barcelona-quest","status":"publish","type":"page","link":"https:\/\/blisspire.eu\/ro\/blissjourneys-calatorii-blisspire\/quests-explorari-globale\/barcelona-quest-ro\/","title":{"rendered":"Barcelona Quest"},"content":{"rendered":"<div data-elementor-type=\"wp-page\" data-elementor-id=\"4088\" class=\"elementor elementor-4088\" data-elementor-post-type=\"page\">\n\t\t\t\t<div class=\"elementor-element elementor-element-e9a0cba e-flex e-con-boxed e-con e-parent\" data-id=\"e9a0cba\" data-element_type=\"container\" data-e-type=\"container\">\n\t\t\t\t\t<div class=\"e-con-inner\">\n\t\t\t\t<div class=\"elementor-element elementor-element-b503a05 elementor-widget elementor-widget-heading\" data-id=\"b503a05\" data-element_type=\"widget\" data-e-type=\"widget\" data-widget_type=\"heading.default\">\n\t\t\t\t<div class=\"elementor-widget-container\">\n\t\t\t\t\t<h2 class=\"elementor-heading-title elementor-size-default\">Barcelona Quest<\/h2>\t\t\t\t<\/div>\n\t\t\t\t<\/div>\n\t\t\t\t<div class=\"elementor-element elementor-element-d4e2b13 elementor-widget elementor-widget-heading\" data-id=\"d4e2b13\" data-element_type=\"widget\" data-e-type=\"widget\" data-widget_type=\"heading.default\">\n\t\t\t\t<div class=\"elementor-widget-container\">\n\t\t\t\t\t<h2 class=\"elementor-heading-title elementor-size-default\">A Journey for Financial and Personal Transformation<\/h2>\t\t\t\t<\/div>\n\t\t\t\t<\/div>\n\t\t\t\t\t<\/div>\n\t\t\t\t<\/div>\n\t\t<div class=\"elementor-element elementor-element-4fe6bb4 e-flex e-con-boxed e-con e-parent\" data-id=\"4fe6bb4\" data-element_type=\"container\" data-e-type=\"container\">\n\t\t\t\t\t<div class=\"e-con-inner\">\n\t\t\t\t<div class=\"elementor-element elementor-element-b7f6c0e elementor-widget elementor-widget-text-editor\" data-id=\"b7f6c0e\" data-element_type=\"widget\" data-e-type=\"widget\" data-widget_type=\"text-editor.default\">\n\t\t\t\t<div class=\"elementor-widget-container\">\n\t\t\t\t\t\t\t\t\t<p>Desf\u0103\u0219urat \u00een perioada 19\u201323 septembrie 2024, Barcelona Quest a fost un retreat unic, dedicat femeilor preg\u0103tite s\u0103 preia controlul asupra viitorului lor financiar, \u00een timp ce se bucur\u0103 de cultura vibrant\u0103 a uneia dintre cele mai inspiratoare destina\u021bii din Europa. Aceast\u0103 experien\u021b\u0103 a \u00eembinat \u00een mod armonios educa\u021bia financiar\u0103, dezvoltarea personal\u0103 \u0219i relaxarea luxoas\u0103, oferind o c\u0103l\u0103torie de neuitat spre transformare.<\/p><p>\u00a0<\/p><p><strong>Programul Barcelona Quest:<\/strong><\/p><ul><li><strong>Workshopuri despre investi\u021bii imobiliare \u0219i libertate financiar\u0103 -<\/strong> Participantele au primit informa\u021bii valoroase despre strategii de investi\u021bii, independen\u021b\u0103 financiar\u0103 \u0219i surse de venit pasiv de la Julia Keck, antreprenoare con\u0219tient\u0103, de\u021bin\u0103toare a mai multor propriet\u0103\u021bi \u00een Barcelona \u0219i Bali, care tr\u0103ie\u0219te un stil de via\u021b\u0103 liber \u0219i flexibil, c\u0103l\u0103torind \u0219i locuind \u00een diferite col\u021buri ale lumii.<\/li><li><strong>Experien\u021be exclusive \u00een Barcelona<\/strong> \u2013 Un mix atent ales de explorare \u0219i conexiune:<ul><li><strong>Sesiuni de yoga \u0219i mindfulness<\/strong> pentru a \u00eencepe ziua cu claritate \u0219i echilibru<\/li><li><strong>Informa\u021bii private despre pia\u021ba imobiliar\u0103 din Barcelona<\/strong> inclusiv vizita unui imobil de investi\u021bie<\/li><li><strong>Imersiune cultural\u0103<\/strong> - Tur ghidat la Sagrada Fam\u00edlia \u0219i plimbare prin str\u0103du\u021bele fermec\u0103toare ale centrului vechi.<\/li><li><strong>Plimb\u0103ri matinale pe plaj\u0103 \u0219i seri de ecstatic dance<\/strong>, tr\u0103ind libertatea \u0219i bucuria prezentului.<\/li><li><strong>Tur panoramic cu biciclete electrice<\/strong>, urmat de un picnic relaxant \u00eentr-un parc pitoresc din Barcelona.<\/li><\/ul><\/li><li><strong>Cazare de lux \u00een Castelldefels<\/strong> - Oaspe\u021bii au fost g\u0103zdui\u021bi \u00eentr-o vil\u0103 spectaculoas\u0103, cu piscin\u0103, saun\u0103 \u0219i gr\u0103dini lini\u0219tite, cadrul perfect pentru momente de relaxare \u0219i conversa\u021bii profunde.<\/li><\/ul><p>\u00a0<\/p><p>Barcelona Quest a fost o c\u0103l\u0103torie de \u00eemputernicire, autocunoa\u0219tere \u0219i educa\u021bie financiar\u0103. O experien\u021b\u0103 memorabil\u0103, \u00een care s-au legat prietenii valoroase \u0219i s-au deschis noi perspective de via\u021b\u0103.<\/p>\t\t\t\t\t\t\t\t<\/div>\n\t\t\t\t<\/div>\n\t\t\t\t\t<\/div>\n\t\t\t\t<\/div>\n\t\t<div class=\"elementor-element elementor-element-e469895 e-flex e-con-boxed e-con e-parent\" data-id=\"e469895\" data-element_type=\"container\" data-e-type=\"container\">\n\t\t\t\t\t<div class=\"e-con-inner\">\n\t\t<div class=\"elementor-element elementor-element-29047b8 e-con-full e-flex e-con e-child\" data-id=\"29047b8\" data-element_type=\"container\" data-e-type=\"container\">\n\t\t\t\t<div class=\"elementor-element elementor-element-fe2621b elementor-widget elementor-widget-gallery\" data-id=\"fe2621b\" data-element_type=\"widget\" data-e-type=\"widget\" data-settings=\"{&quot;gallery_layout&quot;:&quot;masonry&quot;,&quot;columns&quot;:3,&quot;lazyload&quot;:&quot;yes&quot;,&quot;columns_tablet&quot;:2,&quot;columns_mobile&quot;:1,&quot;gap&quot;:{&quot;unit&quot;:&quot;px&quot;,&quot;size&quot;:10,&quot;sizes&quot;:[]},&quot;gap_tablet&quot;:{&quot;unit&quot;:&quot;px&quot;,&quot;size&quot;:10,&quot;sizes&quot;:[]},&quot;gap_mobile&quot;:{&quot;unit&quot;:&quot;px&quot;,&quot;size&quot;:10,&quot;sizes&quot;:[]},&quot;link_to&quot;:&quot;file&quot;,&quot;overlay_background&quot;:&quot;yes&quot;,&quot;content_hover_animation&quot;:&quot;fade-in&quot;}\" data-widget_type=\"gallery.default\">\n\t\t\t\t<div class=\"elementor-widget-container\">\n\t\t\t\t\t\t\t<div class=\"elementor-gallery__container\">\n\t\t\t\t\t\t\t<a class=\"e-gallery-item elementor-gallery-item elementor-animated-content\" href=\"https:\/\/blisspire.eu\/wp-content\/uploads\/2025\/03\/7e10450c-87b1-46d4-91f9-f2334fe702b9.webp\" data-elementor-open-lightbox=\"yes\" data-elementor-lightbox-slideshow=\"fe2621b\" data-e-action-hash=\"#elementor-action%3Aaction%3Dlightbox%26settings%3DeyJpZCI6NDA5MCwidXJsIjoiaHR0cHM6XC9cL2JsaXNzcGlyZS5ldVwvd3AtY29udGVudFwvdXBsb2Fkc1wvMjAyNVwvMDNcLzdlMTA0NTBjLTg3YjEtNDZkNC05MWY5LWYyMzM0ZmU3MDJiOS53ZWJwIiwic2xpZGVzaG93IjoiZmUyNjIxYiJ9\">\n\t\t\t\t\t<div class=\"e-gallery-image elementor-gallery-item__image\" data-thumbnail=\"https:\/\/blisspire.eu\/wp-content\/uploads\/2025\/03\/7e10450c-87b1-46d4-91f9-f2334fe702b9-768x1024.webp\" data-width=\"768\" data-height=\"1024\" aria-label=\"\" role=\"img\" ><\/div>\n\t\t\t\t\t\t\t\t\t\t\t<div class=\"elementor-gallery-item__overlay\"><\/div>\n\t\t\t\t\t\t\t\t\t\t\t\t\t\t<\/a>\n\t\t\t\t\t\t\t<a class=\"e-gallery-item elementor-gallery-item elementor-animated-content\" href=\"https:\/\/blisspire.eu\/wp-content\/uploads\/2025\/03\/77bb78df-7003-4e78-ae6d-0b1732032f88.webp\" data-elementor-open-lightbox=\"yes\" data-elementor-lightbox-slideshow=\"fe2621b\" data-e-action-hash=\"#elementor-action%3Aaction%3Dlightbox%26settings%3DeyJpZCI6NDA5MSwidXJsIjoiaHR0cHM6XC9cL2JsaXNzcGlyZS5ldVwvd3AtY29udGVudFwvdXBsb2Fkc1wvMjAyNVwvMDNcLzc3YmI3OGRmLTcwMDMtNGU3OC1hZTZkLTBiMTczMjAzMmY4OC53ZWJwIiwic2xpZGVzaG93IjoiZmUyNjIxYiJ9\">\n\t\t\t\t\t<div class=\"e-gallery-image elementor-gallery-item__image\" data-thumbnail=\"https:\/\/blisspire.eu\/wp-content\/uploads\/2025\/03\/77bb78df-7003-4e78-ae6d-0b1732032f88-768x563.webp\" data-width=\"768\" data-height=\"563\" aria-label=\"\" role=\"img\" ><\/div>\n\t\t\t\t\t\t\t\t\t\t\t<div class=\"elementor-gallery-item__overlay\"><\/div>\n\t\t\t\t\t\t\t\t\t\t\t\t\t\t<\/a>\n\t\t\t\t\t\t\t<a class=\"e-gallery-item elementor-gallery-item elementor-animated-content\" href=\"https:\/\/blisspire.eu\/wp-content\/uploads\/2025\/03\/IMG_1832-scaled.webp\" data-elementor-open-lightbox=\"yes\" data-elementor-lightbox-slideshow=\"fe2621b\" data-e-action-hash=\"#elementor-action%3Aaction%3Dlightbox%26settings%3DeyJpZCI6NDA5MiwidXJsIjoiaHR0cHM6XC9cL2JsaXNzcGlyZS5ldVwvd3AtY29udGVudFwvdXBsb2Fkc1wvMjAyNVwvMDNcL0lNR18xODMyLXNjYWxlZC53ZWJwIiwic2xpZGVzaG93IjoiZmUyNjIxYiJ9\">\n\t\t\t\t\t<div class=\"e-gallery-image elementor-gallery-item__image\" data-thumbnail=\"https:\/\/blisspire.eu\/wp-content\/uploads\/2025\/03\/IMG_1832-768x912.webp\" data-width=\"768\" data-height=\"912\" aria-label=\"\" role=\"img\" ><\/div>\n\t\t\t\t\t\t\t\t\t\t\t<div class=\"elementor-gallery-item__overlay\"><\/div>\n\t\t\t\t\t\t\t\t\t\t\t\t\t\t<\/a>\n\t\t\t\t\t\t\t<a class=\"e-gallery-item elementor-gallery-item elementor-animated-content\" href=\"https:\/\/blisspire.eu\/wp-content\/uploads\/2025\/03\/IMG_1855-scaled.webp\" data-elementor-open-lightbox=\"yes\" data-elementor-lightbox-slideshow=\"fe2621b\" data-e-action-hash=\"#elementor-action%3Aaction%3Dlightbox%26settings%3DeyJpZCI6NDA5MywidXJsIjoiaHR0cHM6XC9cL2JsaXNzcGlyZS5ldVwvd3AtY29udGVudFwvdXBsb2Fkc1wvMjAyNVwvMDNcL0lNR18xODU1LXNjYWxlZC53ZWJwIiwic2xpZGVzaG93IjoiZmUyNjIxYiJ9\">\n\t\t\t\t\t<div class=\"e-gallery-image elementor-gallery-item__image\" data-thumbnail=\"https:\/\/blisspire.eu\/wp-content\/uploads\/2025\/03\/IMG_1855-768x963.webp\" data-width=\"768\" data-height=\"963\" aria-label=\"\" role=\"img\" ><\/div>\n\t\t\t\t\t\t\t\t\t\t\t<div class=\"elementor-gallery-item__overlay\"><\/div>\n\t\t\t\t\t\t\t\t\t\t\t\t\t\t<\/a>\n\t\t\t\t\t\t\t<a class=\"e-gallery-item elementor-gallery-item elementor-animated-content\" href=\"https:\/\/blisspire.eu\/wp-content\/uploads\/2025\/03\/IMG_1890-scaled.webp\" data-elementor-open-lightbox=\"yes\" data-elementor-lightbox-slideshow=\"fe2621b\" data-e-action-hash=\"#elementor-action%3Aaction%3Dlightbox%26settings%3DeyJpZCI6NDA5NCwidXJsIjoiaHR0cHM6XC9cL2JsaXNzcGlyZS5ldVwvd3AtY29udGVudFwvdXBsb2Fkc1wvMjAyNVwvMDNcL0lNR18xODkwLXNjYWxlZC53ZWJwIiwic2xpZGVzaG93IjoiZmUyNjIxYiJ9\">\n\t\t\t\t\t<div class=\"e-gallery-image elementor-gallery-item__image\" data-thumbnail=\"https:\/\/blisspire.eu\/wp-content\/uploads\/2025\/03\/IMG_1890-768x576.webp\" data-width=\"768\" data-height=\"576\" aria-label=\"\" role=\"img\" ><\/div>\n\t\t\t\t\t\t\t\t\t\t\t<div class=\"elementor-gallery-item__overlay\"><\/div>\n\t\t\t\t\t\t\t\t\t\t\t\t\t\t<\/a>\n\t\t\t\t\t\t\t<a class=\"e-gallery-item elementor-gallery-item elementor-animated-content\" href=\"https:\/\/blisspire.eu\/wp-content\/uploads\/2025\/03\/IMG_1906-scaled.webp\" data-elementor-open-lightbox=\"yes\" data-elementor-lightbox-slideshow=\"fe2621b\" data-e-action-hash=\"#elementor-action%3Aaction%3Dlightbox%26settings%3DeyJpZCI6NDA5NSwidXJsIjoiaHR0cHM6XC9cL2JsaXNzcGlyZS5ldVwvd3AtY29udGVudFwvdXBsb2Fkc1wvMjAyNVwvMDNcL0lNR18xOTA2LXNjYWxlZC53ZWJwIiwic2xpZGVzaG93IjoiZmUyNjIxYiJ9\">\n\t\t\t\t\t<div class=\"e-gallery-image elementor-gallery-item__image\" data-thumbnail=\"https:\/\/blisspire.eu\/wp-content\/uploads\/2025\/03\/IMG_1906-768x1024.webp\" data-width=\"768\" data-height=\"1024\" aria-label=\"\" role=\"img\" ><\/div>\n\t\t\t\t\t\t\t\t\t\t\t<div class=\"elementor-gallery-item__overlay\"><\/div>\n\t\t\t\t\t\t\t\t\t\t\t\t\t\t<\/a>\n\t\t\t\t\t\t\t<a class=\"e-gallery-item elementor-gallery-item elementor-animated-content\" href=\"https:\/\/blisspire.eu\/wp-content\/uploads\/2025\/03\/IMG_1923-scaled.webp\" data-elementor-open-lightbox=\"yes\" data-elementor-lightbox-slideshow=\"fe2621b\" data-e-action-hash=\"#elementor-action%3Aaction%3Dlightbox%26settings%3DeyJpZCI6NDA5NiwidXJsIjoiaHR0cHM6XC9cL2JsaXNzcGlyZS5ldVwvd3AtY29udGVudFwvdXBsb2Fkc1wvMjAyNVwvMDNcL0lNR18xOTIzLXNjYWxlZC53ZWJwIiwic2xpZGVzaG93IjoiZmUyNjIxYiJ9\">\n\t\t\t\t\t<div class=\"e-gallery-image elementor-gallery-item__image\" data-thumbnail=\"https:\/\/blisspire.eu\/wp-content\/uploads\/2025\/03\/IMG_1923-768x894.webp\" data-width=\"768\" data-height=\"894\" aria-label=\"\" role=\"img\" ><\/div>\n\t\t\t\t\t\t\t\t\t\t\t<div class=\"elementor-gallery-item__overlay\"><\/div>\n\t\t\t\t\t\t\t\t\t\t\t\t\t\t<\/a>\n\t\t\t\t\t\t\t<a class=\"e-gallery-item elementor-gallery-item elementor-animated-content\" href=\"https:\/\/blisspire.eu\/wp-content\/uploads\/2025\/03\/IMG_1963-scaled.webp\" data-elementor-open-lightbox=\"yes\" data-elementor-lightbox-slideshow=\"fe2621b\" data-e-action-hash=\"#elementor-action%3Aaction%3Dlightbox%26settings%3DeyJpZCI6NDA5NywidXJsIjoiaHR0cHM6XC9cL2JsaXNzcGlyZS5ldVwvd3AtY29udGVudFwvdXBsb2Fkc1wvMjAyNVwvMDNcL0lNR18xOTYzLXNjYWxlZC53ZWJwIiwic2xpZGVzaG93IjoiZmUyNjIxYiJ9\">\n\t\t\t\t\t<div class=\"e-gallery-image elementor-gallery-item__image\" data-thumbnail=\"https:\/\/blisspire.eu\/wp-content\/uploads\/2025\/03\/IMG_1963-768x1021.webp\" data-width=\"768\" data-height=\"1021\" aria-label=\"\" role=\"img\" ><\/div>\n\t\t\t\t\t\t\t\t\t\t\t<div class=\"elementor-gallery-item__overlay\"><\/div>\n\t\t\t\t\t\t\t\t\t\t\t\t\t\t<\/a>\n\t\t\t\t\t\t\t<a class=\"e-gallery-item elementor-gallery-item elementor-animated-content\" href=\"https:\/\/blisspire.eu\/wp-content\/uploads\/2025\/03\/IMG_1967-scaled.webp\" data-elementor-open-lightbox=\"yes\" data-elementor-lightbox-slideshow=\"fe2621b\" data-e-action-hash=\"#elementor-action%3Aaction%3Dlightbox%26settings%3DeyJpZCI6NDA5OCwidXJsIjoiaHR0cHM6XC9cL2JsaXNzcGlyZS5ldVwvd3AtY29udGVudFwvdXBsb2Fkc1wvMjAyNVwvMDNcL0lNR18xOTY3LXNjYWxlZC53ZWJwIiwic2xpZGVzaG93IjoiZmUyNjIxYiJ9\">\n\t\t\t\t\t<div class=\"e-gallery-image elementor-gallery-item__image\" data-thumbnail=\"https:\/\/blisspire.eu\/wp-content\/uploads\/2025\/03\/IMG_1967-768x1055.webp\" data-width=\"768\" data-height=\"1055\" aria-label=\"\" role=\"img\" ><\/div>\n\t\t\t\t\t\t\t\t\t\t\t<div class=\"elementor-gallery-item__overlay\"><\/div>\n\t\t\t\t\t\t\t\t\t\t\t\t\t\t<\/a>\n\t\t\t\t\t\t\t<a class=\"e-gallery-item elementor-gallery-item elementor-animated-content\" href=\"https:\/\/blisspire.eu\/wp-content\/uploads\/2025\/03\/IMG_2052-scaled.webp\" data-elementor-open-lightbox=\"yes\" data-elementor-lightbox-slideshow=\"fe2621b\" data-e-action-hash=\"#elementor-action%3Aaction%3Dlightbox%26settings%3DeyJpZCI6NDA5OSwidXJsIjoiaHR0cHM6XC9cL2JsaXNzcGlyZS5ldVwvd3AtY29udGVudFwvdXBsb2Fkc1wvMjAyNVwvMDNcL0lNR18yMDUyLXNjYWxlZC53ZWJwIiwic2xpZGVzaG93IjoiZmUyNjIxYiJ9\">\n\t\t\t\t\t<div class=\"e-gallery-image elementor-gallery-item__image\" data-thumbnail=\"https:\/\/blisspire.eu\/wp-content\/uploads\/2025\/03\/IMG_2052-768x576.webp\" data-width=\"768\" data-height=\"576\" aria-label=\"\" role=\"img\" ><\/div>\n\t\t\t\t\t\t\t\t\t\t\t<div class=\"elementor-gallery-item__overlay\"><\/div>\n\t\t\t\t\t\t\t\t\t\t\t\t\t\t<\/a>\n\t\t\t\t\t\t\t<a class=\"e-gallery-item elementor-gallery-item elementor-animated-content\" href=\"https:\/\/blisspire.eu\/wp-content\/uploads\/2025\/03\/IMG_2053-scaled.webp\" data-elementor-open-lightbox=\"yes\" data-elementor-lightbox-slideshow=\"fe2621b\" data-e-action-hash=\"#elementor-action%3Aaction%3Dlightbox%26settings%3DeyJpZCI6NDEwMCwidXJsIjoiaHR0cHM6XC9cL2JsaXNzcGlyZS5ldVwvd3AtY29udGVudFwvdXBsb2Fkc1wvMjAyNVwvMDNcL0lNR18yMDUzLXNjYWxlZC53ZWJwIiwic2xpZGVzaG93IjoiZmUyNjIxYiJ9\">\n\t\t\t\t\t<div class=\"e-gallery-image elementor-gallery-item__image\" data-thumbnail=\"https:\/\/blisspire.eu\/wp-content\/uploads\/2025\/03\/IMG_2053-768x1024.webp\" data-width=\"768\" data-height=\"1024\" aria-label=\"\" role=\"img\" ><\/div>\n\t\t\t\t\t\t\t\t\t\t\t<div class=\"elementor-gallery-item__overlay\"><\/div>\n\t\t\t\t\t\t\t\t\t\t\t\t\t\t<\/a>\n\t\t\t\t\t\t\t<a class=\"e-gallery-item elementor-gallery-item elementor-animated-content\" href=\"https:\/\/blisspire.eu\/wp-content\/uploads\/2025\/03\/IMG_2059-scaled.webp\" data-elementor-open-lightbox=\"yes\" data-elementor-lightbox-slideshow=\"fe2621b\" data-e-action-hash=\"#elementor-action%3Aaction%3Dlightbox%26settings%3DeyJpZCI6NDEwMSwidXJsIjoiaHR0cHM6XC9cL2JsaXNzcGlyZS5ldVwvd3AtY29udGVudFwvdXBsb2Fkc1wvMjAyNVwvMDNcL0lNR18yMDU5LXNjYWxlZC53ZWJwIiwic2xpZGVzaG93IjoiZmUyNjIxYiJ9\">\n\t\t\t\t\t<div class=\"e-gallery-image elementor-gallery-item__image\" data-thumbnail=\"https:\/\/blisspire.eu\/wp-content\/uploads\/2025\/03\/IMG_2059-768x924.webp\" data-width=\"768\" data-height=\"924\" aria-label=\"\" role=\"img\" ><\/div>\n\t\t\t\t\t\t\t\t\t\t\t<div class=\"elementor-gallery-item__overlay\"><\/div>\n\t\t\t\t\t\t\t\t\t\t\t\t\t\t<\/a>\n\t\t\t\t\t\t\t<a class=\"e-gallery-item elementor-gallery-item elementor-animated-content\" href=\"https:\/\/blisspire.eu\/wp-content\/uploads\/2025\/03\/IMG_2150-scaled.webp\" data-elementor-open-lightbox=\"yes\" data-elementor-lightbox-slideshow=\"fe2621b\" data-e-action-hash=\"#elementor-action%3Aaction%3Dlightbox%26settings%3DeyJpZCI6NDEwMiwidXJsIjoiaHR0cHM6XC9cL2JsaXNzcGlyZS5ldVwvd3AtY29udGVudFwvdXBsb2Fkc1wvMjAyNVwvMDNcL0lNR18yMTUwLXNjYWxlZC53ZWJwIiwic2xpZGVzaG93IjoiZmUyNjIxYiJ9\">\n\t\t\t\t\t<div class=\"e-gallery-image elementor-gallery-item__image\" data-thumbnail=\"https:\/\/blisspire.eu\/wp-content\/uploads\/2025\/03\/IMG_2150-768x1024.webp\" data-width=\"768\" data-height=\"1024\" aria-label=\"\" role=\"img\" ><\/div>\n\t\t\t\t\t\t\t\t\t\t\t<div class=\"elementor-gallery-item__overlay\"><\/div>\n\t\t\t\t\t\t\t\t\t\t\t\t\t\t<\/a>\n\t\t\t\t\t\t\t<a class=\"e-gallery-item elementor-gallery-item elementor-animated-content\" href=\"https:\/\/blisspire.eu\/wp-content\/uploads\/2025\/03\/IMG_2154-scaled.webp\" data-elementor-open-lightbox=\"yes\" data-elementor-lightbox-slideshow=\"fe2621b\" data-e-action-hash=\"#elementor-action%3Aaction%3Dlightbox%26settings%3DeyJpZCI6NDEwMywidXJsIjoiaHR0cHM6XC9cL2JsaXNzcGlyZS5ldVwvd3AtY29udGVudFwvdXBsb2Fkc1wvMjAyNVwvMDNcL0lNR18yMTU0LXNjYWxlZC53ZWJwIiwic2xpZGVzaG93IjoiZmUyNjIxYiJ9\">\n\t\t\t\t\t<div class=\"e-gallery-image elementor-gallery-item__image\" data-thumbnail=\"https:\/\/blisspire.eu\/wp-content\/uploads\/2025\/03\/IMG_2154-768x1098.webp\" data-width=\"768\" data-height=\"1098\" aria-label=\"\" role=\"img\" ><\/div>\n\t\t\t\t\t\t\t\t\t\t\t<div class=\"elementor-gallery-item__overlay\"><\/div>\n\t\t\t\t\t\t\t\t\t\t\t\t\t\t<\/a>\n\t\t\t\t\t\t\t<a class=\"e-gallery-item elementor-gallery-item elementor-animated-content\" href=\"https:\/\/blisspire.eu\/wp-content\/uploads\/2025\/03\/IMG_2157-scaled.webp\" data-elementor-open-lightbox=\"yes\" data-elementor-lightbox-slideshow=\"fe2621b\" data-e-action-hash=\"#elementor-action%3Aaction%3Dlightbox%26settings%3DeyJpZCI6NDEwNCwidXJsIjoiaHR0cHM6XC9cL2JsaXNzcGlyZS5ldVwvd3AtY29udGVudFwvdXBsb2Fkc1wvMjAyNVwvMDNcL0lNR18yMTU3LXNjYWxlZC53ZWJwIiwic2xpZGVzaG93IjoiZmUyNjIxYiJ9\">\n\t\t\t\t\t<div class=\"e-gallery-image elementor-gallery-item__image\" data-thumbnail=\"https:\/\/blisspire.eu\/wp-content\/uploads\/2025\/03\/IMG_2157-768x1024.webp\" data-width=\"768\" data-height=\"1024\" aria-label=\"\" role=\"img\" ><\/div>\n\t\t\t\t\t\t\t\t\t\t\t<div class=\"elementor-gallery-item__overlay\"><\/div>\n\t\t\t\t\t\t\t\t\t\t\t\t\t\t<\/a>\n\t\t\t\t\t\t\t<a class=\"e-gallery-item elementor-gallery-item elementor-animated-content\" href=\"https:\/\/blisspire.eu\/wp-content\/uploads\/2025\/03\/IMG_2183-scaled.webp\" data-elementor-open-lightbox=\"yes\" data-elementor-lightbox-slideshow=\"fe2621b\" data-e-action-hash=\"#elementor-action%3Aaction%3Dlightbox%26settings%3DeyJpZCI6NDEwNSwidXJsIjoiaHR0cHM6XC9cL2JsaXNzcGlyZS5ldVwvd3AtY29udGVudFwvdXBsb2Fkc1wvMjAyNVwvMDNcL0lNR18yMTgzLXNjYWxlZC53ZWJwIiwic2xpZGVzaG93IjoiZmUyNjIxYiJ9\">\n\t\t\t\t\t<div class=\"e-gallery-image elementor-gallery-item__image\" data-thumbnail=\"https:\/\/blisspire.eu\/wp-content\/uploads\/2025\/03\/IMG_2183-768x576.webp\" data-width=\"768\" data-height=\"576\" aria-label=\"\" role=\"img\" ><\/div>\n\t\t\t\t\t\t\t\t\t\t\t<div class=\"elementor-gallery-item__overlay\"><\/div>\n\t\t\t\t\t\t\t\t\t\t\t\t\t\t<\/a>\n\t\t\t\t\t<\/div>\n\t\t\t\t\t<\/div>\n\t\t\t\t<\/div>\n\t\t\t\t<\/div>\n\t\t\t\t\t<\/div>\n\t\t\t\t<\/div>\n\t\t\t\t<\/div>","protected":false},"excerpt":{"rendered":"<p>A Journey for Financial and Personal Transformation Held from September 19-23, 2024, Barcelona Quest was a unique retreat designed for women ready to take control of their financial future while [&hellip;]<\/p>\n","protected":false},"author":2,"featured_media":0,"parent":2277,"menu_order":0,"comment_status":"closed","ping_status":"closed","template":"elementor_header_footer","meta":{"footnotes":""},"class_list":["post-4088","page","type-page","status-publish","hentry"],"_links":{"self":[{"href":"https:\/\/blisspire.eu\/ro\/wp-json\/wp\/v2\/pages\/4088","targetHints":{"allow":["GET"]}}],"collection":[{"href":"https:\/\/blisspire.eu\/ro\/wp-json\/wp\/v2\/pages"}],"about":[{"href":"https:\/\/blisspire.eu\/ro\/wp-json\/wp\/v2\/types\/page"}],"author":[{"embeddable":true,"href":"https:\/\/blisspire.eu\/ro\/wp-json\/wp\/v2\/users\/2"}],"replies":[{"embeddable":true,"href":"https:\/\/blisspire.eu\/ro\/wp-json\/wp\/v2\/comments?post=4088"}],"version-history":[{"count":0,"href":"https:\/\/blisspire.eu\/ro\/wp-json\/wp\/v2\/pages\/4088\/revisions"}],"up":[{"embeddable":true,"href":"https:\/\/blisspire.eu\/ro\/wp-json\/wp\/v2\/pages\/2277"}],"wp:attachment":[{"href":"https:\/\/blisspire.eu\/ro\/wp-json\/wp\/v2\/media?parent=4088"}],"curies":[{"name":"wp","href":"https:\/\/api.w.org\/{rel}","templated":true}]}}