{"id":6114,"date":"2025-09-21T14:22:09","date_gmt":"2025-09-21T11:22:09","guid":{"rendered":"https:\/\/blisspire.eu\/?page_id=6114"},"modified":"2025-09-21T14:46:49","modified_gmt":"2025-09-21T11:46:49","slug":"upcoming-events","status":"publish","type":"page","link":"https:\/\/blisspire.eu\/ro\/blissevents-evenimente-blisspire\/evenimente-viitoare-2\/","title":{"rendered":"Evenimente viitoare"},"content":{"rendered":"<div data-elementor-type=\"wp-page\" data-elementor-id=\"6114\" class=\"elementor elementor-6114\" data-elementor-post-type=\"page\">\n\t\t\t\t<div class=\"elementor-element elementor-element-3ffffdf e-flex e-con-boxed e-con e-parent\" data-id=\"3ffffdf\" data-element_type=\"container\" data-e-type=\"container\">\n\t\t\t\t\t<div class=\"e-con-inner\">\n\t\t\t\t<div class=\"elementor-element elementor-element-505f07d elementor-widget elementor-widget-heading\" data-id=\"505f07d\" data-element_type=\"widget\" data-e-type=\"widget\" data-widget_type=\"heading.default\">\n\t\t\t\t<div class=\"elementor-widget-container\">\n\t\t\t\t\t<h1 class=\"elementor-heading-title elementor-size-default\">EVENIMENTE VIITOARE<\/h1>\t\t\t\t<\/div>\n\t\t\t\t<\/div>\n\t\t\t\t\t<\/div>\n\t\t\t\t<\/div>\n\t\t<div class=\"elementor-element elementor-element-de59fbf e-flex e-con-boxed e-con e-parent\" data-id=\"de59fbf\" data-element_type=\"container\" data-e-type=\"container\">\n\t\t\t\t\t<div class=\"e-con-inner\">\n\t\t\t\t<div class=\"elementor-element elementor-element-3f64b3b elementor-widget elementor-widget-heading\" data-id=\"3f64b3b\" data-element_type=\"widget\" data-e-type=\"widget\" data-widget_type=\"heading.default\">\n\t\t\t\t<div class=\"elementor-widget-container\">\n\t\t\t\t\t<h2 class=\"elementor-heading-title elementor-size-default\">Ce urmeaz\u0103<\/h2>\t\t\t\t<\/div>\n\t\t\t\t<\/div>\n\t\t\t\t\t<\/div>\n\t\t\t\t<\/div>\n\t\t<div class=\"elementor-element elementor-element-db13b92 e-flex e-con-boxed e-con e-parent\" data-id=\"db13b92\" data-element_type=\"container\" data-e-type=\"container\">\n\t\t\t\t\t<div class=\"e-con-inner\">\n\t\t\t\t<div class=\"elementor-element elementor-element-5c2c1dc elementor-widget elementor-widget-text-editor\" data-id=\"5c2c1dc\" data-element_type=\"widget\" data-e-type=\"widget\" data-widget_type=\"text-editor.default\">\n\t\t\t\t<div class=\"elementor-widget-container\">\n\t\t\t\t\t\t\t\t\t<p data-start=\"100\" data-end=\"482\">\u00cen aceast\u0103 sec\u021biune, \u00eemp\u0103rt\u0103\u0219im evenimentele viitoare din calendarul nostru, fiecare creat cu grij\u0103, av\u00e2nd un scop clar, o tem\u0103 relevant\u0103, cadrul potrivit \u0219i parteneri care \u00eemp\u0103rt\u0103\u0219esc viziunea noastr\u0103. Evenimentele noastre sunt mai mult dec\u00e2t simple \u00eent\u00e2lniri; ele sunt expresii vii ale valorilor \u0219i misiunii noastre. Ele reflect\u0103 modul \u00een care vedem via\u021ba: plin\u0103 de bucurie, inspira\u021bie \u0219i conexiuni umane autentice.<\/p><p data-start=\"484\" data-end=\"799\">Fiecare eveniment este g\u00e2ndit pentru a crea spa\u021bii \u00een care oamenii pot cre\u0219te, d\u0103rui, primi \u0219i se pot conecta cu adev\u0103rat. Model\u0103m cu grij\u0103 fiecare detaliu, astfel \u00eenc\u00e2t frumuse\u021bea, inten\u021bia \u0219i puterea experien\u021belor \u00eemp\u0103rt\u0103\u0219ite s\u0103 ias\u0103 la lumin\u0103. Pentru c\u0103 credem c\u0103 momentele tr\u0103ite cu profunzime \u0219i autenticitate sunt cele care r\u0103m\u00e2n cu noi pentru totdeauna.<\/p>\t\t\t\t\t\t\t\t<\/div>\n\t\t\t\t<\/div>\n\t\t\t\t\t<\/div>\n\t\t\t\t<\/div>\n\t\t<div class=\"elementor-element elementor-element-5b669e5 e-flex e-con-boxed e-con e-parent\" data-id=\"5b669e5\" data-element_type=\"container\" data-e-type=\"container\">\n\t\t\t\t\t<div class=\"e-con-inner\">\n\t\t<div class=\"elementor-element elementor-element-adb6ca0 e-con-full e-flex e-con e-child\" data-id=\"adb6ca0\" data-element_type=\"container\" data-e-type=\"container\">\n\t\t<div class=\"elementor-element elementor-element-b971a62 e-con-full e-flex e-con e-child\" data-id=\"b971a62\" data-element_type=\"container\" data-e-type=\"container\">\n\t\t\t\t<div class=\"elementor-element elementor-element-eb2fdff elementor-widget elementor-widget-image\" data-id=\"eb2fdff\" data-element_type=\"widget\" data-e-type=\"widget\" data-widget_type=\"image.default\">\n\t\t\t\t<div class=\"elementor-widget-container\">\n\t\t\t\t\t\t\t\t\t\t\t\t\t\t\t\t<a href=\"https:\/\/blisspire.eu\/ro\/event\/retreat-mind-body-balance-14-16-noiembrie-2025-casa-de-sub-munte\/\">\n\t\t\t\t\t\t\t<img fetchpriority=\"high\" decoding=\"async\" width=\"1200\" height=\"800\" src=\"https:\/\/blisspire.eu\/wp-content\/uploads\/2025\/09\/Mind-Body-Balance-Retreat-14-16-nov-2025-Andrada-Popp-Anda-Lupsan-2.webp\" class=\"attachment-full size-full wp-image-6096\" alt=\"Mind Body Balance Retreat - 14-16 nov 2025 cu Andrada Popp \u0219i Anda Lup\u0219an la Casa de Sub Munte, Ucea\" srcset=\"https:\/\/blisspire.eu\/wp-content\/uploads\/2025\/09\/Mind-Body-Balance-Retreat-14-16-nov-2025-Andrada-Popp-Anda-Lupsan-2.webp 1200w, https:\/\/blisspire.eu\/wp-content\/uploads\/2025\/09\/Mind-Body-Balance-Retreat-14-16-nov-2025-Andrada-Popp-Anda-Lupsan-2-300x200.webp 300w, https:\/\/blisspire.eu\/wp-content\/uploads\/2025\/09\/Mind-Body-Balance-Retreat-14-16-nov-2025-Andrada-Popp-Anda-Lupsan-2-1024x683.webp 1024w, https:\/\/blisspire.eu\/wp-content\/uploads\/2025\/09\/Mind-Body-Balance-Retreat-14-16-nov-2025-Andrada-Popp-Anda-Lupsan-2-768x512.webp 768w, https:\/\/blisspire.eu\/wp-content\/uploads\/2025\/09\/Mind-Body-Balance-Retreat-14-16-nov-2025-Andrada-Popp-Anda-Lupsan-2-18x12.webp 18w\" sizes=\"(max-width: 1200px) 100vw, 1200px\" \/>\t\t\t\t\t\t\t\t<\/a>\n\t\t\t\t\t\t\t\t\t\t\t\t\t\t\t<\/div>\n\t\t\t\t<\/div>\n\t\t\t\t<\/div>\n\t\t<div class=\"elementor-element elementor-element-7da6645 e-con-full e-flex e-con e-child\" data-id=\"7da6645\" data-element_type=\"container\" data-e-type=\"container\">\n\t\t\t\t<div class=\"elementor-element elementor-element-5c514f9 elementor-widget elementor-widget-heading\" data-id=\"5c514f9\" data-element_type=\"widget\" data-e-type=\"widget\" data-widget_type=\"heading.default\">\n\t\t\t\t<div class=\"elementor-widget-container\">\n\t\t\t\t\t<h2 class=\"elementor-heading-title elementor-size-default\"><a href=\"https:\/\/blisspire.eu\/ro\/event\/retreat-mind-body-balance-14-16-noiembrie-2025-casa-de-sub-munte\/\">Mind \u2022 Body \u2022 Balance Retreat\nNovember 14 \u2013 16, 2025 | Casa de Sub Munte<\/a><\/h2>\t\t\t\t<\/div>\n\t\t\t\t<\/div>\n\t\t\t\t<\/div>\n\t\t\t\t<\/div>\n\t\t\t\t\t<\/div>\n\t\t\t\t<\/div>\n\t\t\t\t<\/div>","protected":false},"excerpt":{"rendered":"<p>UPCOMING EVENTS What is next In this section, we share the upcoming events on our calendar, each one thoughtfully created with a clear purpose, a meaningful theme, the right setting, [&hellip;]<\/p>\n","protected":false},"author":4,"featured_media":1522,"parent":1431,"menu_order":0,"comment_status":"closed","ping_status":"closed","template":"elementor_header_footer","meta":{"footnotes":""},"class_list":["post-6114","page","type-page","status-publish","has-post-thumbnail","hentry"],"_links":{"self":[{"href":"https:\/\/blisspire.eu\/ro\/wp-json\/wp\/v2\/pages\/6114","targetHints":{"allow":["GET"]}}],"collection":[{"href":"https:\/\/blisspire.eu\/ro\/wp-json\/wp\/v2\/pages"}],"about":[{"href":"https:\/\/blisspire.eu\/ro\/wp-json\/wp\/v2\/types\/page"}],"author":[{"embeddable":true,"href":"https:\/\/blisspire.eu\/ro\/wp-json\/wp\/v2\/users\/4"}],"replies":[{"embeddable":true,"href":"https:\/\/blisspire.eu\/ro\/wp-json\/wp\/v2\/comments?post=6114"}],"version-history":[{"count":23,"href":"https:\/\/blisspire.eu\/ro\/wp-json\/wp\/v2\/pages\/6114\/revisions"}],"predecessor-version":[{"id":6139,"href":"https:\/\/blisspire.eu\/ro\/wp-json\/wp\/v2\/pages\/6114\/revisions\/6139"}],"up":[{"embeddable":true,"href":"https:\/\/blisspire.eu\/ro\/wp-json\/wp\/v2\/pages\/1431"}],"wp:featuredmedia":[{"embeddable":true,"href":"https:\/\/blisspire.eu\/ro\/wp-json\/wp\/v2\/media\/1522"}],"wp:attachment":[{"href":"https:\/\/blisspire.eu\/ro\/wp-json\/wp\/v2\/media?parent=6114"}],"curies":[{"name":"wp","href":"https:\/\/api.w.org\/{rel}","templated":true}]}}