{"id":6419,"date":"2025-10-29T19:30:43","date_gmt":"2025-10-29T17:30:43","guid":{"rendered":"https:\/\/blisspire.eu\/?page_id=6419"},"modified":"2025-10-30T17:01:27","modified_gmt":"2025-10-30T15:01:27","slug":"about-upcoming-journeys","status":"publish","type":"page","link":"https:\/\/blisspire.eu\/ro\/blissjourneys-calatorii-blisspire\/despre-calatoriile-viitoare\/","title":{"rendered":"C\u0103l\u0103torii viitoare"},"content":{"rendered":"<div data-elementor-type=\"wp-page\" data-elementor-id=\"6419\" class=\"elementor elementor-6419\" data-elementor-post-type=\"page\">\n\t\t\t\t<div class=\"elementor-element elementor-element-3ffffdf e-flex e-con-boxed e-con e-parent\" data-id=\"3ffffdf\" data-element_type=\"container\" data-e-type=\"container\">\n\t\t\t\t\t<div class=\"e-con-inner\">\n\t\t\t\t<div class=\"elementor-element elementor-element-505f07d elementor-widget elementor-widget-heading\" data-id=\"505f07d\" data-element_type=\"widget\" data-e-type=\"widget\" data-widget_type=\"heading.default\">\n\t\t\t\t<div class=\"elementor-widget-container\">\n\t\t\t\t\t<h1 class=\"elementor-heading-title elementor-size-default\">C\u0102L\u0102TORII CU SCOP<\/h1>\t\t\t\t<\/div>\n\t\t\t\t<\/div>\n\t\t\t\t\t<\/div>\n\t\t\t\t<\/div>\n\t\t<div class=\"elementor-element elementor-element-de59fbf e-flex e-con-boxed e-con e-parent\" data-id=\"de59fbf\" data-element_type=\"container\" data-e-type=\"container\">\n\t\t\t\t\t<div class=\"e-con-inner\">\n\t\t\t\t<div class=\"elementor-element elementor-element-3f64b3b elementor-widget elementor-widget-heading\" data-id=\"3f64b3b\" data-element_type=\"widget\" data-e-type=\"widget\" data-widget_type=\"heading.default\">\n\t\t\t\t<div class=\"elementor-widget-container\">\n\t\t\t\t\t<h2 class=\"elementor-heading-title elementor-size-default\">Ce urmeaz\u0103<\/h2>\t\t\t\t<\/div>\n\t\t\t\t<\/div>\n\t\t\t\t\t<\/div>\n\t\t\t\t<\/div>\n\t\t<div class=\"elementor-element elementor-element-db13b92 e-flex e-con-boxed e-con e-parent\" data-id=\"db13b92\" data-element_type=\"container\" data-e-type=\"container\">\n\t\t\t\t\t<div class=\"e-con-inner\">\n\t\t\t\t<div class=\"elementor-element elementor-element-5c2c1dc elementor-widget elementor-widget-text-editor\" data-id=\"5c2c1dc\" data-element_type=\"widget\" data-e-type=\"widget\" data-widget_type=\"text-editor.default\">\n\t\t\t\t<div class=\"elementor-widget-container\">\n\t\t\t\t\t\t\t\t\t<p data-start=\"100\" data-end=\"482\">C\u0103l\u0103torim cu scop. Fiecare c\u0103l\u0103torie viitoare este g\u00e2ndit\u0103 atent: are o poveste, un loc ales cu grij\u0103 \u0219i oameni care privesc lumea cu aceea\u0219i curiozitate. Nu sunt simple plec\u0103ri. Sunt momente de explorare, de respiro \u0219i de a tr\u0103i pu\u021bin altfel.<\/p>\t\t\t\t\t\t\t\t<\/div>\n\t\t\t\t<\/div>\n\t\t\t\t\t<\/div>\n\t\t\t\t<\/div>\n\t\t<div class=\"elementor-element elementor-element-5b669e5 e-flex e-con-boxed e-con e-parent\" data-id=\"5b669e5\" data-element_type=\"container\" data-e-type=\"container\">\n\t\t\t\t\t<div class=\"e-con-inner\">\n\t\t<div class=\"elementor-element elementor-element-adb6ca0 e-con-full e-flex e-con e-child\" data-id=\"adb6ca0\" data-element_type=\"container\" data-e-type=\"container\">\n\t\t<div class=\"elementor-element elementor-element-b971a62 e-con-full e-flex e-con e-child\" data-id=\"b971a62\" data-element_type=\"container\" data-e-type=\"container\">\n\t\t\t\t<div class=\"elementor-element elementor-element-eb2fdff elementor-widget elementor-widget-image\" data-id=\"eb2fdff\" data-element_type=\"widget\" data-e-type=\"widget\" data-widget_type=\"image.default\">\n\t\t\t\t<div class=\"elementor-widget-container\">\n\t\t\t\t\t\t\t\t\t\t\t\t\t\t\t\t<a href=\"https:\/\/blisspire.eu\/ro\/blissjourneys-calatorii-blisspire\/despre-calatoriile-viitoare\/blissjourney-tenerife-22-26-ianuarie-2026\/\">\n\t\t\t\t\t\t\t<img fetchpriority=\"high\" decoding=\"async\" width=\"800\" height=\"800\" src=\"https:\/\/blisspire.eu\/wp-content\/uploads\/2025\/10\/Tenerife-2026_The-Art-of-a-beautiful-beginning_Page_01-1024x1024.webp\" class=\"attachment-large size-large wp-image-6431\" alt=\"BlissJourney Tenerife 16\u201322 ianuarie 2026\" srcset=\"https:\/\/blisspire.eu\/wp-content\/uploads\/2025\/10\/Tenerife-2026_The-Art-of-a-beautiful-beginning_Page_01-1024x1024.webp 1024w, https:\/\/blisspire.eu\/wp-content\/uploads\/2025\/10\/Tenerife-2026_The-Art-of-a-beautiful-beginning_Page_01-300x300.webp 300w, https:\/\/blisspire.eu\/wp-content\/uploads\/2025\/10\/Tenerife-2026_The-Art-of-a-beautiful-beginning_Page_01-150x150.webp 150w, https:\/\/blisspire.eu\/wp-content\/uploads\/2025\/10\/Tenerife-2026_The-Art-of-a-beautiful-beginning_Page_01-768x768.webp 768w, https:\/\/blisspire.eu\/wp-content\/uploads\/2025\/10\/Tenerife-2026_The-Art-of-a-beautiful-beginning_Page_01-12x12.webp 12w, https:\/\/blisspire.eu\/wp-content\/uploads\/2025\/10\/Tenerife-2026_The-Art-of-a-beautiful-beginning_Page_01.webp 1500w\" sizes=\"(max-width: 800px) 100vw, 800px\" \/>\t\t\t\t\t\t\t\t<\/a>\n\t\t\t\t\t\t\t\t\t\t\t\t\t\t\t<\/div>\n\t\t\t\t<\/div>\n\t\t\t\t<\/div>\n\t\t<div class=\"elementor-element elementor-element-7da6645 e-con-full e-flex e-con e-child\" data-id=\"7da6645\" data-element_type=\"container\" data-e-type=\"container\">\n\t\t\t\t<div class=\"elementor-element elementor-element-5c514f9 elementor-widget elementor-widget-heading\" data-id=\"5c514f9\" data-element_type=\"widget\" data-e-type=\"widget\" data-widget_type=\"heading.default\">\n\t\t\t\t<div class=\"elementor-widget-container\">\n\t\t\t\t\t<h2 class=\"elementor-heading-title elementor-size-default\"><a href=\"https:\/\/blisspire.eu\/ro\/blissjourneys-calatorii-blisspire\/despre-calatoriile-viitoare\/blissjourney-tenerife-22-26-ianuarie-2026\/\">BlissJourney Tenerife, 16-26 Ianuarie 2026\n<\/a><\/h2>\t\t\t\t<\/div>\n\t\t\t\t<\/div>\n\t\t\t\t<\/div>\n\t\t\t\t<\/div>\n\t\t\t\t\t<\/div>\n\t\t\t\t<\/div>\n\t\t\t\t<\/div>","protected":false},"excerpt":{"rendered":"<p>UPCOMING JOURNEYS What is next Each upcoming BlissJourney is carefully planned with a story behind it, a place that matters, and people who share the same curiosity for the world. [&hellip;]<\/p>\n","protected":false},"author":4,"featured_media":5692,"parent":1542,"menu_order":0,"comment_status":"closed","ping_status":"closed","template":"elementor_header_footer","meta":{"footnotes":""},"class_list":["post-6419","page","type-page","status-publish","has-post-thumbnail","hentry"],"_links":{"self":[{"href":"https:\/\/blisspire.eu\/ro\/wp-json\/wp\/v2\/pages\/6419","targetHints":{"allow":["GET"]}}],"collection":[{"href":"https:\/\/blisspire.eu\/ro\/wp-json\/wp\/v2\/pages"}],"about":[{"href":"https:\/\/blisspire.eu\/ro\/wp-json\/wp\/v2\/types\/page"}],"author":[{"embeddable":true,"href":"https:\/\/blisspire.eu\/ro\/wp-json\/wp\/v2\/users\/4"}],"replies":[{"embeddable":true,"href":"https:\/\/blisspire.eu\/ro\/wp-json\/wp\/v2\/comments?post=6419"}],"version-history":[{"count":22,"href":"https:\/\/blisspire.eu\/ro\/wp-json\/wp\/v2\/pages\/6419\/revisions"}],"predecessor-version":[{"id":6511,"href":"https:\/\/blisspire.eu\/ro\/wp-json\/wp\/v2\/pages\/6419\/revisions\/6511"}],"up":[{"embeddable":true,"href":"https:\/\/blisspire.eu\/ro\/wp-json\/wp\/v2\/pages\/1542"}],"wp:featuredmedia":[{"embeddable":true,"href":"https:\/\/blisspire.eu\/ro\/wp-json\/wp\/v2\/media\/5692"}],"wp:attachment":[{"href":"https:\/\/blisspire.eu\/ro\/wp-json\/wp\/v2\/media?parent=6419"}],"curies":[{"name":"wp","href":"https:\/\/api.w.org\/{rel}","templated":true}]}}